{"id":619,"date":"2026-04-19T06:40:02","date_gmt":"2026-04-19T06:40:02","guid":{"rendered":"http:\/\/thamishipping.test\/?page_id=619"},"modified":"2026-04-19T06:42:52","modified_gmt":"2026-04-19T06:42:52","slug":"vietnam-law","status":"publish","type":"page","link":"https:\/\/thamiship.thaiminhtech.com\/vi\/pages\/vietnam-law\/","title":{"rendered":"Lu\u1eadt Vi\u1ec7t Nam"},"content":{"rendered":"<section class=\"section\" id=\"section_333250857\">\n\t\t<div class=\"section-bg fill\" >\n\t\t\t\t\t\t\t\t\t\n\t\t\t\n\n\t\t<\/div>\n\n\t\t\n\n\t\t<div class=\"section-content relative\">\n\t\t\t\n<div class=\"row\"  id=\"row-767999241\">\n\n\t<div id=\"col-1162162290\" class=\"col cs-pb0 hide-for-medium small-12 large-12\"  >\n\t\t\t\t<div class=\"col-inner\"  >\n\t\t\t\n\t\t\t\n\n\n<div class=\"custom-breadcrumb-bar cs-text-left\"><div class=\"container\"><div class=\"custom-breadcrumb-container\"><span><span><a href=\"https:\/\/thamiship.thaiminhtech.com\/vi\/\">Trang ch\u1ee7<\/a><\/span><\/span><\/div><\/div><\/div>\n\n\t\t<\/div>\n\t\t\t\t\t<\/div>\n\n\t\n\n\t<div id=\"col-475858523\" class=\"col medium-12 small-12 large-9\"  >\n\t\t\t\t<div class=\"col-inner\"  >\n\t\t\t\n\t\t\t\n\t<div id=\"text-2492591143\" class=\"text custom-text-justify\">\n\t\t\n<p><strong>Lu\u1eadt H\u00e0ng H\u1ea3i<\/strong><\/p>\n<p>B\u1ed9 Lu\u1eadt H\u00e0ng H\u1ea3i Vi\u1ec7t Nam \u0111\u01b0\u1ee3c \u00e1p d\u1ee5ng \u0111\u1ed1i v\u1edbi nh\u1eefng quan h\u1ec7 ph\u00e1p lu\u1eadt ph\u00e1t sinh t\u1eeb c\u00e1c ho\u1ea1t \u0111\u1ed9ng li\u00ean quan \u0111\u1ebfn vi\u1ec7c s\u1eed d\u1ee5ng t\u00e0u bi\u1ec3n v\u00e0o c\u00e1c m\u1ee5c \u0111\u00edch kinh t\u1ebf, nghi\u00ean c\u1ee9u khoa h\u1ecdc &#8211; k\u1ef9 thu\u1eadt, v\u0103n h\u00f3a, th\u1ec3 thao, x\u00e3 h\u1ed9i v\u00e0 c\u00f4ng v\u1ee5 Nh\u00e0 n\u01b0\u1edbc.<\/p>\n<p>Download: luat hang hai<\/p>\n<p><strong>Lu\u1eadt Doanh Nghi\u1ec7p<\/strong><\/p>\n<p>Ng\u00e0y 26\/11\/2014, Qu\u1ed1c h\u1ed9i \u0111\u00e3 th\u00f4ng qua Lu\u1eadt Doanh nghi\u1ec7p n\u0103m 2014 (Lu\u1eadt s\u1ed1: 68\/2014\/QH13), c\u00f3 hi\u1ec7u l\u1ef1c k\u1ec3 t\u1eeb 01\/7\/2015; Lu\u1eadt n\u00e0y quy \u0111\u1ecbnh v\u1ec1 vi\u1ec7c th\u00e0nh l\u1eadp, t\u1ed5 ch\u1ee9c qu\u1ea3n l\u00fd, t\u1ed5 ch\u1ee9c l\u1ea1i, gi\u1ea3i th\u1ec3 v\u00e0 ho\u1ea1t \u0111\u1ed9ng c\u00f3 li\u00ean quan c\u1ee7a doanh nghi\u1ec7p, bao g\u1ed3m c\u00f4ng ty tr\u00e1ch nhi\u1ec7m h\u1eefu h\u1ea1n, c\u00f4ng ty c\u1ed5 ph\u1ea7n, c\u00f4ng ty h\u1ee3p danh v\u00e0 doanh nghi\u1ec7p t\u01b0 nh\u00e2n; quy \u0111\u1ecbnh v\u1ec1 nh\u00f3m c\u00f4ng ty. Ng\u00e0y 17\/6\/2020, t\u1ea1i k\u1ef3 h\u1ecdp th\u1ee9 9 Qu\u1ed1c h\u1ed9i kh\u00f3a XIV \u0111\u00e3 th\u00f4ng qua Lu\u1eadt Doanh nghi\u1ec7p 2020, c\u00f3 hi\u1ec7u l\u1ef1c thi h\u00e0nh t\u1eeb ng\u00e0y 01\/01\/2021.<\/p>\n<p>Download: luat doanh nghiep<\/p>\n<p><strong>Lu\u1eadt H\u1ea3i Quan<\/strong><\/p>\n<p>Lu\u1eadt H\u1ea3i Quan quy \u0111\u1ecbnh qu\u1ea3n l\u00fd nh\u00e0 n\u01b0\u1edbc v\u1ec1 h\u1ea3i quan \u0111\u1ed1i v\u1edbi h\u00e0ng h\u00f3a \u0111\u01b0\u1ee3c xu\u1ea5t kh\u1ea9u, nh\u1eadp kh\u1ea9u, qu\u00e1 c\u1ea3nh, ph\u01b0\u01a1ng ti\u1ec7n v\u1eadn t\u1ea3i xu\u1ea5t c\u1ea3nh, nh\u1eadp c\u1ea3nh, qu\u00e1 c\u1ea3nh c\u1ee7a t\u1ed5 ch\u1ee9c, c\u00e1 nh\u00e2n trong n\u01b0\u1edbc v\u00e0 n\u01b0\u1edbc ngo\u00e0i trong l\u00e3nh th\u1ed5 h\u1ea3i quan; v\u1ec1 t\u1ed5 ch\u1ee9c v\u00e0 ho\u1ea1t \u0111\u1ed9ng c\u1ee7a H\u1ea3i quan.<\/p>\n<p>Download: luat hai quan<\/p>\n<p><strong>Lu\u1eadt \u0110\u1ea7u T\u01b0<\/strong><\/p>\n<p>Lu\u1eadt \u0110\u1ea7u T\u01b0 quy \u0111\u1ecbnh v\u1ec1 ho\u1ea1t \u0111\u1ed9ng \u0111\u1ea7u t\u01b0 kinh doanh t\u1ea1i Vi\u1ec7t Nam v\u00e0 ho\u1ea1t \u0111\u1ed9ng \u0111\u1ea7u t\u01b0 kinh doanh t\u1eeb Vi\u1ec7t Nam ra n\u01b0\u1edbc ngo\u00e0i.<\/p>\n<p>Download: luat dau tu<\/p>\n<p><strong>Lu\u1eadt D\u00e2n S\u1ef1<\/strong><\/p>\n<p>B\u1ed9 lu\u1eadt d\u00e2n s\u1ef1 quy \u0111\u1ecbnh \u0111\u1ecba v\u1ecb ph\u00e1p l\u00fd, chu\u1ea9n m\u1ef1c ph\u00e1p l\u00fd v\u1ec1 c\u00e1ch \u1ee9ng x\u1eed c\u1ee7a c\u00e1 nh\u00e2n, ph\u00e1p nh\u00e2n; quy\u1ec1n, ngh\u0129a v\u1ee5 v\u1ec1 nh\u00e2n th\u00e2n v\u00e0 t\u00e0i s\u1ea3n c\u1ee7a c\u00e1 nh\u00e2n, ph\u00e1p nh\u00e2n trong c\u00e1c quan h\u1ec7 \u0111\u01b0\u1ee3c h\u00ecnh th\u00e0nh tr\u00ean c\u01a1 s\u1edf b\u00ecnh \u0111\u1eb3ng, t\u1ef1 do \u00fd ch\u00ed, \u0111\u1ed9c l\u1eadp v\u1ec1 t\u00e0i s\u1ea3n v\u00e0 t\u1ef1 ch\u1ecbu tr\u00e1ch nhi\u1ec7m.<\/p>\n<p>Download: luat dan su<\/p>\n<p><strong>Lu\u1eadt Giao th\u00f4ng \u0110\u01b0\u1eddng b\u1ed9<\/strong><\/p>\n<p>Lu\u1eadt Giao th\u00f4ng \u0110\u01b0\u1eddng b\u1ed9 quy \u0111\u1ecbnh quy t\u1eafc giao th\u00f4ng \u0111\u01b0\u1eddng b\u1ed9; c\u00e1c \u0111i\u1ec1u ki\u1ec7n b\u1ea3o \u0111\u1ea3m an to\u00e0n giao th\u00f4ng \u0111\u01b0\u1eddng b\u1ed9 c\u1ee7a k\u1ebft c\u1ea5u h\u1ea1 t\u1ea7ng, ph\u01b0\u01a1ng ti\u1ec7n v\u00e0 ng\u01b0\u1eddi tham gia giao th\u00f4ng \u0111\u01b0\u1eddng b\u1ed9, ho\u1ea1t \u0111\u1ed9ng v\u1eadn t\u1ea3i \u0111\u01b0\u1eddng b\u1ed9.<\/p>\n<p>Download: <a href=\"\/wp-content\/uploads\/2026\/04\/luat-giao-thong-duong-bo.pdf\">luat giao thong duong bo<\/a><\/p>\n\t\t\n<style>\n#text-2492591143 {\n  color: rgb(0,0,0);\n}\n#text-2492591143 > * {\n  color: rgb(0,0,0);\n}\n<\/style>\n\t<\/div>\n\t\n\t\t<\/div>\n\t\t\t\t\t<\/div>\n\n\t\n\n\t<div id=\"col-2095207044\" class=\"col hide-for-medium medium-3 small-12 large-3\"  >\n\t\t\t\t<div class=\"col-inner\"  >\n\t\t\t\n\t\t\t\n<div class=\"row\"  id=\"row-1645122286\">\n\n\n\t<div id=\"col-1227857067\" class=\"col small-12 large-12\"  data-animate=\"fadeInRight\">\n\t\t\t\t<div class=\"col-inner text-right\"  >\n\t\t\t\n\t\t\t\n\n\n\n<h3 id=\"cs-category\" class=\"wow fadeInRight\" data-wow-delay=\"0.1s\" style=\"visibility: visible; animation-delay: 0.1s; animation-name: fadeInRight;width: 100%; display: flex;align-items: center; border: 1px solid #ebebeb;\"><div style=\"margin-right: 10px;\"><img decoding=\"async\" src=\"\/wp-content\/uploads\/2026\/04\/newspaper.png\" alt=\"\"><\/div> <span> L\u00e0 th\u00e0nh vi\u00ean c\u1ee7a<\/span><\/h3>\n\n\t<div class=\"img has-hover x md-x lg-x y md-y lg-y\" id=\"image_488207315\">\n\t\t\t\t\t\t\t\t<div class=\"img-inner dark\" >\n\t\t\t<img loading=\"lazy\" decoding=\"async\" width=\"155\" height=\"367\" src=\"https:\/\/thamiship.thaiminhtech.com\/wp-content\/uploads\/2026\/04\/dan-len-web-2023.png\" class=\"attachment-original size-original\" alt=\"\" srcset=\"https:\/\/thamiship.thaiminhtech.com\/wp-content\/uploads\/2026\/04\/dan-len-web-2023.png 155w, https:\/\/thamiship.thaiminhtech.com\/wp-content\/uploads\/2026\/04\/dan-len-web-2023-127x300.png 127w, https:\/\/thamiship.thaiminhtech.com\/wp-content\/uploads\/2026\/04\/dan-len-web-2023-5x12.png 5w\" sizes=\"auto, (max-width: 155px) 100vw, 155px\" \/>\t\t\t\t\t\t\n\t\t\t\t\t<\/div>\n\t\t\t\t\t\t\t\t\n<style>\n#image_488207315 {\n  width: 55%;\n}\n<\/style>\n\t<\/div>\n\t\n\n\n\t\t<\/div>\n\t\t\t\t\t<\/div>\n\n\t\n\n<\/div>\n\t\t<\/div>\n\t\t\t\t\t<\/div>\n\n\t\n<\/div>\n\t\t<\/div>\n\n\t\t\n<style>\n#section_333250857 {\n  padding-top: 30px;\n  padding-bottom: 30px;\n}\n<\/style>\n\t<\/section>","protected":false},"excerpt":{"rendered":"","protected":false},"author":1,"featured_media":0,"parent":0,"menu_order":0,"comment_status":"closed","ping_status":"closed","template":"page-blank.php","meta":{"footnotes":""},"class_list":["post-619","page","type-page","status-publish","hentry"],"yoast_head":"<!-- This site is optimized with the Yoast SEO plugin v27.5 - https:\/\/yoast.com\/product\/yoast-seo-wordpress\/ -->\n<title>Vietnam Law - THAMI SHIPPING &amp; AIRFREIGHT CORP.<\/title>\n<meta name=\"robots\" content=\"noindex, follow, max-snippet:-1, max-image-preview:large, max-video-preview:-1\" \/>\n<meta property=\"og:locale\" content=\"vi_VN\" \/>\n<meta property=\"og:type\" content=\"article\" \/>\n<meta property=\"og:title\" content=\"Vietnam Law - THAMI SHIPPING &amp; AIRFREIGHT CORP.\" \/>\n<meta property=\"og:url\" content=\"https:\/\/thamiship.thaiminhtech.com\/vi\/pages\/vietnam-law\/\" \/>\n<meta property=\"og:site_name\" content=\"THAMI SHIPPING &amp; AIRFREIGHT CORP.\" \/>\n<meta property=\"article:modified_time\" content=\"2026-04-19T06:42:52+00:00\" \/>\n<meta name=\"twitter:card\" content=\"summary_large_image\" \/>\n<script type=\"application\/ld+json\" class=\"yoast-schema-graph\">{\"@context\":\"https:\\\/\\\/schema.org\",\"@graph\":[{\"@type\":\"WebPage\",\"@id\":\"https:\\\/\\\/thamiship.thaiminhtech.com\\\/vi\\\/pages\\\/vietnam-law\\\/\",\"url\":\"https:\\\/\\\/thamiship.thaiminhtech.com\\\/vi\\\/pages\\\/vietnam-law\\\/\",\"name\":\"Vietnam Law - THAMI SHIPPING &amp; AIRFREIGHT CORP.\",\"isPartOf\":{\"@id\":\"https:\\\/\\\/thamiship.thaiminhtech.com\\\/vi\\\/#website\"},\"datePublished\":\"2026-04-19T06:40:02+00:00\",\"dateModified\":\"2026-04-19T06:42:52+00:00\",\"breadcrumb\":{\"@id\":\"https:\\\/\\\/thamiship.thaiminhtech.com\\\/vi\\\/pages\\\/vietnam-law\\\/#breadcrumb\"},\"inLanguage\":\"vi\",\"potentialAction\":[{\"@type\":\"ReadAction\",\"target\":[\"https:\\\/\\\/thamiship.thaiminhtech.com\\\/vi\\\/pages\\\/vietnam-law\\\/\"]}]},{\"@type\":\"BreadcrumbList\",\"@id\":\"https:\\\/\\\/thamiship.thaiminhtech.com\\\/vi\\\/pages\\\/vietnam-law\\\/#breadcrumb\",\"itemListElement\":[{\"@type\":\"ListItem\",\"position\":1,\"name\":\"Home\",\"item\":\"https:\\\/\\\/thamiship.thaiminhtech.com\\\/\"},{\"@type\":\"ListItem\",\"position\":2,\"name\":\"Vietnam Law\"}]},{\"@type\":\"WebSite\",\"@id\":\"https:\\\/\\\/thamiship.thaiminhtech.com\\\/vi\\\/#website\",\"url\":\"https:\\\/\\\/thamiship.thaiminhtech.com\\\/vi\\\/\",\"name\":\"THAMI SHIPPING &amp; AIRFREIGHT CORP.\",\"description\":\"\",\"potentialAction\":[{\"@type\":\"SearchAction\",\"target\":{\"@type\":\"EntryPoint\",\"urlTemplate\":\"https:\\\/\\\/thamiship.thaiminhtech.com\\\/vi\\\/?s={search_term_string}\"},\"query-input\":{\"@type\":\"PropertyValueSpecification\",\"valueRequired\":true,\"valueName\":\"search_term_string\"}}],\"inLanguage\":\"vi\"}]}<\/script>\n<!-- \/ Yoast SEO plugin. -->","yoast_head_json":{"title":"Vietnam Law - THAMI SHIPPING &amp; AIRFREIGHT CORP.","robots":{"index":"noindex","follow":"follow","max-snippet":"max-snippet:-1","max-image-preview":"max-image-preview:large","max-video-preview":"max-video-preview:-1"},"og_locale":"vi_VN","og_type":"article","og_title":"Vietnam Law - THAMI SHIPPING &amp; AIRFREIGHT CORP.","og_url":"https:\/\/thamiship.thaiminhtech.com\/vi\/pages\/vietnam-law\/","og_site_name":"THAMI SHIPPING &amp; AIRFREIGHT CORP.","article_modified_time":"2026-04-19T06:42:52+00:00","twitter_card":"summary_large_image","schema":{"@context":"https:\/\/schema.org","@graph":[{"@type":"WebPage","@id":"https:\/\/thamiship.thaiminhtech.com\/vi\/pages\/vietnam-law\/","url":"https:\/\/thamiship.thaiminhtech.com\/vi\/pages\/vietnam-law\/","name":"Vietnam Law - THAMI SHIPPING &amp; AIRFREIGHT CORP.","isPartOf":{"@id":"https:\/\/thamiship.thaiminhtech.com\/vi\/#website"},"datePublished":"2026-04-19T06:40:02+00:00","dateModified":"2026-04-19T06:42:52+00:00","breadcrumb":{"@id":"https:\/\/thamiship.thaiminhtech.com\/vi\/pages\/vietnam-law\/#breadcrumb"},"inLanguage":"vi","potentialAction":[{"@type":"ReadAction","target":["https:\/\/thamiship.thaiminhtech.com\/vi\/pages\/vietnam-law\/"]}]},{"@type":"BreadcrumbList","@id":"https:\/\/thamiship.thaiminhtech.com\/vi\/pages\/vietnam-law\/#breadcrumb","itemListElement":[{"@type":"ListItem","position":1,"name":"Home","item":"https:\/\/thamiship.thaiminhtech.com\/"},{"@type":"ListItem","position":2,"name":"Vietnam Law"}]},{"@type":"WebSite","@id":"https:\/\/thamiship.thaiminhtech.com\/vi\/#website","url":"https:\/\/thamiship.thaiminhtech.com\/vi\/","name":"THAMI SHIPPING &amp; AIRFREIGHT CORP.","description":"","potentialAction":[{"@type":"SearchAction","target":{"@type":"EntryPoint","urlTemplate":"https:\/\/thamiship.thaiminhtech.com\/vi\/?s={search_term_string}"},"query-input":{"@type":"PropertyValueSpecification","valueRequired":true,"valueName":"search_term_string"}}],"inLanguage":"vi"}]}},"_links":{"self":[{"href":"https:\/\/thamiship.thaiminhtech.com\/vi\/wp-json\/wp\/v2\/pages\/619","targetHints":{"allow":["GET"]}}],"collection":[{"href":"https:\/\/thamiship.thaiminhtech.com\/vi\/wp-json\/wp\/v2\/pages"}],"about":[{"href":"https:\/\/thamiship.thaiminhtech.com\/vi\/wp-json\/wp\/v2\/types\/page"}],"author":[{"embeddable":true,"href":"https:\/\/thamiship.thaiminhtech.com\/vi\/wp-json\/wp\/v2\/users\/1"}],"replies":[{"embeddable":true,"href":"https:\/\/thamiship.thaiminhtech.com\/vi\/wp-json\/wp\/v2\/comments?post=619"}],"version-history":[{"count":3,"href":"https:\/\/thamiship.thaiminhtech.com\/vi\/wp-json\/wp\/v2\/pages\/619\/revisions"}],"predecessor-version":[{"id":623,"href":"https:\/\/thamiship.thaiminhtech.com\/vi\/wp-json\/wp\/v2\/pages\/619\/revisions\/623"}],"wp:attachment":[{"href":"https:\/\/thamiship.thaiminhtech.com\/vi\/wp-json\/wp\/v2\/media?parent=619"}],"curies":[{"name":"wp","href":"https:\/\/api.w.org\/{rel}","templated":true}]}}