{"id":585,"date":"2026-04-19T06:23:26","date_gmt":"2026-04-19T06:23:26","guid":{"rendered":"http:\/\/thamishipping.test\/?page_id=585"},"modified":"2026-04-19T06:30:34","modified_gmt":"2026-04-19T06:30:34","slug":"container-specifications","status":"publish","type":"page","link":"https:\/\/thamiship.thaiminhtech.com\/vi\/pages\/container-specifications\/","title":{"rendered":"Th\u00f4ng s\u1ed1 k\u1ef9 thu\u1eadt container"},"content":{"rendered":"<section class=\"section\" id=\"section_1657388380\">\n\t\t<div class=\"section-bg fill\" >\n\t\t\t\t\t\t\t\t\t\n\t\t\t\n\n\t\t<\/div>\n\n\t\t\n\n\t\t<div class=\"section-content relative\">\n\t\t\t\n<div class=\"row\"  id=\"row-907316253\">\n\n\t<div id=\"col-1474860866\" class=\"col cs-pb0 hide-for-medium small-12 large-12\"  >\n\t\t\t\t<div class=\"col-inner\"  >\n\t\t\t\n\t\t\t\n\n\n<div class=\"custom-breadcrumb-bar cs-text-left\"><div class=\"container\"><div class=\"custom-breadcrumb-container\"><span><span><a href=\"https:\/\/thamiship.thaiminhtech.com\/vi\/\">Trang ch\u1ee7<\/a><\/span><\/span><\/div><\/div><\/div>\n\n\t\t<\/div>\n\t\t\t\t\t<\/div>\n\n\t\n\n\t<div id=\"col-1336774352\" class=\"col medium-12 small-12 large-9\"  >\n\t\t\t\t<div class=\"col-inner\"  >\n\t\t\t\n\t\t\t\n\t<div id=\"text-1961503009\" class=\"text custom-text-justify\">\n\t\t\n<h2 style=\"text-align: center;\"><strong>Th\u00f4ng s\u1ed1 k\u1ef9 thu\u1eadt container<\/strong><\/h2>\n<p>K\u00edch th\u01b0\u1edbc hi\u1ec3n th\u1ecb b\u00ean d\u01b0\u1edbi ch\u1ec9 mang t\u00ednh ch\u1ea5t tham kh\u1ea3o v\u00ec k\u00edch th\u01b0\u1edbc container c\u1ee7a c\u00e1c h\u00e3ng v\u1eadn chuy\u1ec3n kh\u00e1c nhau c\u00f3 th\u1ec3 thay \u0111\u1ed5i \u0111\u00f4i ch\u00fat. Vui l\u00f2ng lu\u00f4n tham kh\u1ea3o c\u1eeda container b\u00ean ph\u1ea3i \u0111\u1ec3 bi\u1ebft th\u00f4ng s\u1ed1 k\u1ef9 thu\u1eadt ch\u00ednh x\u00e1c.<\/p>\n<p>\u0110\u1ec3 \u0111\u1ea3m b\u1ea3o tr\u1eadt t\u1ef1, c\u00e1c h\u00e3ng v\u1eadn chuy\u1ec3n c\u00f3 quy\u1ec1n thay th\u1ebf b\u1ea5t k\u1ef3 container n\u00e0o b\u1eb1ng container kh\u00e1c m\u00e0 kh\u00f4ng c\u1ea7n th\u00f4ng b\u00e1o tr\u01b0\u1edbc. Vui l\u00f2ng li\u00ean h\u1ec7 v\u1edbi nh\u00e2n vi\u00ean b\u00e1n h\u00e0ng ph\u1ee5 tr\u00e1ch \u0111\u1ec3 x\u00e1c nh\u1eadn th\u00f4ng s\u1ed1 k\u1ef9 thu\u1eadt y\u00eau c\u1ea7u tr\u01b0\u1edbc khi nh\u1eadn container.<\/p>\n<h2 style=\"text-align: center;\">Container h\u00e0ng kh\u00f4<\/h2>\n<p>Lo\u1ea1i container n\u00e0y d\u00f9ng cho h\u00e0ng h\u00f3a th\u00f4ng th\u01b0\u1eddng. H\u00e0ng h\u00f3a th\u00f4ng th\u01b0\u1eddng kh\u00f4ng \u0111\u01b0\u1ee3c qu\u00e1 d\u00e0i, qu\u00e1 r\u1ed9ng, qu\u00e1 cao, qu\u00e1 n\u1eb7ng ho\u1eb7c qu\u00e1 kh\u1ed5. Container \u0111\u01b0\u1ee3c l\u00e0m b\u1eb1ng th\u00e9p \u0111\u1ec3 \u0111\u1ea3m b\u1ea3o \u0111\u1ed9 ch\u1eafc ch\u1eafn v\u00e0 d\u1ec5 s\u1eeda ch\u1eefa. Container 45 feet th\u01b0\u1eddng kh\u00f4ng c\u00f3 s\u1eb5n trong t\u1ea5t c\u1ea3 c\u00e1c tuy\u1ebfn v\u1eadn t\u1ea3i m\u00e0 c\u00e1c h\u00e3ng v\u1eadn chuy\u1ec3n ho\u1ea1t \u0111\u1ed9ng.<\/p>\n\t\t\t<\/div>\n\t\n\t<div class=\"img has-hover x md-x lg-x y md-y lg-y\" id=\"image_1866499664\">\n\t\t\t\t\t\t\t\t<div class=\"img-inner dark\" >\n\t\t\t<img loading=\"lazy\" decoding=\"async\" width=\"936\" height=\"478\" src=\"https:\/\/thamiship.thaiminhtech.com\/wp-content\/uploads\/2026\/04\/dry-01.png\" class=\"attachment-original size-original\" alt=\"\" srcset=\"https:\/\/thamiship.thaiminhtech.com\/wp-content\/uploads\/2026\/04\/dry-01.png 936w, https:\/\/thamiship.thaiminhtech.com\/wp-content\/uploads\/2026\/04\/dry-01-300x153.png 300w, https:\/\/thamiship.thaiminhtech.com\/wp-content\/uploads\/2026\/04\/dry-01-768x392.png 768w, https:\/\/thamiship.thaiminhtech.com\/wp-content\/uploads\/2026\/04\/dry-01-18x9.png 18w\" sizes=\"auto, (max-width: 936px) 100vw, 936px\" \/>\t\t\t\t\t\t\n\t\t\t\t\t<\/div>\n\t\t\t\t\t\t\t\t\n<style>\n#image_1866499664 {\n  width: 100%;\n}\n<\/style>\n\t<\/div>\n\t\n\t<div class=\"img has-hover x md-x lg-x y md-y lg-y\" id=\"image_2060740542\">\n\t\t\t\t\t\t\t\t<div class=\"img-inner dark\" >\n\t\t\t<img loading=\"lazy\" decoding=\"async\" width=\"936\" height=\"487\" src=\"https:\/\/thamiship.thaiminhtech.com\/wp-content\/uploads\/2026\/04\/dry-02.png\" class=\"attachment-original size-original\" alt=\"\" srcset=\"https:\/\/thamiship.thaiminhtech.com\/wp-content\/uploads\/2026\/04\/dry-02.png 936w, https:\/\/thamiship.thaiminhtech.com\/wp-content\/uploads\/2026\/04\/dry-02-300x156.png 300w, https:\/\/thamiship.thaiminhtech.com\/wp-content\/uploads\/2026\/04\/dry-02-768x400.png 768w, https:\/\/thamiship.thaiminhtech.com\/wp-content\/uploads\/2026\/04\/dry-02-18x9.png 18w\" sizes=\"auto, (max-width: 936px) 100vw, 936px\" \/>\t\t\t\t\t\t\n\t\t\t\t\t<\/div>\n\t\t\t\t\t\t\t\t\n<style>\n#image_2060740542 {\n  width: 100%;\n}\n<\/style>\n\t<\/div>\n\t\n\t<div class=\"img has-hover x md-x lg-x y md-y lg-y\" id=\"image_6222301\">\n\t\t\t\t\t\t\t\t<div class=\"img-inner dark\" >\n\t\t\t<img loading=\"lazy\" decoding=\"async\" width=\"932\" height=\"524\" src=\"https:\/\/thamiship.thaiminhtech.com\/wp-content\/uploads\/2026\/04\/dry-03.png\" class=\"attachment-original size-original\" alt=\"\" srcset=\"https:\/\/thamiship.thaiminhtech.com\/wp-content\/uploads\/2026\/04\/dry-03.png 932w, https:\/\/thamiship.thaiminhtech.com\/wp-content\/uploads\/2026\/04\/dry-03-300x169.png 300w, https:\/\/thamiship.thaiminhtech.com\/wp-content\/uploads\/2026\/04\/dry-03-768x432.png 768w, https:\/\/thamiship.thaiminhtech.com\/wp-content\/uploads\/2026\/04\/dry-03-18x10.png 18w\" sizes=\"auto, (max-width: 932px) 100vw, 932px\" \/>\t\t\t\t\t\t\n\t\t\t\t\t<\/div>\n\t\t\t\t\t\t\t\t\n<style>\n#image_6222301 {\n  width: 100%;\n}\n<\/style>\n\t<\/div>\n\t\n\t<div class=\"img has-hover x md-x lg-x y md-y lg-y\" id=\"image_1072972356\">\n\t\t\t\t\t\t\t\t<div class=\"img-inner dark\" >\n\t\t\t<img loading=\"lazy\" decoding=\"async\" width=\"929\" height=\"554\" src=\"https:\/\/thamiship.thaiminhtech.com\/wp-content\/uploads\/2026\/04\/dry-04.png\" class=\"attachment-original size-original\" alt=\"\" srcset=\"https:\/\/thamiship.thaiminhtech.com\/wp-content\/uploads\/2026\/04\/dry-04.png 929w, https:\/\/thamiship.thaiminhtech.com\/wp-content\/uploads\/2026\/04\/dry-04-300x179.png 300w, https:\/\/thamiship.thaiminhtech.com\/wp-content\/uploads\/2026\/04\/dry-04-768x458.png 768w, https:\/\/thamiship.thaiminhtech.com\/wp-content\/uploads\/2026\/04\/dry-04-18x12.png 18w\" sizes=\"auto, (max-width: 929px) 100vw, 929px\" \/>\t\t\t\t\t\t\n\t\t\t\t\t<\/div>\n\t\t\t\t\t\t\t\t\n<style>\n#image_1072972356 {\n  width: 100%;\n}\n<\/style>\n\t<\/div>\n\t\n\t<div id=\"text-320119767\" class=\"text custom-text-justify\">\n\t\t\n<h2 style=\"text-align: center;\"><strong>Reefer containers<\/strong><\/h2>\n<p>This type of container is capable of maintaining the temperature of frozen, chilled or warm cargo. A refrigeration unit is built onto the nose of the container and power is provided by a motor generator (when container is on wheels), by terminal (when grounded in a yard) or by the ship (when laden on board).<\/p>\n<p>The most advanced reefer containers are computerized enabling highly precise temperature control. Transportation has become easier due to this type of precise control that ensures preserving the quality of foods such as meat, fish, eggs, vegetables and fruits, as well as films, plants and pharmaceuticals.<\/p>\n\t\t\t<\/div>\n\t\n\t<div class=\"img has-hover x md-x lg-x y md-y lg-y\" id=\"image_649742175\">\n\t\t\t\t\t\t\t\t<div class=\"img-inner dark\" >\n\t\t\t<img loading=\"lazy\" decoding=\"async\" width=\"930\" height=\"515\" src=\"https:\/\/thamiship.thaiminhtech.com\/wp-content\/uploads\/2026\/04\/refri-01.png\" class=\"attachment-original size-original\" alt=\"\" srcset=\"https:\/\/thamiship.thaiminhtech.com\/wp-content\/uploads\/2026\/04\/refri-01.png 930w, https:\/\/thamiship.thaiminhtech.com\/wp-content\/uploads\/2026\/04\/refri-01-300x166.png 300w, https:\/\/thamiship.thaiminhtech.com\/wp-content\/uploads\/2026\/04\/refri-01-768x425.png 768w, https:\/\/thamiship.thaiminhtech.com\/wp-content\/uploads\/2026\/04\/refri-01-18x10.png 18w\" sizes=\"auto, (max-width: 930px) 100vw, 930px\" \/>\t\t\t\t\t\t\n\t\t\t\t\t<\/div>\n\t\t\t\t\t\t\t\t\n<style>\n#image_649742175 {\n  width: 100%;\n}\n<\/style>\n\t<\/div>\n\t\n\t<div class=\"img has-hover x md-x lg-x y md-y lg-y\" id=\"image_674017677\">\n\t\t\t\t\t\t\t\t<div class=\"img-inner dark\" >\n\t\t\t<img loading=\"lazy\" decoding=\"async\" width=\"908\" height=\"427\" src=\"https:\/\/thamiship.thaiminhtech.com\/wp-content\/uploads\/2026\/04\/refri-02.png\" class=\"attachment-original size-original\" alt=\"\" srcset=\"https:\/\/thamiship.thaiminhtech.com\/wp-content\/uploads\/2026\/04\/refri-02.png 908w, https:\/\/thamiship.thaiminhtech.com\/wp-content\/uploads\/2026\/04\/refri-02-300x141.png 300w, https:\/\/thamiship.thaiminhtech.com\/wp-content\/uploads\/2026\/04\/refri-02-768x361.png 768w, https:\/\/thamiship.thaiminhtech.com\/wp-content\/uploads\/2026\/04\/refri-02-18x8.png 18w\" sizes=\"auto, (max-width: 908px) 100vw, 908px\" \/>\t\t\t\t\t\t\n\t\t\t\t\t<\/div>\n\t\t\t\t\t\t\t\t\n<style>\n#image_674017677 {\n  width: 100%;\n}\n<\/style>\n\t<\/div>\n\t\n\t<div id=\"text-2736706519\" class=\"text custom-text-justify\">\n\t\t\n<h2 style=\"text-align: center;\"><strong>Open top container<\/strong><\/h2>\n<p>Open tops do not have a solid roof; instead they are covered with a removable, weatherproof tarpaulinthat can be secured with ropes. The metal beam above the door can be opened to the right or left andcan also be dismantled from the container. Lashing rings at the inside base of the container are usedto secure and prevent shifting of cargo during movement. This type of container is suitable for over-heightand\/or lengthy cargo.<\/p>\n\t\t\t<\/div>\n\t\n\t<div class=\"img has-hover x md-x lg-x y md-y lg-y\" id=\"image_1829226690\">\n\t\t\t\t\t\t\t\t<div class=\"img-inner dark\" >\n\t\t\t<img loading=\"lazy\" decoding=\"async\" width=\"905\" height=\"396\" src=\"https:\/\/thamiship.thaiminhtech.com\/wp-content\/uploads\/2026\/04\/c007.png\" class=\"attachment-original size-original\" alt=\"\" srcset=\"https:\/\/thamiship.thaiminhtech.com\/wp-content\/uploads\/2026\/04\/c007.png 905w, https:\/\/thamiship.thaiminhtech.com\/wp-content\/uploads\/2026\/04\/c007-300x131.png 300w, https:\/\/thamiship.thaiminhtech.com\/wp-content\/uploads\/2026\/04\/c007-768x336.png 768w, https:\/\/thamiship.thaiminhtech.com\/wp-content\/uploads\/2026\/04\/c007-18x8.png 18w\" sizes=\"auto, (max-width: 905px) 100vw, 905px\" \/>\t\t\t\t\t\t\n\t\t\t\t\t<\/div>\n\t\t\t\t\t\t\t\t\n<style>\n#image_1829226690 {\n  width: 100%;\n}\n<\/style>\n\t<\/div>\n\t\n\t<div class=\"img has-hover x md-x lg-x y md-y lg-y\" id=\"image_32180510\">\n\t\t\t\t\t\t\t\t<div class=\"img-inner dark\" >\n\t\t\t<img loading=\"lazy\" decoding=\"async\" width=\"911\" height=\"402\" src=\"https:\/\/thamiship.thaiminhtech.com\/wp-content\/uploads\/2026\/04\/c008.png\" class=\"attachment-original size-original\" alt=\"\" srcset=\"https:\/\/thamiship.thaiminhtech.com\/wp-content\/uploads\/2026\/04\/c008.png 911w, https:\/\/thamiship.thaiminhtech.com\/wp-content\/uploads\/2026\/04\/c008-300x132.png 300w, https:\/\/thamiship.thaiminhtech.com\/wp-content\/uploads\/2026\/04\/c008-768x339.png 768w, https:\/\/thamiship.thaiminhtech.com\/wp-content\/uploads\/2026\/04\/c008-18x8.png 18w\" sizes=\"auto, (max-width: 911px) 100vw, 911px\" \/>\t\t\t\t\t\t\n\t\t\t\t\t<\/div>\n\t\t\t\t\t\t\t\t\n<style>\n#image_32180510 {\n  width: 100%;\n}\n<\/style>\n\t<\/div>\n\t\n\t<div class=\"img has-hover x md-x lg-x y md-y lg-y\" id=\"image_1419988798\">\n\t\t\t\t\t\t\t\t<div class=\"img-inner dark\" >\n\t\t\t<img loading=\"lazy\" decoding=\"async\" width=\"911\" height=\"392\" src=\"https:\/\/thamiship.thaiminhtech.com\/wp-content\/uploads\/2026\/04\/c009.png\" class=\"attachment-original size-original\" alt=\"\" srcset=\"https:\/\/thamiship.thaiminhtech.com\/wp-content\/uploads\/2026\/04\/c009.png 911w, https:\/\/thamiship.thaiminhtech.com\/wp-content\/uploads\/2026\/04\/c009-300x129.png 300w, https:\/\/thamiship.thaiminhtech.com\/wp-content\/uploads\/2026\/04\/c009-768x330.png 768w, https:\/\/thamiship.thaiminhtech.com\/wp-content\/uploads\/2026\/04\/c009-18x8.png 18w\" sizes=\"auto, (max-width: 911px) 100vw, 911px\" \/>\t\t\t\t\t\t\n\t\t\t\t\t<\/div>\n\t\t\t\t\t\t\t\t\n<style>\n#image_1419988798 {\n  width: 100%;\n}\n<\/style>\n\t<\/div>\n\t\n\t<div id=\"text-3241685775\" class=\"text custom-text-justify\">\n\t\t\n<h2 style=\"text-align: center;\"><strong>Flat Rack Container<\/strong><\/h2>\n<p>Flat racks are best suited for stowage of heavy lift, over-height and\/or over-width cargo. Flat racks have collapsible end frames. Lashing rings on the bottom side rails, corner posts and floor are available to enable cargo to be secure using straps or chains.<\/p>\n\t\t\t<\/div>\n\t\n\t<div class=\"img has-hover x md-x lg-x y md-y lg-y\" id=\"image_660664611\">\n\t\t\t\t\t\t\t\t<div class=\"img-inner dark\" >\n\t\t\t<img loading=\"lazy\" decoding=\"async\" width=\"899\" height=\"364\" src=\"https:\/\/thamiship.thaiminhtech.com\/wp-content\/uploads\/2026\/04\/spe-01.png\" class=\"attachment-original size-original\" alt=\"\" srcset=\"https:\/\/thamiship.thaiminhtech.com\/wp-content\/uploads\/2026\/04\/spe-01.png 899w, https:\/\/thamiship.thaiminhtech.com\/wp-content\/uploads\/2026\/04\/spe-01-300x121.png 300w, https:\/\/thamiship.thaiminhtech.com\/wp-content\/uploads\/2026\/04\/spe-01-768x311.png 768w, https:\/\/thamiship.thaiminhtech.com\/wp-content\/uploads\/2026\/04\/spe-01-18x7.png 18w\" sizes=\"auto, (max-width: 899px) 100vw, 899px\" \/>\t\t\t\t\t\t\n\t\t\t\t\t<\/div>\n\t\t\t\t\t\t\t\t\n<style>\n#image_660664611 {\n  width: 100%;\n}\n<\/style>\n\t<\/div>\n\t\n\t<div class=\"img has-hover x md-x lg-x y md-y lg-y\" id=\"image_942225943\">\n\t\t\t\t\t\t\t\t<div class=\"img-inner dark\" >\n\t\t\t<img loading=\"lazy\" decoding=\"async\" width=\"905\" height=\"418\" src=\"https:\/\/thamiship.thaiminhtech.com\/wp-content\/uploads\/2026\/04\/spe-02.png\" class=\"attachment-original size-original\" alt=\"\" srcset=\"https:\/\/thamiship.thaiminhtech.com\/wp-content\/uploads\/2026\/04\/spe-02.png 905w, https:\/\/thamiship.thaiminhtech.com\/wp-content\/uploads\/2026\/04\/spe-02-300x139.png 300w, https:\/\/thamiship.thaiminhtech.com\/wp-content\/uploads\/2026\/04\/spe-02-768x355.png 768w, https:\/\/thamiship.thaiminhtech.com\/wp-content\/uploads\/2026\/04\/spe-02-18x8.png 18w\" sizes=\"auto, (max-width: 905px) 100vw, 905px\" \/>\t\t\t\t\t\t\n\t\t\t\t\t<\/div>\n\t\t\t\t\t\t\t\t\n<style>\n#image_942225943 {\n  width: 100%;\n}\n<\/style>\n\t<\/div>\n\t\n\t<div class=\"img has-hover x md-x lg-x y md-y lg-y\" id=\"image_2030189131\">\n\t\t\t\t\t\t\t\t<div class=\"img-inner dark\" >\n\t\t\t<img loading=\"lazy\" decoding=\"async\" width=\"934\" height=\"379\" src=\"https:\/\/thamiship.thaiminhtech.com\/wp-content\/uploads\/2026\/04\/c0012.png\" class=\"attachment-original size-original\" alt=\"\" srcset=\"https:\/\/thamiship.thaiminhtech.com\/wp-content\/uploads\/2026\/04\/c0012.png 934w, https:\/\/thamiship.thaiminhtech.com\/wp-content\/uploads\/2026\/04\/c0012-300x122.png 300w, https:\/\/thamiship.thaiminhtech.com\/wp-content\/uploads\/2026\/04\/c0012-768x312.png 768w, https:\/\/thamiship.thaiminhtech.com\/wp-content\/uploads\/2026\/04\/c0012-18x7.png 18w\" sizes=\"auto, (max-width: 934px) 100vw, 934px\" \/>\t\t\t\t\t\t\n\t\t\t\t\t<\/div>\n\t\t\t\t\t\t\t\t\n<style>\n#image_2030189131 {\n  width: 100%;\n}\n<\/style>\n\t<\/div>\n\t\n\t\t<\/div>\n\t\t\t\t\t<\/div>\n\n\t\n\n\t<div id=\"col-652885345\" class=\"col hide-for-medium medium-3 small-12 large-3\"  >\n\t\t\t\t<div class=\"col-inner\"  >\n\t\t\t\n\t\t\t\n<div class=\"row\"  id=\"row-1752351416\">\n\n\n\t<div id=\"col-1906644194\" class=\"col small-12 large-12\"  data-animate=\"fadeInRight\">\n\t\t\t\t<div class=\"col-inner text-right\"  >\n\t\t\t\n\t\t\t\n\n\n\n<h3 id=\"cs-category\" class=\"wow fadeInRight\" data-wow-delay=\"0.1s\" style=\"visibility: visible; animation-delay: 0.1s; animation-name: fadeInRight;width: 100%; display: flex;align-items: center; border: 1px solid #ebebeb;\"><div style=\"margin-right: 10px;\"><img decoding=\"async\" src=\"\/wp-content\/uploads\/2026\/04\/newspaper.png\" alt=\"\"><\/div> <span> L\u00e0 th\u00e0nh vi\u00ean c\u1ee7a<\/span><\/h3>\n\n\t<div class=\"img has-hover x md-x lg-x y md-y lg-y\" id=\"image_448793293\">\n\t\t\t\t\t\t\t\t<div class=\"img-inner dark\" >\n\t\t\t<img loading=\"lazy\" decoding=\"async\" width=\"155\" height=\"367\" src=\"https:\/\/thamiship.thaiminhtech.com\/wp-content\/uploads\/2026\/04\/dan-len-web-2023.png\" class=\"attachment-original size-original\" alt=\"\" srcset=\"https:\/\/thamiship.thaiminhtech.com\/wp-content\/uploads\/2026\/04\/dan-len-web-2023.png 155w, https:\/\/thamiship.thaiminhtech.com\/wp-content\/uploads\/2026\/04\/dan-len-web-2023-127x300.png 127w, https:\/\/thamiship.thaiminhtech.com\/wp-content\/uploads\/2026\/04\/dan-len-web-2023-5x12.png 5w\" sizes=\"auto, (max-width: 155px) 100vw, 155px\" \/>\t\t\t\t\t\t\n\t\t\t\t\t<\/div>\n\t\t\t\t\t\t\t\t\n<style>\n#image_448793293 {\n  width: 55%;\n}\n<\/style>\n\t<\/div>\n\t\n\n\n\t\t<\/div>\n\t\t\t\t\t<\/div>\n\n\t\n\n<\/div>\n\t\t<\/div>\n\t\t\t\t\t<\/div>\n\n\t\n<\/div>\n\t\t<\/div>\n\n\t\t\n<style>\n#section_1657388380 {\n  padding-top: 30px;\n  padding-bottom: 30px;\n}\n<\/style>\n\t<\/section>","protected":false},"excerpt":{"rendered":"","protected":false},"author":1,"featured_media":0,"parent":0,"menu_order":0,"comment_status":"closed","ping_status":"closed","template":"page-blank.php","meta":{"footnotes":""},"class_list":["post-585","page","type-page","status-publish","hentry"],"yoast_head":"<!-- This site is optimized with the Yoast SEO plugin v27.5 - https:\/\/yoast.com\/product\/yoast-seo-wordpress\/ -->\n<title>Container specifications - THAMI SHIPPING &amp; AIRFREIGHT CORP.<\/title>\n<meta name=\"robots\" content=\"noindex, follow, max-snippet:-1, max-image-preview:large, max-video-preview:-1\" \/>\n<meta property=\"og:locale\" content=\"vi_VN\" \/>\n<meta property=\"og:type\" content=\"article\" \/>\n<meta property=\"og:title\" content=\"Container specifications - THAMI SHIPPING &amp; AIRFREIGHT CORP.\" \/>\n<meta property=\"og:url\" content=\"https:\/\/thamiship.thaiminhtech.com\/vi\/pages\/container-specifications\/\" \/>\n<meta property=\"og:site_name\" content=\"THAMI SHIPPING &amp; AIRFREIGHT CORP.\" \/>\n<meta property=\"article:modified_time\" content=\"2026-04-19T06:30:34+00:00\" \/>\n<meta name=\"twitter:card\" content=\"summary_large_image\" \/>\n<script type=\"application\/ld+json\" class=\"yoast-schema-graph\">{\"@context\":\"https:\\\/\\\/schema.org\",\"@graph\":[{\"@type\":\"WebPage\",\"@id\":\"https:\\\/\\\/thamiship.thaiminhtech.com\\\/vi\\\/pages\\\/container-specifications\\\/\",\"url\":\"https:\\\/\\\/thamiship.thaiminhtech.com\\\/vi\\\/pages\\\/container-specifications\\\/\",\"name\":\"Container specifications - THAMI SHIPPING &amp; AIRFREIGHT CORP.\",\"isPartOf\":{\"@id\":\"https:\\\/\\\/thamiship.thaiminhtech.com\\\/vi\\\/#website\"},\"datePublished\":\"2026-04-19T06:23:26+00:00\",\"dateModified\":\"2026-04-19T06:30:34+00:00\",\"breadcrumb\":{\"@id\":\"https:\\\/\\\/thamiship.thaiminhtech.com\\\/vi\\\/pages\\\/container-specifications\\\/#breadcrumb\"},\"inLanguage\":\"vi\",\"potentialAction\":[{\"@type\":\"ReadAction\",\"target\":[\"https:\\\/\\\/thamiship.thaiminhtech.com\\\/vi\\\/pages\\\/container-specifications\\\/\"]}]},{\"@type\":\"BreadcrumbList\",\"@id\":\"https:\\\/\\\/thamiship.thaiminhtech.com\\\/vi\\\/pages\\\/container-specifications\\\/#breadcrumb\",\"itemListElement\":[{\"@type\":\"ListItem\",\"position\":1,\"name\":\"Home\",\"item\":\"https:\\\/\\\/thamiship.thaiminhtech.com\\\/\"},{\"@type\":\"ListItem\",\"position\":2,\"name\":\"Container specifications\"}]},{\"@type\":\"WebSite\",\"@id\":\"https:\\\/\\\/thamiship.thaiminhtech.com\\\/vi\\\/#website\",\"url\":\"https:\\\/\\\/thamiship.thaiminhtech.com\\\/vi\\\/\",\"name\":\"THAMI SHIPPING &amp; AIRFREIGHT CORP.\",\"description\":\"\",\"potentialAction\":[{\"@type\":\"SearchAction\",\"target\":{\"@type\":\"EntryPoint\",\"urlTemplate\":\"https:\\\/\\\/thamiship.thaiminhtech.com\\\/vi\\\/?s={search_term_string}\"},\"query-input\":{\"@type\":\"PropertyValueSpecification\",\"valueRequired\":true,\"valueName\":\"search_term_string\"}}],\"inLanguage\":\"vi\"}]}<\/script>\n<!-- \/ Yoast SEO plugin. -->","yoast_head_json":{"title":"Container specifications - THAMI SHIPPING &amp; AIRFREIGHT CORP.","robots":{"index":"noindex","follow":"follow","max-snippet":"max-snippet:-1","max-image-preview":"max-image-preview:large","max-video-preview":"max-video-preview:-1"},"og_locale":"vi_VN","og_type":"article","og_title":"Container specifications - THAMI SHIPPING &amp; AIRFREIGHT CORP.","og_url":"https:\/\/thamiship.thaiminhtech.com\/vi\/pages\/container-specifications\/","og_site_name":"THAMI SHIPPING &amp; AIRFREIGHT CORP.","article_modified_time":"2026-04-19T06:30:34+00:00","twitter_card":"summary_large_image","schema":{"@context":"https:\/\/schema.org","@graph":[{"@type":"WebPage","@id":"https:\/\/thamiship.thaiminhtech.com\/vi\/pages\/container-specifications\/","url":"https:\/\/thamiship.thaiminhtech.com\/vi\/pages\/container-specifications\/","name":"Container specifications - THAMI SHIPPING &amp; AIRFREIGHT CORP.","isPartOf":{"@id":"https:\/\/thamiship.thaiminhtech.com\/vi\/#website"},"datePublished":"2026-04-19T06:23:26+00:00","dateModified":"2026-04-19T06:30:34+00:00","breadcrumb":{"@id":"https:\/\/thamiship.thaiminhtech.com\/vi\/pages\/container-specifications\/#breadcrumb"},"inLanguage":"vi","potentialAction":[{"@type":"ReadAction","target":["https:\/\/thamiship.thaiminhtech.com\/vi\/pages\/container-specifications\/"]}]},{"@type":"BreadcrumbList","@id":"https:\/\/thamiship.thaiminhtech.com\/vi\/pages\/container-specifications\/#breadcrumb","itemListElement":[{"@type":"ListItem","position":1,"name":"Home","item":"https:\/\/thamiship.thaiminhtech.com\/"},{"@type":"ListItem","position":2,"name":"Container specifications"}]},{"@type":"WebSite","@id":"https:\/\/thamiship.thaiminhtech.com\/vi\/#website","url":"https:\/\/thamiship.thaiminhtech.com\/vi\/","name":"THAMI SHIPPING &amp; AIRFREIGHT CORP.","description":"","potentialAction":[{"@type":"SearchAction","target":{"@type":"EntryPoint","urlTemplate":"https:\/\/thamiship.thaiminhtech.com\/vi\/?s={search_term_string}"},"query-input":{"@type":"PropertyValueSpecification","valueRequired":true,"valueName":"search_term_string"}}],"inLanguage":"vi"}]}},"_links":{"self":[{"href":"https:\/\/thamiship.thaiminhtech.com\/vi\/wp-json\/wp\/v2\/pages\/585","targetHints":{"allow":["GET"]}}],"collection":[{"href":"https:\/\/thamiship.thaiminhtech.com\/vi\/wp-json\/wp\/v2\/pages"}],"about":[{"href":"https:\/\/thamiship.thaiminhtech.com\/vi\/wp-json\/wp\/v2\/types\/page"}],"author":[{"embeddable":true,"href":"https:\/\/thamiship.thaiminhtech.com\/vi\/wp-json\/wp\/v2\/users\/1"}],"replies":[{"embeddable":true,"href":"https:\/\/thamiship.thaiminhtech.com\/vi\/wp-json\/wp\/v2\/comments?post=585"}],"version-history":[{"count":6,"href":"https:\/\/thamiship.thaiminhtech.com\/vi\/wp-json\/wp\/v2\/pages\/585\/revisions"}],"predecessor-version":[{"id":603,"href":"https:\/\/thamiship.thaiminhtech.com\/vi\/wp-json\/wp\/v2\/pages\/585\/revisions\/603"}],"wp:attachment":[{"href":"https:\/\/thamiship.thaiminhtech.com\/vi\/wp-json\/wp\/v2\/media?parent=585"}],"curies":[{"name":"wp","href":"https:\/\/api.w.org\/{rel}","templated":true}]}}