{"id":563,"date":"2026-04-19T06:05:43","date_gmt":"2026-04-19T06:05:43","guid":{"rendered":"http:\/\/thamishipping.test\/?page_id=563"},"modified":"2026-04-19T06:08:42","modified_gmt":"2026-04-19T06:08:42","slug":"incoterms-2010","status":"publish","type":"page","link":"https:\/\/thamiship.thaiminhtech.com\/vi\/pages\/incoterms-2010\/","title":{"rendered":"INCOTERMS 2010"},"content":{"rendered":"<section class=\"section\" id=\"section_5486763\">\n\t\t<div class=\"section-bg fill\" >\n\t\t\t\t\t\t\t\t\t\n\t\t\t\n\n\t\t<\/div>\n\n\t\t\n\n\t\t<div class=\"section-content relative\">\n\t\t\t\n<div class=\"row\"  id=\"row-1702995482\">\n\n\t<div id=\"col-167249193\" class=\"col cs-pb0 hide-for-medium small-12 large-12\"  >\n\t\t\t\t<div class=\"col-inner\"  >\n\t\t\t\n\t\t\t\n\n\n<div class=\"custom-breadcrumb-bar cs-text-left\"><div class=\"container\"><div class=\"custom-breadcrumb-container\"><span><span><a href=\"https:\/\/thamiship.thaiminhtech.com\/vi\/\">Trang ch\u1ee7<\/a><\/span><\/span><\/div><\/div><\/div>\n\n\t\t<\/div>\n\t\t\t\t\t<\/div>\n\n\t\n\n\t<div id=\"col-2090617310\" class=\"col medium-12 small-12 large-9\"  >\n\t\t\t\t<div class=\"col-inner\"  >\n\t\t\t\n\t\t\t\n\t<div class=\"img has-hover x md-x lg-x y md-y lg-y\" id=\"image_1619936413\">\n\t\t\t\t\t\t\t\t<div class=\"img-inner dark\" >\n\t\t\t<img loading=\"lazy\" decoding=\"async\" width=\"2483\" height=\"646\" src=\"https:\/\/thamiship.thaiminhtech.com\/wp-content\/uploads\/2026\/04\/banner-incoterms2010-01.jpg\" class=\"attachment-original size-original\" alt=\"\" srcset=\"https:\/\/thamiship.thaiminhtech.com\/wp-content\/uploads\/2026\/04\/banner-incoterms2010-01.jpg 2483w, https:\/\/thamiship.thaiminhtech.com\/wp-content\/uploads\/2026\/04\/banner-incoterms2010-01-300x78.jpg 300w, https:\/\/thamiship.thaiminhtech.com\/wp-content\/uploads\/2026\/04\/banner-incoterms2010-01-1024x266.jpg 1024w, https:\/\/thamiship.thaiminhtech.com\/wp-content\/uploads\/2026\/04\/banner-incoterms2010-01-768x200.jpg 768w, https:\/\/thamiship.thaiminhtech.com\/wp-content\/uploads\/2026\/04\/banner-incoterms2010-01-1536x400.jpg 1536w, https:\/\/thamiship.thaiminhtech.com\/wp-content\/uploads\/2026\/04\/banner-incoterms2010-01-2048x533.jpg 2048w, https:\/\/thamiship.thaiminhtech.com\/wp-content\/uploads\/2026\/04\/banner-incoterms2010-01-18x5.jpg 18w\" sizes=\"auto, (max-width: 2483px) 100vw, 2483px\" \/>\t\t\t\t\t\t\n\t\t\t\t\t<\/div>\n\t\t\t\t\t\t\t\t\n<style>\n#image_1619936413 {\n  width: 100%;\n}\n<\/style>\n\t<\/div>\n\t\n\t<div id=\"text-3965737010\" class=\"text custom-text-justify\">\n\t\t\n<p><strong>\u0110i\u1ec1u kho\u1ea3n ch\u1ec9 \u00e1p d\u1ee5ng cho h\u00e0ng h\u1ea3i<\/strong><\/p>\n<p>FAS (Free Alongside Ship):<\/p>\n<p>R\u1ee7i ro m\u1ea5t m\u00e1t ho\u1eb7c h\u01b0 h\u1ecfng h\u00e0ng h\u00f3a chuy\u1ec3n sang ng\u01b0\u1eddi mua khi h\u00e0ng h\u00f3a \u0111\u01b0\u1ee3c x\u1ebfp c\u1ea1nh t\u00e0u, v\u00e0 ng\u01b0\u1eddi mua ch\u1ecbu m\u1ecdi chi ph\u00ed k\u1ec3 t\u1eeb th\u1eddi \u0111i\u1ec3m \u0111\u00f3 tr\u1edf \u0111i.<br \/>FOB (Free on Board):<\/p>\n<p>R\u1ee7i ro m\u1ea5t m\u00e1t ho\u1eb7c h\u01b0 h\u1ecfng h\u00e0ng h\u00f3a chuy\u1ec3n sang ng\u01b0\u1eddi mua khi h\u00e0ng h\u00f3a \u0111\u01b0\u1ee3c x\u1ebfp l\u00ean t\u00e0u, v\u00e0 ng\u01b0\u1eddi mua ch\u1ecbu m\u1ecdi chi ph\u00ed k\u1ec3 t\u1eeb th\u1eddi \u0111i\u1ec3m \u0111\u00f3 tr\u1edf \u0111i.<br \/>CFR (Gi\u00e1 g\u1ed1c v\u00e0 c\u01b0\u1edbc ph\u00ed) \u0111\u1ebfn \u0111\u1ecba \u0111i\u1ec3m \u0111\u01b0\u1ee3c ch\u1ec9 \u0111\u1ecbnh<\/p>\n<p>R\u1ee7i ro m\u1ea5t m\u00e1t ho\u1eb7c h\u01b0 h\u1ecfng h\u00e0ng h\u00f3a chuy\u1ec3n sang khi h\u00e0ng h\u00f3a \u0111\u01b0\u1ee3c x\u1ebfp l\u00ean t\u00e0u.<br \/>Ng\u01b0\u1eddi mua ch\u1ecbu m\u1ecdi chi ph\u00ed k\u1ec3 t\u1eeb khi ng\u01b0\u1eddi b\u00e1n giao h\u00e0ng \u0111\u1ebfn \u0111\u1ecba \u0111i\u1ec3m \u0111\u00e3 \u0111\u01b0\u1ee3c ch\u1ec9 \u0111\u1ecbnh.<br \/>CIF (Gi\u00e1 th\u00e0nh, B\u1ea3o hi\u1ec3m v\u00e0 C\u01b0\u1edbc v\u1eadn chuy\u1ec3n) \u0111\u1ebfn \u0111\u1ecba \u0111i\u1ec3m \u0111\u01b0\u1ee3c ch\u1ec9 \u0111\u1ecbnh<\/p>\n<p>R\u1ee7i ro m\u1ea5t m\u00e1t ho\u1eb7c h\u01b0 h\u1ecfng h\u00e0ng h\u00f3a chuy\u1ec3n sang ng\u01b0\u1eddi mua khi h\u00e0ng h\u00f3a \u0111\u01b0\u1ee3c x\u1ebfp l\u00ean t\u00e0u, nh\u01b0ng ng\u01b0\u1eddi b\u00e1n s\u1ebd ch\u1ecbu chi ph\u00ed b\u1ea3o hi\u1ec3m cho ng\u01b0\u1eddi mua cho \u0111\u1ebfn khi h\u00e0ng h\u00f3a \u0111\u01b0\u1ee3c giao \u0111\u1ebfn \u0111\u1ecba \u0111i\u1ec3m \u0111\u00e3 ch\u1ec9 \u0111\u1ecbnh.<br \/>Ng\u01b0\u1eddi mua ch\u1ecbu m\u1ecdi chi ph\u00ed k\u1ec3 t\u1eeb khi ng\u01b0\u1eddi b\u00e1n giao h\u00e0ng \u0111\u1ebfn \u0111\u1ecba \u0111i\u1ec3m \u0111\u00e3 \u0111\u01b0\u1ee3c ch\u1ec9 \u0111\u1ecbnh.<\/p>\n<p><strong>T\u1ea5t c\u1ea3 c\u00e1c ph\u01b0\u01a1ng th\u1ee9c v\u1eadn t\u1ea3i<\/strong><\/p>\n<p>EXW (Ex Works)<\/p>\n<p>R\u1ee7i ro m\u1ea5t m\u00e1t ho\u1eb7c h\u01b0 h\u1ecfng h\u00e0ng h\u00f3a chuy\u1ec3n sang ng\u01b0\u1eddi mua khi h\u00e0ng h\u00f3a \u0111\u01b0\u1ee3c thu h\u1ed3i t\u1eeb c\u01a1 s\u1edf c\u1ee7a ng\u01b0\u1eddi b\u00e1n, v\u00e0 ng\u01b0\u1eddi mua ch\u1ecbu m\u1ecdi chi ph\u00ed k\u1ec3 t\u1eeb th\u1eddi \u0111i\u1ec3m \u0111\u00f3 tr\u1edf \u0111i.<br \/>FCA (Ng\u01b0\u1eddi v\u1eadn chuy\u1ec3n mi\u1ec5n ph\u00ed) \u0111\u1ebfn m\u1ed9t \u0111\u1ecba \u0111i\u1ec3m \u0111\u01b0\u1ee3c ch\u1ec9 \u0111\u1ecbnh<\/p>\n<p>R\u1ee7i ro m\u1ea5t m\u00e1t ho\u1eb7c h\u01b0 h\u1ecfng h\u00e0ng h\u00f3a chuy\u1ec3n sang ng\u01b0\u1eddi mua khi ng\u01b0\u1eddi b\u00e1n giao h\u00e0ng \u0111\u1ebfn \u0111\u1ecba \u0111i\u1ec3m \u0111\u01b0\u1ee3c ch\u1ec9 \u0111\u1ecbnh, v\u00e0 ng\u01b0\u1eddi mua ch\u1ecbu m\u1ecdi chi ph\u00ed k\u1ec3 t\u1eeb th\u1eddi \u0111i\u1ec3m \u0111\u00f3 tr\u1edf \u0111i; tuy nhi\u00ean, ng\u01b0\u1eddi b\u00e1n ph\u1ea3i lo li\u1ec7u th\u1ee7 t\u1ee5c xu\u1ea5t kh\u1ea9u n\u1ebfu c\u00f3.<br \/>CIP (Carriage &amp; Insurance Paid) to a named carrier\/place<\/p>\n<p>R\u1ee7i ro m\u1ea5t m\u00e1t ho\u1eb7c h\u01b0 h\u1ecfng h\u00e0ng h\u00f3a chuy\u1ec3n sang ng\u01b0\u1eddi mua khi h\u00e0ng h\u00f3a \u0111\u01b0\u1ee3c giao cho ng\u01b0\u1eddi v\u1eadn chuy\u1ec3n \u0111\u01b0\u1ee3c ch\u1ec9 \u0111\u1ecbnh, nh\u01b0ng ng\u01b0\u1eddi b\u00e1n s\u1ebd ch\u1ecbu chi ph\u00ed b\u1ea3o hi\u1ec3m cho ng\u01b0\u1eddi mua cho \u0111\u1ebfn khi h\u00e0ng h\u00f3a \u0111\u01b0\u1ee3c giao \u0111\u1ebfn \u0111\u1ecba \u0111i\u1ec3m \u0111\u01b0\u1ee3c ch\u1ec9 \u0111\u1ecbnh.<br \/>Ng\u01b0\u1eddi mua ch\u1ecbu m\u1ecdi chi ph\u00ed k\u1ec3 t\u1eeb khi ng\u01b0\u1eddi b\u00e1n giao h\u00e0ng \u0111\u1ebfn \u0111\u1ecba \u0111i\u1ec3m \u0111\u00e3 \u0111\u01b0\u1ee3c ch\u1ec9 \u0111\u1ecbnh.<br \/>CPT (Carriage Paid To) g\u1eedi \u0111\u1ebfn ng\u01b0\u1eddi v\u1eadn chuy\u1ec3n\/\u0111\u1ecba \u0111i\u1ec3m \u0111\u01b0\u1ee3c ch\u1ec9 \u0111\u1ecbnh<\/p>\n<p>R\u1ee7i ro m\u1ea5t m\u00e1t ho\u1eb7c h\u01b0 h\u1ecfng h\u00e0ng h\u00f3a chuy\u1ec3n sang ng\u01b0\u1eddi mua khi h\u00e0ng h\u00f3a \u0111\u01b0\u1ee3c giao cho ng\u01b0\u1eddi v\u1eadn chuy\u1ec3n \u0111\u01b0\u1ee3c ch\u1ec9 \u0111\u1ecbnh, nh\u01b0ng ng\u01b0\u1eddi mua ph\u1ea3i ch\u1ecbu m\u1ecdi chi ph\u00ed sau khi ng\u01b0\u1eddi v\u1eadn chuy\u1ec3n \u0111\u00e3 giao h\u00e0ng \u0111\u1ebfn \u0111\u1ecba \u0111i\u1ec3m \u0111\u01b0\u1ee3c ch\u1ec9 \u0111\u1ecbnh.<br \/>DAP (Giao h\u00e0ng t\u1ea1i \u0111\u1ecba \u0111i\u1ec3m) \u0111\u1ebfn m\u1ed9t \u0111\u1ecba \u0111i\u1ec3m \u0111\u01b0\u1ee3c ch\u1ec9 \u0111\u1ecbnh<\/p>\n<p>R\u1ee7i ro m\u1ea5t m\u00e1t ho\u1eb7c h\u01b0 h\u1ecfng h\u00e0ng h\u00f3a s\u1ebd chuy\u1ec3n sang ng\u01b0\u1eddi mua k\u1ec3 t\u1eeb khi h\u00e0ng h\u00f3a \u0111\u01b0\u1ee3c giao \u0111\u1ebfn \u0111\u1ecba \u0111i\u1ec3m \u0111\u00e3 ch\u1ec9 \u0111\u1ecbnh, v\u00e0 ng\u01b0\u1eddi mua ch\u1ecbu m\u1ecdi chi ph\u00ed ph\u00e1t sinh t\u1eeb \u0111\u1ecba \u0111i\u1ec3m \u0111\u00f3 tr\u1edf \u0111i.<br \/>DAT (Delivered at Terminal) to a named terminal<\/p>\n<p>R\u1ee7i ro m\u1ea5t m\u00e1t ho\u1eb7c h\u01b0 h\u1ecfng h\u00e0ng h\u00f3a s\u1ebd chuy\u1ec3n giao ngay khi h\u00e0ng h\u00f3a \u0111\u01b0\u1ee3c \u0111\u01b0a \u0111\u1ebfn kho b\u00e3i n\u00f3i tr\u00ean.<br \/>DDP (Giao h\u00e0ng \u0111\u00e3 thanh to\u00e1n thu\u1ebf)<\/p>\n<p>R\u1ee7i ro m\u1ea5t m\u00e1t ho\u1eb7c h\u01b0 h\u1ecfng h\u00e0ng h\u00f3a chuy\u1ec3n sang ng\u01b0\u1eddi mua ngay khi ng\u01b0\u1eddi mua nh\u1eadn \u0111\u01b0\u1ee3c s\u1ea3n ph\u1ea9m, v\u00e0 ng\u01b0\u1eddi b\u00e1n ch\u1ecbu m\u1ecdi chi ph\u00ed cho \u0111\u1ebfn khi h\u00e0ng h\u00f3a \u0111\u01b0\u1ee3c giao cho ng\u01b0\u1eddi mua.<\/p>\n\t\t\t<\/div>\n\t\n\t<div class=\"img has-hover x md-x lg-x y md-y lg-y\" id=\"image_299768694\">\n\t\t\t\t\t\t\t\t<div class=\"img-inner dark\" >\n\t\t\t<img loading=\"lazy\" decoding=\"async\" width=\"1650\" height=\"1315\" src=\"https:\/\/thamiship.thaiminhtech.com\/wp-content\/uploads\/2026\/04\/incoterms-2010.jpg\" class=\"attachment-original size-original\" alt=\"\" srcset=\"https:\/\/thamiship.thaiminhtech.com\/wp-content\/uploads\/2026\/04\/incoterms-2010.jpg 1650w, https:\/\/thamiship.thaiminhtech.com\/wp-content\/uploads\/2026\/04\/incoterms-2010-300x239.jpg 300w, https:\/\/thamiship.thaiminhtech.com\/wp-content\/uploads\/2026\/04\/incoterms-2010-1024x816.jpg 1024w, https:\/\/thamiship.thaiminhtech.com\/wp-content\/uploads\/2026\/04\/incoterms-2010-768x612.jpg 768w, https:\/\/thamiship.thaiminhtech.com\/wp-content\/uploads\/2026\/04\/incoterms-2010-1536x1224.jpg 1536w, https:\/\/thamiship.thaiminhtech.com\/wp-content\/uploads\/2026\/04\/incoterms-2010-15x12.jpg 15w\" sizes=\"auto, (max-width: 1650px) 100vw, 1650px\" \/>\t\t\t\t\t\t\n\t\t\t\t\t<\/div>\n\t\t\t\t\t\t\t\t\n<style>\n#image_299768694 {\n  width: 100%;\n}\n<\/style>\n\t<\/div>\n\t\n\t\t<\/div>\n\t\t\t\t\t<\/div>\n\n\t\n\n\t<div id=\"col-885785384\" class=\"col hide-for-medium medium-3 small-12 large-3\"  >\n\t\t\t\t<div class=\"col-inner\"  >\n\t\t\t\n\t\t\t\n<div class=\"row\"  id=\"row-1892441247\">\n\n\n\t<div id=\"col-2143328899\" class=\"col small-12 large-12\"  data-animate=\"fadeInRight\">\n\t\t\t\t<div class=\"col-inner text-right\"  >\n\t\t\t\n\t\t\t\n\n\n\n<h3 id=\"cs-category\" class=\"wow fadeInRight\" data-wow-delay=\"0.1s\" style=\"visibility: visible; animation-delay: 0.1s; animation-name: fadeInRight;width: 100%; display: flex;align-items: center; border: 1px solid #ebebeb;\"><div style=\"margin-right: 10px;\"><img decoding=\"async\" src=\"\/wp-content\/uploads\/2026\/04\/newspaper.png\" alt=\"\"><\/div> <span> L\u00e0 th\u00e0nh vi\u00ean c\u1ee7a<\/span><\/h3>\n\n\t<div class=\"img has-hover x md-x lg-x y md-y lg-y\" id=\"image_1478750267\">\n\t\t\t\t\t\t\t\t<div class=\"img-inner dark\" >\n\t\t\t<img loading=\"lazy\" decoding=\"async\" width=\"155\" height=\"367\" src=\"https:\/\/thamiship.thaiminhtech.com\/wp-content\/uploads\/2026\/04\/dan-len-web-2023.png\" class=\"attachment-original size-original\" alt=\"\" srcset=\"https:\/\/thamiship.thaiminhtech.com\/wp-content\/uploads\/2026\/04\/dan-len-web-2023.png 155w, https:\/\/thamiship.thaiminhtech.com\/wp-content\/uploads\/2026\/04\/dan-len-web-2023-127x300.png 127w, https:\/\/thamiship.thaiminhtech.com\/wp-content\/uploads\/2026\/04\/dan-len-web-2023-5x12.png 5w\" sizes=\"auto, (max-width: 155px) 100vw, 155px\" \/>\t\t\t\t\t\t\n\t\t\t\t\t<\/div>\n\t\t\t\t\t\t\t\t\n<style>\n#image_1478750267 {\n  width: 55%;\n}\n<\/style>\n\t<\/div>\n\t\n\n\n\t\t<\/div>\n\t\t\t\t\t<\/div>\n\n\t\n\n<\/div>\n\t\t<\/div>\n\t\t\t\t\t<\/div>\n\n\t\n<\/div>\n\t\t<\/div>\n\n\t\t\n<style>\n#section_5486763 {\n  padding-top: 30px;\n  padding-bottom: 30px;\n}\n<\/style>\n\t<\/section>","protected":false},"excerpt":{"rendered":"","protected":false},"author":1,"featured_media":0,"parent":0,"menu_order":0,"comment_status":"closed","ping_status":"closed","template":"page-blank.php","meta":{"footnotes":""},"class_list":["post-563","page","type-page","status-publish","hentry"],"yoast_head":"<!-- This site is optimized with the Yoast SEO plugin v27.5 - https:\/\/yoast.com\/product\/yoast-seo-wordpress\/ -->\n<title>INCOTERMS 2010 - THAMI SHIPPING &amp; AIRFREIGHT CORP.<\/title>\n<meta name=\"robots\" content=\"noindex, follow, max-snippet:-1, max-image-preview:large, max-video-preview:-1\" \/>\n<meta property=\"og:locale\" content=\"vi_VN\" \/>\n<meta property=\"og:type\" content=\"article\" \/>\n<meta property=\"og:title\" content=\"INCOTERMS 2010 - THAMI SHIPPING &amp; AIRFREIGHT CORP.\" \/>\n<meta property=\"og:url\" content=\"https:\/\/thamiship.thaiminhtech.com\/vi\/pages\/incoterms-2010\/\" \/>\n<meta property=\"og:site_name\" content=\"THAMI SHIPPING &amp; AIRFREIGHT CORP.\" \/>\n<meta property=\"article:modified_time\" content=\"2026-04-19T06:08:42+00:00\" \/>\n<meta name=\"twitter:card\" content=\"summary_large_image\" \/>\n<script type=\"application\/ld+json\" class=\"yoast-schema-graph\">{\"@context\":\"https:\\\/\\\/schema.org\",\"@graph\":[{\"@type\":\"WebPage\",\"@id\":\"https:\\\/\\\/thamiship.thaiminhtech.com\\\/vi\\\/pages\\\/incoterms-2010\\\/\",\"url\":\"https:\\\/\\\/thamiship.thaiminhtech.com\\\/vi\\\/pages\\\/incoterms-2010\\\/\",\"name\":\"INCOTERMS 2010 - THAMI SHIPPING &amp; AIRFREIGHT CORP.\",\"isPartOf\":{\"@id\":\"https:\\\/\\\/thamiship.thaiminhtech.com\\\/vi\\\/#website\"},\"datePublished\":\"2026-04-19T06:05:43+00:00\",\"dateModified\":\"2026-04-19T06:08:42+00:00\",\"breadcrumb\":{\"@id\":\"https:\\\/\\\/thamiship.thaiminhtech.com\\\/vi\\\/pages\\\/incoterms-2010\\\/#breadcrumb\"},\"inLanguage\":\"vi\",\"potentialAction\":[{\"@type\":\"ReadAction\",\"target\":[\"https:\\\/\\\/thamiship.thaiminhtech.com\\\/vi\\\/pages\\\/incoterms-2010\\\/\"]}]},{\"@type\":\"BreadcrumbList\",\"@id\":\"https:\\\/\\\/thamiship.thaiminhtech.com\\\/vi\\\/pages\\\/incoterms-2010\\\/#breadcrumb\",\"itemListElement\":[{\"@type\":\"ListItem\",\"position\":1,\"name\":\"Home\",\"item\":\"https:\\\/\\\/thamiship.thaiminhtech.com\\\/\"},{\"@type\":\"ListItem\",\"position\":2,\"name\":\"INCOTERMS 2010\"}]},{\"@type\":\"WebSite\",\"@id\":\"https:\\\/\\\/thamiship.thaiminhtech.com\\\/vi\\\/#website\",\"url\":\"https:\\\/\\\/thamiship.thaiminhtech.com\\\/vi\\\/\",\"name\":\"THAMI SHIPPING &amp; AIRFREIGHT CORP.\",\"description\":\"\",\"potentialAction\":[{\"@type\":\"SearchAction\",\"target\":{\"@type\":\"EntryPoint\",\"urlTemplate\":\"https:\\\/\\\/thamiship.thaiminhtech.com\\\/vi\\\/?s={search_term_string}\"},\"query-input\":{\"@type\":\"PropertyValueSpecification\",\"valueRequired\":true,\"valueName\":\"search_term_string\"}}],\"inLanguage\":\"vi\"}]}<\/script>\n<!-- \/ Yoast SEO plugin. -->","yoast_head_json":{"title":"INCOTERMS 2010 - THAMI SHIPPING &amp; AIRFREIGHT CORP.","robots":{"index":"noindex","follow":"follow","max-snippet":"max-snippet:-1","max-image-preview":"max-image-preview:large","max-video-preview":"max-video-preview:-1"},"og_locale":"vi_VN","og_type":"article","og_title":"INCOTERMS 2010 - THAMI SHIPPING &amp; AIRFREIGHT CORP.","og_url":"https:\/\/thamiship.thaiminhtech.com\/vi\/pages\/incoterms-2010\/","og_site_name":"THAMI SHIPPING &amp; AIRFREIGHT CORP.","article_modified_time":"2026-04-19T06:08:42+00:00","twitter_card":"summary_large_image","schema":{"@context":"https:\/\/schema.org","@graph":[{"@type":"WebPage","@id":"https:\/\/thamiship.thaiminhtech.com\/vi\/pages\/incoterms-2010\/","url":"https:\/\/thamiship.thaiminhtech.com\/vi\/pages\/incoterms-2010\/","name":"INCOTERMS 2010 - THAMI SHIPPING &amp; AIRFREIGHT CORP.","isPartOf":{"@id":"https:\/\/thamiship.thaiminhtech.com\/vi\/#website"},"datePublished":"2026-04-19T06:05:43+00:00","dateModified":"2026-04-19T06:08:42+00:00","breadcrumb":{"@id":"https:\/\/thamiship.thaiminhtech.com\/vi\/pages\/incoterms-2010\/#breadcrumb"},"inLanguage":"vi","potentialAction":[{"@type":"ReadAction","target":["https:\/\/thamiship.thaiminhtech.com\/vi\/pages\/incoterms-2010\/"]}]},{"@type":"BreadcrumbList","@id":"https:\/\/thamiship.thaiminhtech.com\/vi\/pages\/incoterms-2010\/#breadcrumb","itemListElement":[{"@type":"ListItem","position":1,"name":"Home","item":"https:\/\/thamiship.thaiminhtech.com\/"},{"@type":"ListItem","position":2,"name":"INCOTERMS 2010"}]},{"@type":"WebSite","@id":"https:\/\/thamiship.thaiminhtech.com\/vi\/#website","url":"https:\/\/thamiship.thaiminhtech.com\/vi\/","name":"THAMI SHIPPING &amp; AIRFREIGHT CORP.","description":"","potentialAction":[{"@type":"SearchAction","target":{"@type":"EntryPoint","urlTemplate":"https:\/\/thamiship.thaiminhtech.com\/vi\/?s={search_term_string}"},"query-input":{"@type":"PropertyValueSpecification","valueRequired":true,"valueName":"search_term_string"}}],"inLanguage":"vi"}]}},"_links":{"self":[{"href":"https:\/\/thamiship.thaiminhtech.com\/vi\/wp-json\/wp\/v2\/pages\/563","targetHints":{"allow":["GET"]}}],"collection":[{"href":"https:\/\/thamiship.thaiminhtech.com\/vi\/wp-json\/wp\/v2\/pages"}],"about":[{"href":"https:\/\/thamiship.thaiminhtech.com\/vi\/wp-json\/wp\/v2\/types\/page"}],"author":[{"embeddable":true,"href":"https:\/\/thamiship.thaiminhtech.com\/vi\/wp-json\/wp\/v2\/users\/1"}],"replies":[{"embeddable":true,"href":"https:\/\/thamiship.thaiminhtech.com\/vi\/wp-json\/wp\/v2\/comments?post=563"}],"version-history":[{"count":3,"href":"https:\/\/thamiship.thaiminhtech.com\/vi\/wp-json\/wp\/v2\/pages\/563\/revisions"}],"predecessor-version":[{"id":568,"href":"https:\/\/thamiship.thaiminhtech.com\/vi\/wp-json\/wp\/v2\/pages\/563\/revisions\/568"}],"wp:attachment":[{"href":"https:\/\/thamiship.thaiminhtech.com\/vi\/wp-json\/wp\/v2\/media?parent=563"}],"curies":[{"name":"wp","href":"https:\/\/api.w.org\/{rel}","templated":true}]}}