{"id":542,"date":"2026-04-18T17:52:25","date_gmt":"2026-04-18T17:52:25","guid":{"rendered":"http:\/\/thamishipping.test\/?page_id=542"},"modified":"2026-04-19T06:47:34","modified_gmt":"2026-04-19T06:47:34","slug":"shipping-agent","status":"publish","type":"page","link":"https:\/\/thamiship.thaiminhtech.com\/vi\/pages\/shipping-agent\/","title":{"rendered":"\u0110\u1ea1i l\u00fd v\u1eadn t\u1ea3i"},"content":{"rendered":"<section class=\"section\" id=\"section_723298423\">\n\t\t<div class=\"section-bg fill\" >\n\t\t\t\t\t\t\t\t\t\n\t\t\t\n\n\t\t<\/div>\n\n\t\t\n\n\t\t<div class=\"section-content relative\">\n\t\t\t\n<div class=\"row\"  id=\"row-298000289\">\n\n\t<div id=\"col-1519934016\" class=\"col cs-pb0 hide-for-medium small-12 large-12\"  >\n\t\t\t\t<div class=\"col-inner\"  >\n\t\t\t\n\t\t\t\n\n\n<div class=\"custom-breadcrumb-bar cs-text-left\"><div class=\"container\"><div class=\"custom-breadcrumb-container\"><span><span><a href=\"https:\/\/thamiship.thaiminhtech.com\/vi\/\">Trang ch\u1ee7<\/a><\/span><\/span><\/div><\/div><\/div>\n\n\t\t<\/div>\n\t\t\t\t\t<\/div>\n\n\t\n\n\t<div id=\"col-1299755499\" class=\"col medium-12 small-12 large-9\"  >\n\t\t\t\t<div class=\"col-inner\"  >\n\t\t\t\n\t\t\t\n\t<div id=\"text-1232130250\" class=\"text custom-text-justify\">\n\t\t\n<p><strong class=\"cs-text-primary-3\">\u0110\u1ea0I L\u00dd V\u1eacN CHUY\u1ec2N<\/strong><\/p>\n<p>Ch\u00fang t\u00f4i c\u00f3 \u0111\u1ee7 n\u0103ng l\u1ef1c h\u1ee3p t\u00e1c v\u1edbi t\u01b0 c\u00e1ch l\u00e0 \u0111\u1ea1i l\u00fd Vi\u1ec7t Nam cho c\u00e1c h\u00e3ng v\u1eadn t\u1ea3i bi\u1ec3n, NVOCC v\u00e0 c\u00e1c c\u00f4ng ty giao nh\u1eadn v\u1eadn t\u1ea3i tr\u00ean to\u00e0n th\u1ebf gi\u1edbi. V\u1edbi \u0111\u1ed9i ng\u0169 nh\u00e2n vi\u00ean gi\u00e0u kinh nghi\u1ec7m, h\u1ec7 th\u1ed1ng chi nh\u00e1nh v\u00e0 c\u01a1 s\u1edf v\u1eadt ch\u1ea5t hi\u1ec7n \u0111\u1ea1i, ch\u00fang t\u00f4i cam k\u1ebft th\u1ef1c hi\u1ec7n v\u00e0 theo s\u00e1t m\u1ecdi y\u00eau c\u1ea7u v\u00e0 ch\u1ec9 \u0111\u1ea1o c\u1ee7a c\u00e1c \u0111\u1ed1i t\u00e1c n\u01b0\u1edbc ngo\u00e0i.<\/p>\n<p style=\"text-align: center;\"><strong class=\"cs-text-primary-3\">D\u1ecaCH V\u1ee4 \u0110\u1ea0I L\u00dd CHUY\u00caN NGHI\u1ec6P T\u1ea0I VI\u1ec6T NAM<\/strong><\/p>\n\t\t\n<style>\n#text-1232130250 {\n  color: #131313;\n}\n#text-1232130250 > * {\n  color: #131313;\n}\n<\/style>\n\t<\/div>\n\t\n\t<div class=\"img has-hover x md-x lg-x y md-y lg-y\" id=\"image_1167758848\">\n\t\t\t\t\t\t\t\t<div class=\"img-inner dark\" >\n\t\t\t<img loading=\"lazy\" decoding=\"async\" width=\"2560\" height=\"1871\" src=\"https:\/\/thamiship.thaiminhtech.com\/wp-content\/uploads\/2026\/04\/240-scaled.jpg\" class=\"attachment-original size-original\" alt=\"\" srcset=\"https:\/\/thamiship.thaiminhtech.com\/wp-content\/uploads\/2026\/04\/240-scaled.jpg 2560w, https:\/\/thamiship.thaiminhtech.com\/wp-content\/uploads\/2026\/04\/240-300x219.jpg 300w, https:\/\/thamiship.thaiminhtech.com\/wp-content\/uploads\/2026\/04\/240-1024x748.jpg 1024w, https:\/\/thamiship.thaiminhtech.com\/wp-content\/uploads\/2026\/04\/240-768x561.jpg 768w, https:\/\/thamiship.thaiminhtech.com\/wp-content\/uploads\/2026\/04\/240-1536x1122.jpg 1536w, https:\/\/thamiship.thaiminhtech.com\/wp-content\/uploads\/2026\/04\/240-2048x1496.jpg 2048w, https:\/\/thamiship.thaiminhtech.com\/wp-content\/uploads\/2026\/04\/240-16x12.jpg 16w\" sizes=\"auto, (max-width: 2560px) 100vw, 2560px\" \/>\t\t\t\t\t\t\n\t\t\t\t\t<\/div>\n\t\t\t\t\t\t\t\t\n<style>\n#image_1167758848 {\n  width: 100%;\n}\n<\/style>\n\t<\/div>\n\t\n\t\t<\/div>\n\t\t\t\t\t<\/div>\n\n\t\n\n\t<div id=\"col-701670358\" class=\"col hide-for-medium medium-3 small-12 large-3\"  >\n\t\t\t\t<div class=\"col-inner\"  >\n\t\t\t\n\t\t\t\n<div class=\"row\"  id=\"row-1088204782\">\n\n\n\t<div id=\"col-960971767\" class=\"col small-12 large-12\"  data-animate=\"fadeInRight\">\n\t\t\t\t<div class=\"col-inner text-right\"  >\n\t\t\t\n\t\t\t\n\n\n\n<h3 id=\"cs-category\" class=\"wow fadeInRight\" data-wow-delay=\"0.1s\" style=\"visibility: visible; animation-delay: 0.1s; animation-name: fadeInRight;width: 100%; display: flex;align-items: center; border: 1px solid #ebebeb;\"><div style=\"margin-right: 10px;\"><img decoding=\"async\" src=\"\/wp-content\/uploads\/2026\/04\/newspaper.png\" alt=\"\"><\/div> <span> L\u00e0 th\u00e0nh vi\u00ean c\u1ee7a<\/span><\/h3>\n\n\t<div class=\"img has-hover x md-x lg-x y md-y lg-y\" id=\"image_421298475\">\n\t\t\t\t\t\t\t\t<div class=\"img-inner dark\" >\n\t\t\t<img loading=\"lazy\" decoding=\"async\" width=\"155\" height=\"367\" src=\"https:\/\/thamiship.thaiminhtech.com\/wp-content\/uploads\/2026\/04\/dan-len-web-2023.png\" class=\"attachment-original size-original\" alt=\"\" srcset=\"https:\/\/thamiship.thaiminhtech.com\/wp-content\/uploads\/2026\/04\/dan-len-web-2023.png 155w, https:\/\/thamiship.thaiminhtech.com\/wp-content\/uploads\/2026\/04\/dan-len-web-2023-127x300.png 127w, https:\/\/thamiship.thaiminhtech.com\/wp-content\/uploads\/2026\/04\/dan-len-web-2023-5x12.png 5w\" sizes=\"auto, (max-width: 155px) 100vw, 155px\" \/>\t\t\t\t\t\t\n\t\t\t\t\t<\/div>\n\t\t\t\t\t\t\t\t\n<style>\n#image_421298475 {\n  width: 55%;\n}\n<\/style>\n\t<\/div>\n\t\n\n\n\t\t<\/div>\n\t\t\t\t\t<\/div>\n\n\t\n\n<\/div>\n\t\t<\/div>\n\t\t\t\t\t<\/div>\n\n\t\n<\/div>\n\t\t<\/div>\n\n\t\t\n<style>\n#section_723298423 {\n  padding-top: 30px;\n  padding-bottom: 30px;\n}\n<\/style>\n\t<\/section>","protected":false},"excerpt":{"rendered":"","protected":false},"author":1,"featured_media":0,"parent":0,"menu_order":0,"comment_status":"closed","ping_status":"closed","template":"page-blank.php","meta":{"footnotes":""},"class_list":["post-542","page","type-page","status-publish","hentry"],"yoast_head":"<!-- This site is optimized with the Yoast SEO plugin v27.5 - https:\/\/yoast.com\/product\/yoast-seo-wordpress\/ -->\n<title>Shipping Agent - THAMI SHIPPING &amp; AIRFREIGHT CORP.<\/title>\n<meta name=\"robots\" content=\"noindex, follow, max-snippet:-1, max-image-preview:large, max-video-preview:-1\" \/>\n<meta property=\"og:locale\" content=\"vi_VN\" \/>\n<meta property=\"og:type\" content=\"article\" \/>\n<meta property=\"og:title\" content=\"Shipping Agent - THAMI SHIPPING &amp; AIRFREIGHT CORP.\" \/>\n<meta property=\"og:url\" content=\"https:\/\/thamiship.thaiminhtech.com\/vi\/pages\/shipping-agent\/\" \/>\n<meta property=\"og:site_name\" content=\"THAMI SHIPPING &amp; AIRFREIGHT CORP.\" \/>\n<meta property=\"article:modified_time\" content=\"2026-04-19T06:47:34+00:00\" \/>\n<meta name=\"twitter:card\" content=\"summary_large_image\" \/>\n<script type=\"application\/ld+json\" class=\"yoast-schema-graph\">{\"@context\":\"https:\\\/\\\/schema.org\",\"@graph\":[{\"@type\":\"WebPage\",\"@id\":\"https:\\\/\\\/thamiship.thaiminhtech.com\\\/vi\\\/pages\\\/shipping-agent\\\/\",\"url\":\"https:\\\/\\\/thamiship.thaiminhtech.com\\\/vi\\\/pages\\\/shipping-agent\\\/\",\"name\":\"Shipping Agent - THAMI SHIPPING &amp; AIRFREIGHT CORP.\",\"isPartOf\":{\"@id\":\"https:\\\/\\\/thamiship.thaiminhtech.com\\\/vi\\\/#website\"},\"datePublished\":\"2026-04-18T17:52:25+00:00\",\"dateModified\":\"2026-04-19T06:47:34+00:00\",\"breadcrumb\":{\"@id\":\"https:\\\/\\\/thamiship.thaiminhtech.com\\\/vi\\\/pages\\\/shipping-agent\\\/#breadcrumb\"},\"inLanguage\":\"vi\",\"potentialAction\":[{\"@type\":\"ReadAction\",\"target\":[\"https:\\\/\\\/thamiship.thaiminhtech.com\\\/vi\\\/pages\\\/shipping-agent\\\/\"]}]},{\"@type\":\"BreadcrumbList\",\"@id\":\"https:\\\/\\\/thamiship.thaiminhtech.com\\\/vi\\\/pages\\\/shipping-agent\\\/#breadcrumb\",\"itemListElement\":[{\"@type\":\"ListItem\",\"position\":1,\"name\":\"Home\",\"item\":\"https:\\\/\\\/thamiship.thaiminhtech.com\\\/\"},{\"@type\":\"ListItem\",\"position\":2,\"name\":\"Shipping Agent\"}]},{\"@type\":\"WebSite\",\"@id\":\"https:\\\/\\\/thamiship.thaiminhtech.com\\\/vi\\\/#website\",\"url\":\"https:\\\/\\\/thamiship.thaiminhtech.com\\\/vi\\\/\",\"name\":\"THAMI SHIPPING &amp; AIRFREIGHT CORP.\",\"description\":\"\",\"potentialAction\":[{\"@type\":\"SearchAction\",\"target\":{\"@type\":\"EntryPoint\",\"urlTemplate\":\"https:\\\/\\\/thamiship.thaiminhtech.com\\\/vi\\\/?s={search_term_string}\"},\"query-input\":{\"@type\":\"PropertyValueSpecification\",\"valueRequired\":true,\"valueName\":\"search_term_string\"}}],\"inLanguage\":\"vi\"}]}<\/script>\n<!-- \/ Yoast SEO plugin. -->","yoast_head_json":{"title":"Shipping Agent - THAMI SHIPPING &amp; AIRFREIGHT CORP.","robots":{"index":"noindex","follow":"follow","max-snippet":"max-snippet:-1","max-image-preview":"max-image-preview:large","max-video-preview":"max-video-preview:-1"},"og_locale":"vi_VN","og_type":"article","og_title":"Shipping Agent - THAMI SHIPPING &amp; AIRFREIGHT CORP.","og_url":"https:\/\/thamiship.thaiminhtech.com\/vi\/pages\/shipping-agent\/","og_site_name":"THAMI SHIPPING &amp; AIRFREIGHT CORP.","article_modified_time":"2026-04-19T06:47:34+00:00","twitter_card":"summary_large_image","schema":{"@context":"https:\/\/schema.org","@graph":[{"@type":"WebPage","@id":"https:\/\/thamiship.thaiminhtech.com\/vi\/pages\/shipping-agent\/","url":"https:\/\/thamiship.thaiminhtech.com\/vi\/pages\/shipping-agent\/","name":"Shipping Agent - THAMI SHIPPING &amp; AIRFREIGHT CORP.","isPartOf":{"@id":"https:\/\/thamiship.thaiminhtech.com\/vi\/#website"},"datePublished":"2026-04-18T17:52:25+00:00","dateModified":"2026-04-19T06:47:34+00:00","breadcrumb":{"@id":"https:\/\/thamiship.thaiminhtech.com\/vi\/pages\/shipping-agent\/#breadcrumb"},"inLanguage":"vi","potentialAction":[{"@type":"ReadAction","target":["https:\/\/thamiship.thaiminhtech.com\/vi\/pages\/shipping-agent\/"]}]},{"@type":"BreadcrumbList","@id":"https:\/\/thamiship.thaiminhtech.com\/vi\/pages\/shipping-agent\/#breadcrumb","itemListElement":[{"@type":"ListItem","position":1,"name":"Home","item":"https:\/\/thamiship.thaiminhtech.com\/"},{"@type":"ListItem","position":2,"name":"Shipping Agent"}]},{"@type":"WebSite","@id":"https:\/\/thamiship.thaiminhtech.com\/vi\/#website","url":"https:\/\/thamiship.thaiminhtech.com\/vi\/","name":"THAMI SHIPPING &amp; AIRFREIGHT CORP.","description":"","potentialAction":[{"@type":"SearchAction","target":{"@type":"EntryPoint","urlTemplate":"https:\/\/thamiship.thaiminhtech.com\/vi\/?s={search_term_string}"},"query-input":{"@type":"PropertyValueSpecification","valueRequired":true,"valueName":"search_term_string"}}],"inLanguage":"vi"}]}},"_links":{"self":[{"href":"https:\/\/thamiship.thaiminhtech.com\/vi\/wp-json\/wp\/v2\/pages\/542","targetHints":{"allow":["GET"]}}],"collection":[{"href":"https:\/\/thamiship.thaiminhtech.com\/vi\/wp-json\/wp\/v2\/pages"}],"about":[{"href":"https:\/\/thamiship.thaiminhtech.com\/vi\/wp-json\/wp\/v2\/types\/page"}],"author":[{"embeddable":true,"href":"https:\/\/thamiship.thaiminhtech.com\/vi\/wp-json\/wp\/v2\/users\/1"}],"replies":[{"embeddable":true,"href":"https:\/\/thamiship.thaiminhtech.com\/vi\/wp-json\/wp\/v2\/comments?post=542"}],"version-history":[{"count":4,"href":"https:\/\/thamiship.thaiminhtech.com\/vi\/wp-json\/wp\/v2\/pages\/542\/revisions"}],"predecessor-version":[{"id":633,"href":"https:\/\/thamiship.thaiminhtech.com\/vi\/wp-json\/wp\/v2\/pages\/542\/revisions\/633"}],"wp:attachment":[{"href":"https:\/\/thamiship.thaiminhtech.com\/vi\/wp-json\/wp\/v2\/media?parent=542"}],"curies":[{"name":"wp","href":"https:\/\/api.w.org\/{rel}","templated":true}]}}