{"id":531,"date":"2026-04-18T17:46:11","date_gmt":"2026-04-18T17:46:11","guid":{"rendered":"http:\/\/thamishipping.test\/?page_id=531"},"modified":"2026-04-19T06:46:56","modified_gmt":"2026-04-19T06:46:56","slug":"master-consolidation","status":"publish","type":"page","link":"https:\/\/thamiship.thaiminhtech.com\/vi\/pages\/master-consolidation\/","title":{"rendered":"Danh m\u1ee5c ch\u00ednh"},"content":{"rendered":"<section class=\"section\" id=\"section_358659969\">\n\t\t<div class=\"section-bg fill\" >\n\t\t\t\t\t\t\t\t\t\n\t\t\t\n\n\t\t<\/div>\n\n\t\t\n\n\t\t<div class=\"section-content relative\">\n\t\t\t\n<div class=\"row\"  id=\"row-1713179439\">\n\n\t<div id=\"col-125750127\" class=\"col cs-pb0 hide-for-medium small-12 large-12\"  >\n\t\t\t\t<div class=\"col-inner\"  >\n\t\t\t\n\t\t\t\n\n\n<div class=\"custom-breadcrumb-bar cs-text-left\"><div class=\"container\"><div class=\"custom-breadcrumb-container\"><span><span><a href=\"https:\/\/thamiship.thaiminhtech.com\/vi\/\">Trang ch\u1ee7<\/a><\/span><\/span><\/div><\/div><\/div>\n\n\t\t<\/div>\n\t\t\t\t\t<\/div>\n\n\t\n\n\t<div id=\"col-650773105\" class=\"col medium-12 small-12 large-9\"  >\n\t\t\t\t<div class=\"col-inner\"  >\n\t\t\t\n\t\t\t\n\t<div id=\"text-4017621311\" class=\"text custom-text-justify\">\n\t\t\n<p><strong class=\"cs-text-primary-3\">H\u1ee3p nh\u1ea5t h\u00e0ng h\u00f3a ch\u00ednh (LCL)<\/strong><\/p>\n<p>TMC t\u1ef1 h\u00e0o \u0111\u01b0\u1ee3c x\u1ebfp h\u1ea1ng l\u00e0 \u0111\u01a1n v\u1ecb gom h\u00e0ng (h\u00e0ng l\u1ebb) h\u00e0ng \u0111\u1ea7u t\u1ea1i Vi\u1ec7t Nam, cung c\u1ea5p d\u1ecbch v\u1ee5 gom h\u00e0ng t\u1eeb 3 c\u1ea3ng ch\u00ednh c\u1ee7a Vi\u1ec7t Nam (Th\u00e0nh ph\u1ed1 H\u1ed3 Ch\u00ed Minh, H\u1ea3i Ph\u00f2ng, \u0110\u00e0 N\u1eb5ng) \u0111\u1ebfn t\u1ea5t c\u1ea3 c\u00e1c c\u1ea3ng ch\u00ednh \u1edf ch\u00e2u \u00c1 (Nh\u1eadt B\u1ea3n, H\u00e0n Qu\u1ed1c, Trung Qu\u1ed1c, H\u1ed3ng K\u00f4ng, Singapore, \u0110\u00e0i Loan, Indonesia, Philippines, \u1ea4n \u0110\u1ed9, Bangladesh, Sri Lanka, Pakistan, UAE, v.v.), ch\u00e2u \u00c2u (\u0110\u1ee9c, H\u00e0 Lan, Anh, Ph\u00e1p, \u00dd, T\u00e2y Ban Nha, v.v.), \u00dac, M\u1ef9 v\u00e0 ng\u01b0\u1ee3c l\u1ea1i.<\/p>\n<p>V\u1edbi s\u1ef1 am hi\u1ec3u s\u00e2u s\u1eafc v\u1ec1 khu v\u1ef1c \u0111\u1ecba ph\u01b0\u01a1ng, \u0111\u1ed9i ng\u0169 nh\u00e2n vi\u00ean gi\u00e0u kinh nghi\u1ec7m v\u00e0 m\u1ea1ng l\u01b0\u1edbi \u0111\u1ea1i l\u00fd qu\u1ed1c t\u1ebf m\u1ea1nh m\u1ebd, ch\u00fang t\u00f4i cung c\u1ea5p d\u1ecbch v\u1ee5 v\u1eadn chuy\u1ec3n h\u00e0ng l\u1ebb (LCL) to\u00e0n di\u1ec7n \u0111\u1ec3 \u0111\u00e1p \u1ee9ng m\u1ecdi y\u00eau c\u1ea7u c\u1ee7a kh\u00e1ch h\u00e0ng m\u1ed9t c\u00e1ch \u0111\u00e1ng tin c\u1eady, linh ho\u1ea1t v\u00e0 hi\u1ec7u qu\u1ea3 nh\u1ea5t.<\/p>\n<p style=\"text-align: center;\"><strong class=\"cs-text-primary-3\">\u0110\u1ed1i t\u00e1c \u0111\u00e1ng tin c\u1eady cho v\u1eadn chuy\u1ec3n h\u00e0ng l\u1ebb (LCL) t\u1eeb Vi\u1ec7t Nam \u0111i kh\u1eafp th\u1ebf gi\u1edbi v\u00e0 ng\u01b0\u1ee3c l\u1ea1i.<\/strong><\/p>\n\t\t\n<style>\n#text-4017621311 {\n  color: #131313;\n}\n#text-4017621311 > * {\n  color: #131313;\n}\n<\/style>\n\t<\/div>\n\t\n\t<div class=\"img has-hover x md-x lg-x y md-y lg-y\" id=\"image_38716200\">\n\t\t\t\t\t\t\t\t<div class=\"img-inner dark\" >\n\t\t\t<img loading=\"lazy\" decoding=\"async\" width=\"912\" height=\"456\" src=\"https:\/\/thamiship.thaiminhtech.com\/wp-content\/uploads\/2026\/04\/international-freight-shipping-to-japan.jpg\" class=\"attachment-original size-original\" alt=\"\" srcset=\"https:\/\/thamiship.thaiminhtech.com\/wp-content\/uploads\/2026\/04\/international-freight-shipping-to-japan.jpg 912w, https:\/\/thamiship.thaiminhtech.com\/wp-content\/uploads\/2026\/04\/international-freight-shipping-to-japan-300x150.jpg 300w, https:\/\/thamiship.thaiminhtech.com\/wp-content\/uploads\/2026\/04\/international-freight-shipping-to-japan-768x384.jpg 768w, https:\/\/thamiship.thaiminhtech.com\/wp-content\/uploads\/2026\/04\/international-freight-shipping-to-japan-18x9.jpg 18w\" sizes=\"auto, (max-width: 912px) 100vw, 912px\" \/>\t\t\t\t\t\t\n\t\t\t\t\t<\/div>\n\t\t\t\t\t\t\t\t\n<style>\n#image_38716200 {\n  width: 100%;\n}\n<\/style>\n\t<\/div>\n\t\n\t\t<\/div>\n\t\t\t\t\t<\/div>\n\n\t\n\n\t<div id=\"col-1721988431\" class=\"col hide-for-medium medium-3 small-12 large-3\"  >\n\t\t\t\t<div class=\"col-inner\"  >\n\t\t\t\n\t\t\t\n<div class=\"row\"  id=\"row-181031848\">\n\n\n\t<div id=\"col-877105477\" class=\"col small-12 large-12\"  data-animate=\"fadeInRight\">\n\t\t\t\t<div class=\"col-inner text-right\"  >\n\t\t\t\n\t\t\t\n\n\n\n<h3 id=\"cs-category\" class=\"wow fadeInRight\" data-wow-delay=\"0.1s\" style=\"visibility: visible; animation-delay: 0.1s; animation-name: fadeInRight;width: 100%; display: flex;align-items: center; border: 1px solid #ebebeb;\"><div style=\"margin-right: 10px;\"><img decoding=\"async\" src=\"\/wp-content\/uploads\/2026\/04\/newspaper.png\" alt=\"\"><\/div> <span> L\u00e0 th\u00e0nh vi\u00ean c\u1ee7a<\/span><\/h3>\n\n\t<div class=\"img has-hover x md-x lg-x y md-y lg-y\" id=\"image_1822047032\">\n\t\t\t\t\t\t\t\t<div class=\"img-inner dark\" >\n\t\t\t<img loading=\"lazy\" decoding=\"async\" width=\"155\" height=\"367\" src=\"https:\/\/thamiship.thaiminhtech.com\/wp-content\/uploads\/2026\/04\/dan-len-web-2023.png\" class=\"attachment-original size-original\" alt=\"\" srcset=\"https:\/\/thamiship.thaiminhtech.com\/wp-content\/uploads\/2026\/04\/dan-len-web-2023.png 155w, https:\/\/thamiship.thaiminhtech.com\/wp-content\/uploads\/2026\/04\/dan-len-web-2023-127x300.png 127w, https:\/\/thamiship.thaiminhtech.com\/wp-content\/uploads\/2026\/04\/dan-len-web-2023-5x12.png 5w\" sizes=\"auto, (max-width: 155px) 100vw, 155px\" \/>\t\t\t\t\t\t\n\t\t\t\t\t<\/div>\n\t\t\t\t\t\t\t\t\n<style>\n#image_1822047032 {\n  width: 55%;\n}\n<\/style>\n\t<\/div>\n\t\n\n\n\t\t<\/div>\n\t\t\t\t\t<\/div>\n\n\t\n\n<\/div>\n\t\t<\/div>\n\t\t\t\t\t<\/div>\n\n\t\n<\/div>\n\t\t<\/div>\n\n\t\t\n<style>\n#section_358659969 {\n  padding-top: 30px;\n  padding-bottom: 30px;\n}\n<\/style>\n\t<\/section>","protected":false},"excerpt":{"rendered":"","protected":false},"author":1,"featured_media":0,"parent":0,"menu_order":0,"comment_status":"closed","ping_status":"closed","template":"page-blank.php","meta":{"footnotes":""},"class_list":["post-531","page","type-page","status-publish","hentry"],"yoast_head":"<!-- This site is optimized with the Yoast SEO plugin v27.5 - https:\/\/yoast.com\/product\/yoast-seo-wordpress\/ -->\n<title>Master Consolidation - THAMI SHIPPING &amp; AIRFREIGHT CORP.<\/title>\n<meta name=\"robots\" content=\"noindex, follow, max-snippet:-1, max-image-preview:large, max-video-preview:-1\" \/>\n<meta property=\"og:locale\" content=\"vi_VN\" \/>\n<meta property=\"og:type\" content=\"article\" \/>\n<meta property=\"og:title\" content=\"Master Consolidation - THAMI SHIPPING &amp; AIRFREIGHT CORP.\" \/>\n<meta property=\"og:url\" content=\"https:\/\/thamiship.thaiminhtech.com\/vi\/pages\/master-consolidation\/\" \/>\n<meta property=\"og:site_name\" content=\"THAMI SHIPPING &amp; AIRFREIGHT CORP.\" \/>\n<meta property=\"article:modified_time\" content=\"2026-04-19T06:46:56+00:00\" \/>\n<meta name=\"twitter:card\" content=\"summary_large_image\" \/>\n<script type=\"application\/ld+json\" class=\"yoast-schema-graph\">{\"@context\":\"https:\\\/\\\/schema.org\",\"@graph\":[{\"@type\":\"WebPage\",\"@id\":\"https:\\\/\\\/thamiship.thaiminhtech.com\\\/vi\\\/pages\\\/master-consolidation\\\/\",\"url\":\"https:\\\/\\\/thamiship.thaiminhtech.com\\\/vi\\\/pages\\\/master-consolidation\\\/\",\"name\":\"Master Consolidation - THAMI SHIPPING &amp; AIRFREIGHT CORP.\",\"isPartOf\":{\"@id\":\"https:\\\/\\\/thamiship.thaiminhtech.com\\\/vi\\\/#website\"},\"datePublished\":\"2026-04-18T17:46:11+00:00\",\"dateModified\":\"2026-04-19T06:46:56+00:00\",\"breadcrumb\":{\"@id\":\"https:\\\/\\\/thamiship.thaiminhtech.com\\\/vi\\\/pages\\\/master-consolidation\\\/#breadcrumb\"},\"inLanguage\":\"vi\",\"potentialAction\":[{\"@type\":\"ReadAction\",\"target\":[\"https:\\\/\\\/thamiship.thaiminhtech.com\\\/vi\\\/pages\\\/master-consolidation\\\/\"]}]},{\"@type\":\"BreadcrumbList\",\"@id\":\"https:\\\/\\\/thamiship.thaiminhtech.com\\\/vi\\\/pages\\\/master-consolidation\\\/#breadcrumb\",\"itemListElement\":[{\"@type\":\"ListItem\",\"position\":1,\"name\":\"Home\",\"item\":\"https:\\\/\\\/thamiship.thaiminhtech.com\\\/\"},{\"@type\":\"ListItem\",\"position\":2,\"name\":\"Master Consolidation\"}]},{\"@type\":\"WebSite\",\"@id\":\"https:\\\/\\\/thamiship.thaiminhtech.com\\\/vi\\\/#website\",\"url\":\"https:\\\/\\\/thamiship.thaiminhtech.com\\\/vi\\\/\",\"name\":\"THAMI SHIPPING &amp; AIRFREIGHT CORP.\",\"description\":\"\",\"potentialAction\":[{\"@type\":\"SearchAction\",\"target\":{\"@type\":\"EntryPoint\",\"urlTemplate\":\"https:\\\/\\\/thamiship.thaiminhtech.com\\\/vi\\\/?s={search_term_string}\"},\"query-input\":{\"@type\":\"PropertyValueSpecification\",\"valueRequired\":true,\"valueName\":\"search_term_string\"}}],\"inLanguage\":\"vi\"}]}<\/script>\n<!-- \/ Yoast SEO plugin. -->","yoast_head_json":{"title":"Master Consolidation - THAMI SHIPPING &amp; AIRFREIGHT CORP.","robots":{"index":"noindex","follow":"follow","max-snippet":"max-snippet:-1","max-image-preview":"max-image-preview:large","max-video-preview":"max-video-preview:-1"},"og_locale":"vi_VN","og_type":"article","og_title":"Master Consolidation - THAMI SHIPPING &amp; AIRFREIGHT CORP.","og_url":"https:\/\/thamiship.thaiminhtech.com\/vi\/pages\/master-consolidation\/","og_site_name":"THAMI SHIPPING &amp; AIRFREIGHT CORP.","article_modified_time":"2026-04-19T06:46:56+00:00","twitter_card":"summary_large_image","schema":{"@context":"https:\/\/schema.org","@graph":[{"@type":"WebPage","@id":"https:\/\/thamiship.thaiminhtech.com\/vi\/pages\/master-consolidation\/","url":"https:\/\/thamiship.thaiminhtech.com\/vi\/pages\/master-consolidation\/","name":"Master Consolidation - THAMI SHIPPING &amp; AIRFREIGHT CORP.","isPartOf":{"@id":"https:\/\/thamiship.thaiminhtech.com\/vi\/#website"},"datePublished":"2026-04-18T17:46:11+00:00","dateModified":"2026-04-19T06:46:56+00:00","breadcrumb":{"@id":"https:\/\/thamiship.thaiminhtech.com\/vi\/pages\/master-consolidation\/#breadcrumb"},"inLanguage":"vi","potentialAction":[{"@type":"ReadAction","target":["https:\/\/thamiship.thaiminhtech.com\/vi\/pages\/master-consolidation\/"]}]},{"@type":"BreadcrumbList","@id":"https:\/\/thamiship.thaiminhtech.com\/vi\/pages\/master-consolidation\/#breadcrumb","itemListElement":[{"@type":"ListItem","position":1,"name":"Home","item":"https:\/\/thamiship.thaiminhtech.com\/"},{"@type":"ListItem","position":2,"name":"Master Consolidation"}]},{"@type":"WebSite","@id":"https:\/\/thamiship.thaiminhtech.com\/vi\/#website","url":"https:\/\/thamiship.thaiminhtech.com\/vi\/","name":"THAMI SHIPPING &amp; AIRFREIGHT CORP.","description":"","potentialAction":[{"@type":"SearchAction","target":{"@type":"EntryPoint","urlTemplate":"https:\/\/thamiship.thaiminhtech.com\/vi\/?s={search_term_string}"},"query-input":{"@type":"PropertyValueSpecification","valueRequired":true,"valueName":"search_term_string"}}],"inLanguage":"vi"}]}},"_links":{"self":[{"href":"https:\/\/thamiship.thaiminhtech.com\/vi\/wp-json\/wp\/v2\/pages\/531","targetHints":{"allow":["GET"]}}],"collection":[{"href":"https:\/\/thamiship.thaiminhtech.com\/vi\/wp-json\/wp\/v2\/pages"}],"about":[{"href":"https:\/\/thamiship.thaiminhtech.com\/vi\/wp-json\/wp\/v2\/types\/page"}],"author":[{"embeddable":true,"href":"https:\/\/thamiship.thaiminhtech.com\/vi\/wp-json\/wp\/v2\/users\/1"}],"replies":[{"embeddable":true,"href":"https:\/\/thamiship.thaiminhtech.com\/vi\/wp-json\/wp\/v2\/comments?post=531"}],"version-history":[{"count":5,"href":"https:\/\/thamiship.thaiminhtech.com\/vi\/wp-json\/wp\/v2\/pages\/531\/revisions"}],"predecessor-version":[{"id":631,"href":"https:\/\/thamiship.thaiminhtech.com\/vi\/wp-json\/wp\/v2\/pages\/531\/revisions\/631"}],"wp:attachment":[{"href":"https:\/\/thamiship.thaiminhtech.com\/vi\/wp-json\/wp\/v2\/media?parent=531"}],"curies":[{"name":"wp","href":"https:\/\/api.w.org\/{rel}","templated":true}]}}