{"id":525,"date":"2026-04-18T17:42:25","date_gmt":"2026-04-18T17:42:25","guid":{"rendered":"http:\/\/thamishipping.test\/?page_id=525"},"modified":"2026-04-19T06:46:31","modified_gmt":"2026-04-19T06:46:31","slug":"warehousing-domestic-distribution","status":"publish","type":"page","link":"https:\/\/thamiship.thaiminhtech.com\/vi\/pages\/warehousing-domestic-distribution\/","title":{"rendered":"Kho b\u00e3i &amp; Ph\u00e2n ph\u1ed1i n\u1ed9i \u0111\u1ecba"},"content":{"rendered":"<section class=\"section\" id=\"section_1493960217\">\n\t\t<div class=\"section-bg fill\" >\n\t\t\t\t\t\t\t\t\t\n\t\t\t\n\n\t\t<\/div>\n\n\t\t\n\n\t\t<div class=\"section-content relative\">\n\t\t\t\n<div class=\"row\"  id=\"row-1901854622\">\n\n\t<div id=\"col-1081919324\" class=\"col cs-pb0 hide-for-medium small-12 large-12\"  >\n\t\t\t\t<div class=\"col-inner\"  >\n\t\t\t\n\t\t\t\n\n\n<div class=\"custom-breadcrumb-bar cs-text-left\"><div class=\"container\"><div class=\"custom-breadcrumb-container\"><span><span><a href=\"https:\/\/thamiship.thaiminhtech.com\/vi\/\">Trang ch\u1ee7<\/a><\/span><\/span><\/div><\/div><\/div>\n\n\t\t<\/div>\n\t\t\t\t\t<\/div>\n\n\t\n\n\t<div id=\"col-1381274657\" class=\"col medium-12 small-12 large-9\"  >\n\t\t\t\t<div class=\"col-inner\"  >\n\t\t\t\n\t\t\t\n\t<div id=\"text-3752745034\" class=\"text custom-text-justify\">\n\t\t\n<p><strong class=\"cs-text-primary-3\">D\u1ecaCH V\u1ee4 KHO B\u1ea2O QU\u1ea2N<\/strong><\/p>\n<p>H\u1ec7 th\u1ed1ng kho b\u00e3i c\u1ee7a ch\u00fang t\u00f4i, bao g\u1ed3m kho ngo\u1ea1i quan v\u00e0 kho th\u01b0\u1eddng, \u0111\u01b0\u1ee3c \u0111\u1eb7t t\u1ea1i c\u00e1c khu v\u1ef1c ph\u00eda B\u1eafc, Trung B\u1ed9 v\u00e0 Nam Vi\u1ec7t Nam v\u1edbi c\u01a1 s\u1edf v\u1eadt ch\u1ea5t hi\u1ec7n \u0111\u1ea1i v\u00e0 an ninh cao.<\/p>\n<p>Ch\u00fang t\u00f4i c\u00f3 th\u1ec3 qu\u1ea3n l\u00fd vi\u1ec7c l\u01b0u tr\u1eef, d\u00e1n nh\u00e3n, \u0111\u00f3ng g\u00f3i, nh\u1eadp kh\u1ea9u, xu\u1ea5t kh\u1ea9u, ki\u1ec3m k\u00ea\u2026 \u0111\u1ec3 \u0111\u00e1p \u1ee9ng m\u1ecdi nhu c\u1ea7u c\u1ee7a kh\u00e1ch h\u00e0ng trong l\u0129nh v\u1ef1c kho b\u00e3i.<\/p>\n<p><strong class=\"cs-text-primary-3\">PH\u00c2N PH\u1ed0I TRONG N\u01af\u1edaC<\/strong><\/p>\n<p>TMC l\u00e0 c\u00f4ng ty giao nh\u1eadn v\u1eadn t\u1ea3i \u0111\u1ea7u ti\u00ean t\u1ea1i Vi\u1ec7t Nam cung c\u1ea5p d\u1ecbch v\u1ee5 gom h\u00e0ng tr\u1ef1c ti\u1ebfp cho h\u00e0ng h\u00f3a n\u1ed9i \u0111\u1ecba t\u1eeb Th\u00e0nh ph\u1ed1 H\u1ed3 Ch\u00ed Minh \u0111\u1ebfn H\u1ea3i Ph\u00f2ng b\u1eb1ng \u0111\u01b0\u1eddng bi\u1ec3n.<\/p>\n<p>Ch\u00fang t\u00f4i c\u0169ng cung c\u1ea5p d\u1ecbch v\u1ee5 v\u1eadn chuy\u1ec3n n\u1ed9i \u0111\u1ecba FCL (b\u1eb1ng \u0111\u01b0\u1eddng bi\u1ec3n ho\u1eb7c \u0111\u01b0\u1eddng b\u1ed9) c\u00f9ng v\u1edbi d\u1ecbch v\u1ee5 ki\u1ec3m k\u00ea v\u00e0 giao h\u00e0ng t\u1eadn n\u01a1i.<\/p>\n<p>\u0110\u1eb7c bi\u1ec7t, ch\u00fang t\u00f4i s\u1eed d\u1ee5ng container l\u1ea1nh ri\u00eang \u0111\u1ec3 v\u1eadn chuy\u1ec3n tr\u00e1i c\u00e2y v\u00e0 h\u1ea3i s\u1ea3n h\u00e0ng tu\u1ea7n t\u1eeb c\u1ea3ng H\u1ed3 Ch\u00ed Minh \u0111\u1ebfn c\u1ea3ng H\u1ea3i Ph\u00f2ng, sau \u0111\u00f3 giao h\u00e0ng \u0111\u1ebfn bi\u00ean gi\u1edbi Vi\u1ec7t Nam - Trung Qu\u1ed1c.<\/p>\n<p>V\u1edbi h\u1ec7 th\u1ed1ng xe container v\u00e0 xe t\u1ea3i nh\u1ecf \u0111a d\u1ea1ng, k\u1ebft h\u1ee3p v\u1edbi c\u00e1c nh\u00e0 v\u1eadn chuy\u1ec3n trung chuy\u1ec3n n\u1ed9i \u0111\u1ecba l\u1edbn, TMC c\u00f3 th\u1ec3 cung c\u1ea5p d\u1ecbch v\u1ee5 ph\u00e2n ph\u1ed1i n\u1ed9i \u0111\u1ecba \u0111\u1ebfn m\u1ecdi khu v\u1ef1c t\u1ea1i Vi\u1ec7t Nam c\u0169ng nh\u01b0 t\u1eeb Vi\u1ec7t Nam sang L\u00e0o v\u00e0 Campuchia.<\/p>\n\t\t\n<style>\n#text-3752745034 {\n  color: #131313;\n}\n#text-3752745034 > * {\n  color: #131313;\n}\n<\/style>\n\t<\/div>\n\t\n\t<div class=\"img has-hover x md-x lg-x y md-y lg-y\" id=\"image_226202088\">\n\t\t\t\t\t\t\t\t<div class=\"img-inner dark\" >\n\t\t\t<img loading=\"lazy\" decoding=\"async\" width=\"2560\" height=\"1706\" src=\"https:\/\/thamiship.thaiminhtech.com\/wp-content\/uploads\/2026\/04\/xe-cont-scaled.jpg\" class=\"attachment-original size-original\" alt=\"\" srcset=\"https:\/\/thamiship.thaiminhtech.com\/wp-content\/uploads\/2026\/04\/xe-cont-scaled.jpg 2560w, https:\/\/thamiship.thaiminhtech.com\/wp-content\/uploads\/2026\/04\/xe-cont-300x200.jpg 300w, https:\/\/thamiship.thaiminhtech.com\/wp-content\/uploads\/2026\/04\/xe-cont-1024x682.jpg 1024w, https:\/\/thamiship.thaiminhtech.com\/wp-content\/uploads\/2026\/04\/xe-cont-768x512.jpg 768w, https:\/\/thamiship.thaiminhtech.com\/wp-content\/uploads\/2026\/04\/xe-cont-1536x1024.jpg 1536w, https:\/\/thamiship.thaiminhtech.com\/wp-content\/uploads\/2026\/04\/xe-cont-2048x1365.jpg 2048w, https:\/\/thamiship.thaiminhtech.com\/wp-content\/uploads\/2026\/04\/xe-cont-18x12.jpg 18w\" sizes=\"auto, (max-width: 2560px) 100vw, 2560px\" \/>\t\t\t\t\t\t\n\t\t\t\t\t<\/div>\n\t\t\t\t\t\t\t\t\n<style>\n#image_226202088 {\n  width: 100%;\n}\n<\/style>\n\t<\/div>\n\t\n\t\t<\/div>\n\t\t\t\t\t<\/div>\n\n\t\n\n\t<div id=\"col-949876831\" class=\"col hide-for-medium medium-3 small-12 large-3\"  >\n\t\t\t\t<div class=\"col-inner\"  >\n\t\t\t\n\t\t\t\n<div class=\"row\"  id=\"row-377599853\">\n\n\n\t<div id=\"col-1084581450\" class=\"col small-12 large-12\"  data-animate=\"fadeInRight\">\n\t\t\t\t<div class=\"col-inner text-right\"  >\n\t\t\t\n\t\t\t\n\n\n\n<h3 id=\"cs-category\" class=\"wow fadeInRight\" data-wow-delay=\"0.1s\" style=\"visibility: visible; animation-delay: 0.1s; animation-name: fadeInRight;width: 100%; display: flex;align-items: center; border: 1px solid #ebebeb;\"><div style=\"margin-right: 10px;\"><img decoding=\"async\" src=\"\/wp-content\/uploads\/2026\/04\/newspaper.png\" alt=\"\"><\/div> <span> L\u00e0 th\u00e0nh vi\u00ean c\u1ee7a<\/span><\/h3>\n\n\t<div class=\"img has-hover x md-x lg-x y md-y lg-y\" id=\"image_1427299700\">\n\t\t\t\t\t\t\t\t<div class=\"img-inner dark\" >\n\t\t\t<img loading=\"lazy\" decoding=\"async\" width=\"155\" height=\"367\" src=\"https:\/\/thamiship.thaiminhtech.com\/wp-content\/uploads\/2026\/04\/dan-len-web-2023.png\" class=\"attachment-original size-original\" alt=\"\" srcset=\"https:\/\/thamiship.thaiminhtech.com\/wp-content\/uploads\/2026\/04\/dan-len-web-2023.png 155w, https:\/\/thamiship.thaiminhtech.com\/wp-content\/uploads\/2026\/04\/dan-len-web-2023-127x300.png 127w, https:\/\/thamiship.thaiminhtech.com\/wp-content\/uploads\/2026\/04\/dan-len-web-2023-5x12.png 5w\" sizes=\"auto, (max-width: 155px) 100vw, 155px\" \/>\t\t\t\t\t\t\n\t\t\t\t\t<\/div>\n\t\t\t\t\t\t\t\t\n<style>\n#image_1427299700 {\n  width: 55%;\n}\n<\/style>\n\t<\/div>\n\t\n\n\n\t\t<\/div>\n\t\t\t\t\t<\/div>\n\n\t\n\n<\/div>\n\t\t<\/div>\n\t\t\t\t\t<\/div>\n\n\t\n<\/div>\n\t\t<\/div>\n\n\t\t\n<style>\n#section_1493960217 {\n  padding-top: 30px;\n  padding-bottom: 30px;\n}\n<\/style>\n\t<\/section>","protected":false},"excerpt":{"rendered":"","protected":false},"author":1,"featured_media":0,"parent":0,"menu_order":0,"comment_status":"closed","ping_status":"closed","template":"page-blank.php","meta":{"footnotes":""},"class_list":["post-525","page","type-page","status-publish","hentry"],"yoast_head":"<!-- This site is optimized with the Yoast SEO plugin v27.5 - https:\/\/yoast.com\/product\/yoast-seo-wordpress\/ -->\n<title>Warehousing &amp; Domestic Distribution - THAMI SHIPPING &amp; AIRFREIGHT CORP.<\/title>\n<meta name=\"robots\" content=\"noindex, follow, max-snippet:-1, max-image-preview:large, max-video-preview:-1\" \/>\n<meta property=\"og:locale\" content=\"vi_VN\" \/>\n<meta property=\"og:type\" content=\"article\" \/>\n<meta property=\"og:title\" content=\"Warehousing &amp; Domestic Distribution - THAMI SHIPPING &amp; AIRFREIGHT CORP.\" \/>\n<meta property=\"og:url\" content=\"https:\/\/thamiship.thaiminhtech.com\/vi\/pages\/warehousing-domestic-distribution\/\" \/>\n<meta property=\"og:site_name\" content=\"THAMI SHIPPING &amp; AIRFREIGHT CORP.\" \/>\n<meta property=\"article:modified_time\" content=\"2026-04-19T06:46:31+00:00\" \/>\n<meta name=\"twitter:card\" content=\"summary_large_image\" \/>\n<script type=\"application\/ld+json\" class=\"yoast-schema-graph\">{\"@context\":\"https:\\\/\\\/schema.org\",\"@graph\":[{\"@type\":\"WebPage\",\"@id\":\"https:\\\/\\\/thamiship.thaiminhtech.com\\\/vi\\\/pages\\\/warehousing-domestic-distribution\\\/\",\"url\":\"https:\\\/\\\/thamiship.thaiminhtech.com\\\/vi\\\/pages\\\/warehousing-domestic-distribution\\\/\",\"name\":\"Warehousing & Domestic Distribution - THAMI SHIPPING &amp; AIRFREIGHT CORP.\",\"isPartOf\":{\"@id\":\"https:\\\/\\\/thamiship.thaiminhtech.com\\\/vi\\\/#website\"},\"datePublished\":\"2026-04-18T17:42:25+00:00\",\"dateModified\":\"2026-04-19T06:46:31+00:00\",\"breadcrumb\":{\"@id\":\"https:\\\/\\\/thamiship.thaiminhtech.com\\\/vi\\\/pages\\\/warehousing-domestic-distribution\\\/#breadcrumb\"},\"inLanguage\":\"vi\",\"potentialAction\":[{\"@type\":\"ReadAction\",\"target\":[\"https:\\\/\\\/thamiship.thaiminhtech.com\\\/vi\\\/pages\\\/warehousing-domestic-distribution\\\/\"]}]},{\"@type\":\"BreadcrumbList\",\"@id\":\"https:\\\/\\\/thamiship.thaiminhtech.com\\\/vi\\\/pages\\\/warehousing-domestic-distribution\\\/#breadcrumb\",\"itemListElement\":[{\"@type\":\"ListItem\",\"position\":1,\"name\":\"Home\",\"item\":\"https:\\\/\\\/thamiship.thaiminhtech.com\\\/\"},{\"@type\":\"ListItem\",\"position\":2,\"name\":\"Warehousing &#038; Domestic Distribution\"}]},{\"@type\":\"WebSite\",\"@id\":\"https:\\\/\\\/thamiship.thaiminhtech.com\\\/vi\\\/#website\",\"url\":\"https:\\\/\\\/thamiship.thaiminhtech.com\\\/vi\\\/\",\"name\":\"THAMI SHIPPING &amp; AIRFREIGHT CORP.\",\"description\":\"\",\"potentialAction\":[{\"@type\":\"SearchAction\",\"target\":{\"@type\":\"EntryPoint\",\"urlTemplate\":\"https:\\\/\\\/thamiship.thaiminhtech.com\\\/vi\\\/?s={search_term_string}\"},\"query-input\":{\"@type\":\"PropertyValueSpecification\",\"valueRequired\":true,\"valueName\":\"search_term_string\"}}],\"inLanguage\":\"vi\"}]}<\/script>\n<!-- \/ Yoast SEO plugin. -->","yoast_head_json":{"title":"Warehousing & Domestic Distribution - THAMI SHIPPING &amp; AIRFREIGHT CORP.","robots":{"index":"noindex","follow":"follow","max-snippet":"max-snippet:-1","max-image-preview":"max-image-preview:large","max-video-preview":"max-video-preview:-1"},"og_locale":"vi_VN","og_type":"article","og_title":"Warehousing & Domestic Distribution - THAMI SHIPPING &amp; AIRFREIGHT CORP.","og_url":"https:\/\/thamiship.thaiminhtech.com\/vi\/pages\/warehousing-domestic-distribution\/","og_site_name":"THAMI SHIPPING &amp; AIRFREIGHT CORP.","article_modified_time":"2026-04-19T06:46:31+00:00","twitter_card":"summary_large_image","schema":{"@context":"https:\/\/schema.org","@graph":[{"@type":"WebPage","@id":"https:\/\/thamiship.thaiminhtech.com\/vi\/pages\/warehousing-domestic-distribution\/","url":"https:\/\/thamiship.thaiminhtech.com\/vi\/pages\/warehousing-domestic-distribution\/","name":"Warehousing & Domestic Distribution - THAMI SHIPPING &amp; AIRFREIGHT CORP.","isPartOf":{"@id":"https:\/\/thamiship.thaiminhtech.com\/vi\/#website"},"datePublished":"2026-04-18T17:42:25+00:00","dateModified":"2026-04-19T06:46:31+00:00","breadcrumb":{"@id":"https:\/\/thamiship.thaiminhtech.com\/vi\/pages\/warehousing-domestic-distribution\/#breadcrumb"},"inLanguage":"vi","potentialAction":[{"@type":"ReadAction","target":["https:\/\/thamiship.thaiminhtech.com\/vi\/pages\/warehousing-domestic-distribution\/"]}]},{"@type":"BreadcrumbList","@id":"https:\/\/thamiship.thaiminhtech.com\/vi\/pages\/warehousing-domestic-distribution\/#breadcrumb","itemListElement":[{"@type":"ListItem","position":1,"name":"Home","item":"https:\/\/thamiship.thaiminhtech.com\/"},{"@type":"ListItem","position":2,"name":"Warehousing &#038; Domestic Distribution"}]},{"@type":"WebSite","@id":"https:\/\/thamiship.thaiminhtech.com\/vi\/#website","url":"https:\/\/thamiship.thaiminhtech.com\/vi\/","name":"THAMI SHIPPING &amp; AIRFREIGHT CORP.","description":"","potentialAction":[{"@type":"SearchAction","target":{"@type":"EntryPoint","urlTemplate":"https:\/\/thamiship.thaiminhtech.com\/vi\/?s={search_term_string}"},"query-input":{"@type":"PropertyValueSpecification","valueRequired":true,"valueName":"search_term_string"}}],"inLanguage":"vi"}]}},"_links":{"self":[{"href":"https:\/\/thamiship.thaiminhtech.com\/vi\/wp-json\/wp\/v2\/pages\/525","targetHints":{"allow":["GET"]}}],"collection":[{"href":"https:\/\/thamiship.thaiminhtech.com\/vi\/wp-json\/wp\/v2\/pages"}],"about":[{"href":"https:\/\/thamiship.thaiminhtech.com\/vi\/wp-json\/wp\/v2\/types\/page"}],"author":[{"embeddable":true,"href":"https:\/\/thamiship.thaiminhtech.com\/vi\/wp-json\/wp\/v2\/users\/1"}],"replies":[{"embeddable":true,"href":"https:\/\/thamiship.thaiminhtech.com\/vi\/wp-json\/wp\/v2\/comments?post=525"}],"version-history":[{"count":4,"href":"https:\/\/thamiship.thaiminhtech.com\/vi\/wp-json\/wp\/v2\/pages\/525\/revisions"}],"predecessor-version":[{"id":630,"href":"https:\/\/thamiship.thaiminhtech.com\/vi\/wp-json\/wp\/v2\/pages\/525\/revisions\/630"}],"wp:attachment":[{"href":"https:\/\/thamiship.thaiminhtech.com\/vi\/wp-json\/wp\/v2\/media?parent=525"}],"curies":[{"name":"wp","href":"https:\/\/api.w.org\/{rel}","templated":true}]}}