{"id":495,"date":"2026-04-18T17:13:29","date_gmt":"2026-04-18T17:13:29","guid":{"rendered":"http:\/\/thamishipping.test\/?page_id=495"},"modified":"2026-04-19T06:49:09","modified_gmt":"2026-04-19T06:49:09","slug":"customer-information-privacy-policy","status":"publish","type":"page","link":"https:\/\/thamiship.thaiminhtech.com\/vi\/pages\/customer-information-privacy-policy\/","title":{"rendered":"Ch\u00ednh s\u00e1ch B\u1ea3o m\u1eadt Th\u00f4ng tin Kh\u00e1ch h\u00e0ng"},"content":{"rendered":"<section class=\"section\" id=\"section_1506576749\">\n\t\t<div class=\"section-bg fill\" >\n\t\t\t\t\t\t\t\t\t\n\t\t\t\n\n\t\t<\/div>\n\n\t\t\n\n\t\t<div class=\"section-content relative\">\n\t\t\t\n<div class=\"row\"  id=\"row-2087589586\">\n\n\t<div id=\"col-1844109730\" class=\"col cs-pb0 hide-for-medium small-12 large-12\"  >\n\t\t\t\t<div class=\"col-inner\"  >\n\t\t\t\n\t\t\t\n\n\n<div class=\"custom-breadcrumb-bar cs-text-left\"><div class=\"container\"><div class=\"custom-breadcrumb-container\"><span><span><a href=\"https:\/\/thamiship.thaiminhtech.com\/vi\/\">Trang ch\u1ee7<\/a><\/span><\/span><\/div><\/div><\/div>\n\n\t\t<\/div>\n\t\t\t\t\t<\/div>\n\n\t\n\n\t<div id=\"col-1707996033\" class=\"col medium-12 small-12 large-9\"  >\n\t\t\t\t<div class=\"col-inner\"  >\n\t\t\t\n\t\t\t\n\t<div id=\"text-3332561924\" class=\"text custom-text-justify\">\n\t\t\n<p><strong>CH\u00cdNH S\u00c1CH B\u1ea2O M\u1eacT TH\u00d4NG TIN KH\u00c1CH H\u00c0NG<\/strong><\/p>\n<p><strong>a) M\u1ee5c \u0111\u00edch thu th\u1eadp th\u00f4ng tin c\u00e1 nh\u00e2n:<\/strong> Nh\u1eb1m ph\u1ee5c v\u1ee5 cho vi\u1ec7c t\u01b0 v\u1ea5n cho kh\u00e1ch h\u00e0ng<\/p>\n<p>Thu th\u00e2\u0323p th\u00f4ng tin la\u0300 vi\u00ea\u0323c h\u00ea\u0323 th\u00f4\u0301ng cu\u0309a chu\u0301ng t\u00f4i ghi nh\u00e2\u0323n va\u0300 l\u01b0u tr\u01b0\u0303 m\u00f4\u0323t ho\u0103\u0323c nhi\u00ea\u0300u th\u00f4ng tin kha\u0301c nhau do Quy\u0301 kha\u0301ch chu\u0309 \u0111\u00f4\u0323ng cung c\u00e2\u0301p khi co\u0301 nhu c\u00e2\u0300u \u0111\u01b0\u1ee3c t\u01b0 v\u1ea5n v\u1ec1 d\u1ecbch v\u1ee5 v\u1eadn chuy\u1ec3n qu\u1ed1c t\u1ebf v\u00e0 c\u00e1c d\u1ecbch v\u1ee5 kh\u00e1c do TMC (Thamico) cung c\u1ea5p.<\/p>\n<p>Khi truy c\u1eadp v\u00e0o website v\u00e0 y\u00eau c\u1ea7u \u0111\u01b0\u1ee3c t\u01b0 v\u1ea5n v\u1ec1 d\u1ecbch v\u1ee5, kh\u00e1ch h\u00e0ng \u0111\u01b0\u1ee3c y\u00eau c\u1ea7u cung c\u00e2\u0301p cho th\u00f4ng tin ca\u0301 nh\u00e2n \u0111\u00e2\u0300y \u0111u\u0309 va\u0300 hoa\u0300n toa\u0300n chi\u0301nh xa\u0301c bao g\u00f4\u0300m ho\u0323 t\u00ean, \u0111i\u0323a chi\u0309 email, s\u1ed1 \u0111i\u1ec7n tho\u1ea1i.<br \/>Th\u00f4ng tin ca\u0301 nh\u00e2n cu\u0309a Quy\u0301 kha\u0301ch \u0111\u01b0\u01a1\u0323c thu th\u00e2\u0323p tr\u00ean c\u01a1 s\u01a1\u0309 d\u01b0\u0303 li\u00ea\u0323u ghi nh\u00e2\u0323n qua thao ta\u0301c nh\u00e2\u0323p li\u00ea\u0323u do Quy\u0301 kha\u0301ch th\u01b0\u0323c hi\u00ea\u0323n, bao g\u00f4\u0300m va\u0300 kh\u00f4ng gi\u01a1\u0301i ha\u0323n: ho\u0323 t\u00ean, \u0111i\u0323a chi\u0309 email, s\u1ed1 \u0111i\u1ec7n tho\u1ea1i, c\u00e1c ghi ch\u00fa kh\u00e1c.<br \/>Cookies v\u00e0 browser t\u1ea1i th\u1eddi \u0111i\u1ec3m truy c\u1eadp c\u1ee7a kh\u00e1ch h\u00e0ng \u0111\u01b0\u1ee3c h\u1ec7 th\u1ed1ng ghi nh\u1eadn t\u1ef1 \u0111\u1ed9ng nh\u1eb1m m\u1ee5c \u0111\u00edch h\u1ed7 tr\u1ee3 b\u1ea3o m\u1eadt th\u00f4ng tin c\u00e1 nh\u00e2n c\u1ee7a kh\u00e1ch h\u00e0ng c\u0169ng nh\u01b0 b\u1ea3o m\u1eadt h\u1ec7 th\u1ed1ng c\u1ee7a trang web<\/p>\n<p><strong>b) Ph\u1ea1m vi s\u1eed d\u1ee5ng th\u00f4ng tin:<\/strong><\/p>\n<p>Ch\u00fang t\u00f4i s\u1ebd kh\u00f4ng thu\u00ea, b\u00e1n ho\u1eb7c ti\u1ebft l\u1ed9 Th\u00f4ng tin c\u00e1 nh\u00e2n c\u1ee7a Qu\u00fd kh\u00e1ch cho b\u00ean th\u1ee9 ba kh\u00f4ng li\u00ean quan m\u00e0 kh\u00f4ng c\u00f3 s\u1ef1 \u0111\u1ed3ng \u00fd c\u1ee7a Qu\u00fd kh\u00e1ch, tr\u1eeb nh\u1eefng \u0111i\u1ec1u \u0111\u01b0\u1ee3c n\u00eau trong Chi\u0301nh sa\u0301ch b\u1ea3o v\u00ea\u0323 th\u00f4ng tin c\u00e1 nh\u00e2n ng\u01b0\u01a1\u0300i ti\u00eau du\u0300ng n\u00e0y.<br \/>Qua\u0301 tri\u0300nh thu th\u00e2\u0323p, l\u01b0u tr\u01b0\u0303 va\u0300 x\u01b0\u0309 ly\u0301 th\u00f4ng tin cu\u0309a Quy\u0301 kha\u0301ch \u0111\u01b0\u01a1\u0323c \u01b0u ti\u00ean nh\u0103\u0300m phu\u0323c vu\u0323 cho nhu c\u00e2\u0300u \u0111\u01b0\u1ee3c t\u01b0 v\u1ea5n d\u1ecbch v\u1ee5 c\u1ee7a Quy\u0301 kha\u0301ch tr\u00ean website www.thamico.com, phu\u0323c vu\u0323 cho qua\u0301 tri\u0300nh nh\u00e2n vi\u00ean kinh doanh ho\u1eb7c nh\u00e2n vi\u00ean ch\u0103m s\u00f3c kh\u00e1ch h\u00e0ng c\u1ee7a ch\u00fang t\u00f4i li\u00ean h\u1ec7 nh\u1eb1m cung c\u1ea5p c\u00e1c th\u00f4ng tin li\u00ean quan theo y\u00eau c\u1ea7u c\u1ee7a kh\u00e1ch h\u00e0ng nh\u01b0: c\u1eadp nh\u1eadt th\u00f4ng tin cho nh\u1eefng l\u00f4 h\u00e0ng \u0111\u00e3 \u0111i, t\u01b0 v\u1ea5n v\u1ec1 d\u1ecbch v\u1ee5, gi\u00e1 c\u1ea3&#8230; Ngo\u00e0i ra c\u00f2n \u0111\u1ec3 ki\u00ea\u0309m soa\u0301t vi\u00ea\u0323c ta\u0309i d\u01b0\u0303 li\u00ea\u0323u t\u01b0\u0300 trang web, nh\u00e2\u0323n di\u00ea\u0323n kha\u0301ch ha\u0300ng truy c\u00e2\u0323p va\u0300o Web, c\u1ea3i ti\u1ebfn c\u00e1c ch\u1ee9c n\u0103ng c\u1ee7a Trang Web, h\u00f4\u0303 tr\u01a1\u0323 cho nh\u01b0\u0303ng th\u00f4ng ba\u0301o ho\u0103\u0323c giao ti\u00ea\u0301p c\u00e2\u0300n thi\u00ea\u0301t.<br \/>C\u00e1c th\u00f4ng tin khuy\u1ebfn m\u00e3i ho\u1eb7c c\u00e1c tin t\u1ee9c v\u1ec1 d\u1ecbch v\u1ee5 \u0111\u01b0\u1ee3c ch\u00fang t\u00f4i cung c\u1ea5p tr\u00ean trang web s\u1ebd ch\u1ec9 \u0111\u01b0\u1ee3c g\u1eedi khi c\u00f3 s\u1ef1 \u0111\u1ed3ng \u00fd c\u1ee7a kh\u00e1ch h\u00e0ng, theo c\u00e1c th\u00f4ng tin c\u00e1 nh\u00e2n kh\u00e1ch h\u00e0ng \u0111\u00e3 cung c\u1ea5p (bao g\u1ed3m c\u1ea3 email, s\u1ed1 \u0111i\u1ec7n tho\u1ea1i, \u0111\u1ecba ch\u1ec9 v.v.)<\/p>\n<p><strong>c) Th\u1eddi gian l\u01b0u tr\u1eef th\u00f4ng tin;<\/strong><\/p>\n<p>Th\u00f4ng tin c\u00e1 nh\u00e2n c\u1ee7a kh\u00e1ch h\u00e0ng m\u00e0 ch\u00fang t\u00f4i thu th\u1eadp \u0111\u01b0\u1ee3c s\u1ebd \u0111\u01b0\u1ee3c ch\u00fang t\u00f4i l\u01b0u gi\u1eef trong kho\u1ea3ng th\u1eddi gian ph\u00f9 h\u1ee3p v\u1edbi quy \u0111\u1ecbnh c\u1ee7a ph\u00e1p lu\u1eadt ho\u1eb7c cho \u0111\u1ebfn khi c\u00e1c th\u00f4ng tin \u0111\u00f3 c\u00f2n \u0111\u00e1p \u1ee9ng \u0111\u01b0\u1ee3c m\u1ee5c \u0111\u00edch v\u00e0 ph\u1ea1m vi s\u1eed d\u1ee5ng \u0111\u01b0\u1ee3c quy \u0111\u1ecbnh t\u1ea1i \u0110i\u1ec1u Kho\u1ea3n V\u00e0 \u0110i\u1ec1u Ki\u1ec7n n\u00e0y.<\/p>\n<p><strong>d) Nh\u1eefng ng\u01b0\u1eddi ho\u1eb7c t\u1ed5 ch\u1ee9c c\u00f3 th\u1ec3 \u0111\u01b0\u1ee3c ti\u1ebfp c\u1eadn v\u1edbi th\u00f4ng tin:<\/strong><\/p>\n<p>C\u00d4NG TY C\u1ed4 PH\u1ea6N THAMI SHIPPING &amp; AIRFREIGHT (THAMI SHIPPING &amp; AIRFREIGHT CORP.)<\/p>\n<p>M\u00e3 s\u1ed1 thu\u1ebf: 0303022997<\/p>\n<p>\u0110\u1ecba ch\u1ec9: 25-25A \u0111\u01b0\u1eddng 81, ph\u01b0\u1eddng T\u00e2n Quy, Qu\u1eadn 7, th\u00e0nh ph\u1ed1 H\u1ed3 Ch\u00ed Minh, Vi\u1ec7t Nam<\/p>\n<p>\u0110i\u1ec7n tho\u1ea1i: 84.28.3775 0888 (50 lines)<\/p>\n<p>Email: info@www.thamico.com<\/p>\n<p>.<\/p>\n<p><strong>\u0111) \u0110\u1ecba ch\u1ec9 c\u1ee7a \u0111\u01a1n v\u1ecb thu th\u1eadp v\u00e0 qu\u1ea3n l\u00fd th\u00f4ng tin, bao g\u1ed3m c\u00e1ch th\u1ee9c li\u00ean l\u1ea1c \u0111\u1ec3 ng\u01b0\u1eddi ti\u00eau d\u00f9ng c\u00f3 th\u1ec3 h\u1ecfi v\u1ec1 ho\u1ea1t \u0111\u1ed9ng thu th\u1eadp, x\u1eed l\u00fd th\u00f4ng tin li\u00ean quan \u0111\u1ebfn c\u00e1 nh\u00e2n m\u00ecnh;<\/strong><\/p>\n<p>C\u00d4NG TY C\u1ed4 PH\u1ea6N THAMI SHIPPING &amp; AIRFREIGHT (THAMI SHIPPING &amp; AIRFREIGHT CORP.)<\/p>\n<p>M\u00e3 s\u1ed1 thu\u1ebf: 0303022997<\/p>\n<p>\u0110\u1ecba ch\u1ec9 giao d\u1ecbch: 25-25A \u0111\u01b0\u1eddng 81, ph\u01b0\u1eddng T\u00e2n Quy, Qu\u1eadn 7, th\u00e0nh ph\u1ed1 H\u1ed3 Ch\u00ed Minh, Vi\u1ec7t Nam<\/p>\n<p>\u0110i\u1ec7n tho\u1ea1i: 84.28.3775 0888 (50 lines)<\/p>\n<p>Email: <a href=\"mailto:info@www.thamico.com\">info@www.thamico.com<\/a><\/p>\n<p><strong>e) Ph\u01b0\u01a1ng th\u1ee9c v\u00e0 c\u00f4ng c\u1ee5 \u0111\u1ec3 ng\u01b0\u1eddi ti\u00eau d\u00f9ng ti\u1ebfp c\u1eadn v\u00e0 ch\u1ec9nh s\u1eeda d\u1eef li\u1ec7u c\u00e1 nh\u00e2n c\u1ee7a m\u00ecnh tr\u00ean h\u1ec7 th\u1ed1ng th\u01b0\u01a1ng m\u1ea1i \u0111i\u1ec7n t\u1eed c\u1ee7a \u0111\u01a1n v\u1ecb thu th\u1eadp th\u00f4ng tin.<\/strong><\/p>\n<p>T\u00e2\u0301t ca\u0309 th\u00f4ng tin chi ti\u00ea\u0301t do qu\u00fd kh\u00e1ch cung c\u1ea5p \u0111\u01b0\u01a1\u0323c chu\u0301ng t\u00f4i l\u01b0u tr\u01b0\u0303 nh\u01b0ng se\u0303 kh\u00f4ng \u0111\u01b0\u01a1\u0323c c\u00f4ng khai tr\u01b0\u0323c ti\u00ea\u0301p. N\u1ebfu Qu\u00fd kh\u00e1ch s\u1eed d\u1ee5ng c\u00f9ng m\u1ed9t tr\u00ecnh duy\u1ec7t, cookies s\u1ebd l\u01b0u l\u1ea1i nh\u1eefng th\u00f4ng tin m\u00e0 qu\u00fd kh\u00e1ch \u0111\u00e3 cung c\u1ea5p, v\u00e0 qu\u00fd kh\u00e1ch co\u0301 th\u00ea\u0309 ti\u00ea\u0301p c\u00e2\u0323n th\u00f4ng tin na\u0300y v\u00e0 c\u1eadp nh\u1eadt b\u1eb1ng c\u00e1ch truy c\u1eadp v\u00e0o c\u1eeda s\u1ed5 zendesk chat (bao g\u00f4\u0300m h\u1ecd t\u00ean, \u0111\u1ecba ch\u1ec9 email). \u0110\u1ed3ng th\u1eddi, t\u1ea1i mo\u0323i th\u01a1\u0300i \u0111i\u00ea\u0309m, kh\u00e1ch h\u00e0ng co\u0301 quy\u00ea\u0300n y\u00eau c\u00e2\u0300u ch\u00fang t\u00f4i thay \u0111\u00f4\u0309i th\u00f4ng tin ca\u0301 nh\u00e2n b\u1eb1ng c\u00e1ch li\u00ean h\u00ea\u0323 v\u01a1\u0301i B\u00f4\u0323 ph\u00e2\u0323n h\u00f4\u0303 tr\u01a1\u0323 kha\u0301ch ha\u0300ng cu\u0309a ch\u00fang t\u00f4i v\u00ea\u0300 ca\u0301c y\u00eau c\u00e2\u0300u cu\u0309a Quy\u0301 kha\u0301ch qua s\u1ed1 \u0111i\u1ec7n tho\u1ea1i 84.28.3775 0888 (ext 298) ho\u0103\u0323c g\u01b0\u0309i email \u0111\u1ebfn \u0111\u1ecba ch\u1ec9 <a href=\"mailto:info@www.thamico.com\">info@www.thamico.com<\/a><\/p>\n<p>.<\/p>\n<p><strong>f) C\u01a1 ch\u1ebf ti\u1ebfp nh\u1eadn v\u00e0 gi\u1ea3i quy\u1ebft khi\u1ebfu n\u1ea1i c\u1ee7a ng\u01b0\u1eddi ti\u00eau d\u00f9ng li\u00ean quan \u0111\u1ebfn vi\u1ec7c th\u00f4ng tin c\u00e1 nh\u00e2n b\u1ecb s\u1eed d\u1ee5ng sai m\u1ee5c \u0111\u00edch ho\u1eb7c ph\u1ea1m vi \u0111\u00e3 th\u00f4ng b\u00e1o.<\/strong><\/p>\n<p>Khi pha\u0301t hi\u00ea\u0323n th\u00f4ng tin ca\u0301 nh\u00e2n cu\u0309a mi\u0300nh bi\u0323 s\u01b0\u0309 du\u0323ng sai mu\u0323c \u0111i\u0301ch ho\u0103\u0323c pha\u0323m vi, th\u00e0nh vi\u00ean c\u00f3 th\u1ec3 cung c\u1ea5p c\u00e1c th\u00f4ng tin, ch\u1ee9ng c\u1ee9 li\u00ean quan \u0111\u1ebfn vi\u1ec7c n\u00e0y theo \u0111\u1ecba ch\u1ec9:<\/p>\n<p>C\u00d4NG TY C\u1ed4 PH\u1ea6N THAMI SHIPPING &amp; AIRFREIGHT (THAMI SHIPPING &amp; AIRFREIGHT CORP.)<\/p>\n<p>M\u00e3 s\u1ed1 thu\u1ebf: 0303022997<\/p>\n<p>\u0110\u1ecba ch\u1ec9 giao d\u1ecbch: 25-25A \u0111\u01b0\u1eddng 81, ph\u01b0\u1eddng T\u00e2n Quy, Qu\u1eadn 7, th\u00e0nh ph\u1ed1 H\u1ed3 Ch\u00ed Minh, Vi\u1ec7t Nam<\/p>\n<p>\u0110i\u1ec7n tho\u1ea1i: 84.28.3775 0888 (50 lines)<\/p>\n<p>Email: <a href=\"mailto:info@www.thamico.com\">info@www.thamico.com<\/a><\/p>\n<p>Trong th\u1eddi h\u1ea1n 10 ng\u00e0y l\u00e0m vi\u1ec7c k\u1ec3 t\u1eeb ng\u00e0y nh\u1eadn \u0111\u01b0\u1ee3c khi\u1ebfu n\u1ea1i c\u1ee7a th\u00e0nh vi\u00ean, B\u1ed9 ph\u1eadn\/\u0111\u01a1n v\u1ecb ch\u1ee7 tr\u00ec gi\u1ea3i quy\u1ebft khi\u1ebfu n\u1ea1i c\u00f3 tr\u00e1ch nhi\u1ec7m t\u00ecm ra nguy\u00ean nh\u00e2n khi\u1ebfu n\u1ea1i v\u00e0 \u0111\u01b0a ra ph\u01b0\u01a1ng \u00e1n gi\u1ea3i quy\u1ebft. Tr\u1ea3 l\u1eddi cho th\u00e0nh vi\u00ean v\u1ec1 k\u1ebft qu\u1ea3 gi\u1ea3i quy\u1ebft khi\u1ebfu n\u1ea1i. T\u00f9y theo m\u1ee9c \u0111\u1ed9, t\u00ednh ch\u1ea5t c\u1ee7a vi\u1ec7c khi\u1ebfu n\u1ea1i m\u00e0 B\u1ed9 ph\u1eadn\/\u0111\u01a1n v\u1ecb ch\u1ee7 tr\u00ec gi\u1ea3i quy\u1ebft khi\u1ebfu n\u1ea1i s\u1ebd c\u00f3 bi\u1ec7n ph\u00e1p gi\u1ea3i quy\u1ebft c\u1ee5 th\u1ec3.<br \/>N\u1ebfu th\u00f4ng qua h\u00ecnh th\u1ee9c th\u1ecfa thu\u1eadn m\u00e0 v\u1eabn kh\u00f4ng th\u1ec3 gi\u1ea3i quy\u1ebft \u0111\u01b0\u1ee3c khi\u1ebfu n\u1ea1i c\u1ee7a th\u00e0nh vi\u00ean th\u00ec m\u1ed9t trong hai b\u00ean s\u1ebd c\u00f3 quy\u1ec1n nh\u1edd \u0111\u1ebfn c\u01a1 quan ph\u00e1p lu\u1eadt c\u00f3 th\u1ea9m quy\u1ec1n can thi\u1ec7p nh\u1eb1m \u0111\u1ea3m b\u1ea3o l\u1ee3i \u00edch h\u1ee3p ph\u00e1p c\u1ee7a c\u00e1c b\u00ean.<\/p>\n\t\t\n<style>\n#text-3332561924 {\n  color: #131313;\n}\n#text-3332561924 > * {\n  color: #131313;\n}\n<\/style>\n\t<\/div>\n\t\n\t\t<\/div>\n\t\t\t\t\t<\/div>\n\n\t\n\n\t<div id=\"col-104069135\" class=\"col hide-for-medium medium-3 small-12 large-3\"  >\n\t\t\t\t<div class=\"col-inner\"  >\n\t\t\t\n\t\t\t\n<div class=\"row\"  id=\"row-449750108\">\n\n\n\t<div id=\"col-2112423806\" class=\"col small-12 large-12\"  data-animate=\"fadeInRight\">\n\t\t\t\t<div class=\"col-inner text-right\"  >\n\t\t\t\n\t\t\t\n\n\n\n<h3 id=\"cs-category\" class=\"wow fadeInRight\" data-wow-delay=\"0.1s\" style=\"visibility: visible; animation-delay: 0.1s; animation-name: fadeInRight;width: 100%; display: flex;align-items: center; border: 1px solid #ebebeb;\"><div style=\"margin-right: 10px;\"><img decoding=\"async\" src=\"\/wp-content\/uploads\/2026\/04\/newspaper.png\" alt=\"\"><\/div> <span> L\u00e0 th\u00e0nh vi\u00ean c\u1ee7a<\/span><\/h3>\n\n\t<div class=\"img has-hover x md-x lg-x y md-y lg-y\" id=\"image_249765572\">\n\t\t\t\t\t\t\t\t<div class=\"img-inner dark\" >\n\t\t\t<img loading=\"lazy\" decoding=\"async\" width=\"155\" height=\"367\" src=\"https:\/\/thamiship.thaiminhtech.com\/wp-content\/uploads\/2026\/04\/dan-len-web-2023.png\" class=\"attachment-original size-original\" alt=\"\" srcset=\"https:\/\/thamiship.thaiminhtech.com\/wp-content\/uploads\/2026\/04\/dan-len-web-2023.png 155w, https:\/\/thamiship.thaiminhtech.com\/wp-content\/uploads\/2026\/04\/dan-len-web-2023-127x300.png 127w, https:\/\/thamiship.thaiminhtech.com\/wp-content\/uploads\/2026\/04\/dan-len-web-2023-5x12.png 5w\" sizes=\"auto, (max-width: 155px) 100vw, 155px\" \/>\t\t\t\t\t\t\n\t\t\t\t\t<\/div>\n\t\t\t\t\t\t\t\t\n<style>\n#image_249765572 {\n  width: 55%;\n}\n<\/style>\n\t<\/div>\n\t\n\n\n\t\t<\/div>\n\t\t\t\t\t<\/div>\n\n\t\n\n<\/div>\n\t\t<\/div>\n\t\t\t\t\t<\/div>\n\n\t\n<\/div>\n\t\t<\/div>\n\n\t\t\n<style>\n#section_1506576749 {\n  padding-top: 30px;\n  padding-bottom: 30px;\n}\n<\/style>\n\t<\/section>","protected":false},"excerpt":{"rendered":"","protected":false},"author":1,"featured_media":0,"parent":0,"menu_order":0,"comment_status":"closed","ping_status":"closed","template":"page-blank.php","meta":{"footnotes":""},"class_list":["post-495","page","type-page","status-publish","hentry"],"yoast_head":"<!-- This site is optimized with the Yoast SEO plugin v27.5 - https:\/\/yoast.com\/product\/yoast-seo-wordpress\/ -->\n<title>Customer Information Privacy Policy - THAMI SHIPPING &amp; AIRFREIGHT CORP.<\/title>\n<meta name=\"robots\" content=\"noindex, follow, max-snippet:-1, max-image-preview:large, max-video-preview:-1\" \/>\n<meta property=\"og:locale\" content=\"vi_VN\" \/>\n<meta property=\"og:type\" content=\"article\" \/>\n<meta property=\"og:title\" content=\"Customer Information Privacy Policy - THAMI SHIPPING &amp; AIRFREIGHT CORP.\" \/>\n<meta property=\"og:url\" content=\"https:\/\/thamiship.thaiminhtech.com\/vi\/pages\/customer-information-privacy-policy\/\" \/>\n<meta property=\"og:site_name\" content=\"THAMI SHIPPING &amp; AIRFREIGHT CORP.\" \/>\n<meta property=\"article:modified_time\" content=\"2026-04-19T06:49:09+00:00\" \/>\n<meta name=\"twitter:card\" content=\"summary_large_image\" \/>\n<script type=\"application\/ld+json\" class=\"yoast-schema-graph\">{\"@context\":\"https:\\\/\\\/schema.org\",\"@graph\":[{\"@type\":\"WebPage\",\"@id\":\"https:\\\/\\\/thamiship.thaiminhtech.com\\\/vi\\\/pages\\\/customer-information-privacy-policy\\\/\",\"url\":\"https:\\\/\\\/thamiship.thaiminhtech.com\\\/vi\\\/pages\\\/customer-information-privacy-policy\\\/\",\"name\":\"Customer Information Privacy Policy - THAMI SHIPPING &amp; AIRFREIGHT CORP.\",\"isPartOf\":{\"@id\":\"https:\\\/\\\/thamiship.thaiminhtech.com\\\/vi\\\/#website\"},\"datePublished\":\"2026-04-18T17:13:29+00:00\",\"dateModified\":\"2026-04-19T06:49:09+00:00\",\"breadcrumb\":{\"@id\":\"https:\\\/\\\/thamiship.thaiminhtech.com\\\/vi\\\/pages\\\/customer-information-privacy-policy\\\/#breadcrumb\"},\"inLanguage\":\"vi\",\"potentialAction\":[{\"@type\":\"ReadAction\",\"target\":[\"https:\\\/\\\/thamiship.thaiminhtech.com\\\/vi\\\/pages\\\/customer-information-privacy-policy\\\/\"]}]},{\"@type\":\"BreadcrumbList\",\"@id\":\"https:\\\/\\\/thamiship.thaiminhtech.com\\\/vi\\\/pages\\\/customer-information-privacy-policy\\\/#breadcrumb\",\"itemListElement\":[{\"@type\":\"ListItem\",\"position\":1,\"name\":\"Home\",\"item\":\"https:\\\/\\\/thamiship.thaiminhtech.com\\\/\"},{\"@type\":\"ListItem\",\"position\":2,\"name\":\"Customer Information Privacy Policy\"}]},{\"@type\":\"WebSite\",\"@id\":\"https:\\\/\\\/thamiship.thaiminhtech.com\\\/vi\\\/#website\",\"url\":\"https:\\\/\\\/thamiship.thaiminhtech.com\\\/vi\\\/\",\"name\":\"THAMI SHIPPING &amp; AIRFREIGHT CORP.\",\"description\":\"\",\"potentialAction\":[{\"@type\":\"SearchAction\",\"target\":{\"@type\":\"EntryPoint\",\"urlTemplate\":\"https:\\\/\\\/thamiship.thaiminhtech.com\\\/vi\\\/?s={search_term_string}\"},\"query-input\":{\"@type\":\"PropertyValueSpecification\",\"valueRequired\":true,\"valueName\":\"search_term_string\"}}],\"inLanguage\":\"vi\"}]}<\/script>\n<!-- \/ Yoast SEO plugin. -->","yoast_head_json":{"title":"Customer Information Privacy Policy - THAMI SHIPPING &amp; AIRFREIGHT CORP.","robots":{"index":"noindex","follow":"follow","max-snippet":"max-snippet:-1","max-image-preview":"max-image-preview:large","max-video-preview":"max-video-preview:-1"},"og_locale":"vi_VN","og_type":"article","og_title":"Customer Information Privacy Policy - THAMI SHIPPING &amp; AIRFREIGHT CORP.","og_url":"https:\/\/thamiship.thaiminhtech.com\/vi\/pages\/customer-information-privacy-policy\/","og_site_name":"THAMI SHIPPING &amp; AIRFREIGHT CORP.","article_modified_time":"2026-04-19T06:49:09+00:00","twitter_card":"summary_large_image","schema":{"@context":"https:\/\/schema.org","@graph":[{"@type":"WebPage","@id":"https:\/\/thamiship.thaiminhtech.com\/vi\/pages\/customer-information-privacy-policy\/","url":"https:\/\/thamiship.thaiminhtech.com\/vi\/pages\/customer-information-privacy-policy\/","name":"Customer Information Privacy Policy - THAMI SHIPPING &amp; AIRFREIGHT CORP.","isPartOf":{"@id":"https:\/\/thamiship.thaiminhtech.com\/vi\/#website"},"datePublished":"2026-04-18T17:13:29+00:00","dateModified":"2026-04-19T06:49:09+00:00","breadcrumb":{"@id":"https:\/\/thamiship.thaiminhtech.com\/vi\/pages\/customer-information-privacy-policy\/#breadcrumb"},"inLanguage":"vi","potentialAction":[{"@type":"ReadAction","target":["https:\/\/thamiship.thaiminhtech.com\/vi\/pages\/customer-information-privacy-policy\/"]}]},{"@type":"BreadcrumbList","@id":"https:\/\/thamiship.thaiminhtech.com\/vi\/pages\/customer-information-privacy-policy\/#breadcrumb","itemListElement":[{"@type":"ListItem","position":1,"name":"Home","item":"https:\/\/thamiship.thaiminhtech.com\/"},{"@type":"ListItem","position":2,"name":"Customer Information Privacy Policy"}]},{"@type":"WebSite","@id":"https:\/\/thamiship.thaiminhtech.com\/vi\/#website","url":"https:\/\/thamiship.thaiminhtech.com\/vi\/","name":"THAMI SHIPPING &amp; AIRFREIGHT CORP.","description":"","potentialAction":[{"@type":"SearchAction","target":{"@type":"EntryPoint","urlTemplate":"https:\/\/thamiship.thaiminhtech.com\/vi\/?s={search_term_string}"},"query-input":{"@type":"PropertyValueSpecification","valueRequired":true,"valueName":"search_term_string"}}],"inLanguage":"vi"}]}},"_links":{"self":[{"href":"https:\/\/thamiship.thaiminhtech.com\/vi\/wp-json\/wp\/v2\/pages\/495","targetHints":{"allow":["GET"]}}],"collection":[{"href":"https:\/\/thamiship.thaiminhtech.com\/vi\/wp-json\/wp\/v2\/pages"}],"about":[{"href":"https:\/\/thamiship.thaiminhtech.com\/vi\/wp-json\/wp\/v2\/types\/page"}],"author":[{"embeddable":true,"href":"https:\/\/thamiship.thaiminhtech.com\/vi\/wp-json\/wp\/v2\/users\/1"}],"replies":[{"embeddable":true,"href":"https:\/\/thamiship.thaiminhtech.com\/vi\/wp-json\/wp\/v2\/comments?post=495"}],"version-history":[{"count":8,"href":"https:\/\/thamiship.thaiminhtech.com\/vi\/wp-json\/wp\/v2\/pages\/495\/revisions"}],"predecessor-version":[{"id":637,"href":"https:\/\/thamiship.thaiminhtech.com\/vi\/wp-json\/wp\/v2\/pages\/495\/revisions\/637"}],"wp:attachment":[{"href":"https:\/\/thamiship.thaiminhtech.com\/vi\/wp-json\/wp\/v2\/media?parent=495"}],"curies":[{"name":"wp","href":"https:\/\/api.w.org\/{rel}","templated":true}]}}