{"id":486,"date":"2026-04-18T17:04:38","date_gmt":"2026-04-18T17:04:38","guid":{"rendered":"http:\/\/thamishipping.test\/?page_id=486"},"modified":"2026-04-19T06:48:55","modified_gmt":"2026-04-19T06:48:55","slug":"certificate","status":"publish","type":"page","link":"https:\/\/thamiship.thaiminhtech.com\/vi\/pages\/certificate\/","title":{"rendered":"Gi\u1ea5y ch\u1ee9ng nh\u1eadn"},"content":{"rendered":"<section class=\"section\" id=\"section_281176265\">\n\t\t<div class=\"section-bg fill\" >\n\t\t\t\t\t\t\t\t\t\n\t\t\t\n\n\t\t<\/div>\n\n\t\t\n\n\t\t<div class=\"section-content relative\">\n\t\t\t\n<div class=\"row\"  id=\"row-892334120\">\n\n\t<div id=\"col-1505347082\" class=\"col cs-pb0 hide-for-medium small-12 large-12\"  >\n\t\t\t\t<div class=\"col-inner\"  >\n\t\t\t\n\t\t\t\n\n\n<div class=\"custom-breadcrumb-bar cs-text-left\"><div class=\"container\"><div class=\"custom-breadcrumb-container\"><span><span><a href=\"https:\/\/thamiship.thaiminhtech.com\/vi\/\">Trang ch\u1ee7<\/a><\/span><\/span><\/div><\/div><\/div>\n\n\t\t<\/div>\n\t\t\t\t\t<\/div>\n\n\t\n\n\t<div id=\"col-965665645\" class=\"col medium-12 small-12 large-9\"  >\n\t\t\t\t<div class=\"col-inner\"  >\n\t\t\t\n\t\t\t\n\t<div id=\"text-1743408946\" class=\"text\">\n\t\t\n<p><strong class=\"cs-text-primary-2\">C\u00e1c th\u00e0nh vi\u00ean ch\u00ednh th\u1ee9c c\u1ee7a nhi\u1ec1u hi\u1ec7p h\u1ed9i giao nh\u1eadn uy t\u00edn<\/strong><\/p>\n<p>10\/1999: Th\u00e0nh vi\u00ean c\u1ee7a VIFAS, nay g\u1ecdi l\u00e0 Hi\u1ec7p h\u1ed9i Doanh nghi\u1ec7p D\u1ecbch v\u1ee5 Logistics Vi\u1ec7t Nam (VLA)<\/p>\n<p>02\/2000: Th\u00e0nh vi\u00ean c\u1ee7a Li\u00ean \u0111o\u00e0n c\u00e1c Hi\u1ec7p h\u1ed9i Giao nh\u1eadn V\u1eadn t\u1ea3i Qu\u1ed1c t\u1ebf (FIATA)<\/p>\n<p>06\/2002: Th\u00e0nh vi\u00ean c\u1ee7a T\u1ed5 ch\u1ee9c V\u1eadn t\u1ea3i To\u00e0n c\u1ea7u (GTO)<\/p>\n<p>10\/2010: Th\u00e0nh vi\u00ean c\u1ee7a World Cargo Alliance (WCA)<\/p>\n<p>07\/2015: Th\u00e0nh vi\u00ean c\u1ee7a Hi\u1ec7p h\u1ed9i V\u1eadn t\u1ea3i H\u00e0ng kh\u00f4ng Qu\u1ed1c t\u1ebf (IATA)<\/p>\n<p>04\/2018: Th\u00e0nh vi\u00ean c\u1ee7a \u0110\u1ed1i t\u00e1c H\u00e0ng kh\u00f4ng Trung l\u1eadp (NAP)<\/p>\n<p>11\/2018: Th\u00e0nh vi\u00ean c\u1ee7a Neptune Consol, M\u1ea1ng l\u01b0\u1edbi Giao nh\u1eadn C\u01b0\u1edbc qu\u1ed1c t\u1ebf &amp; Gom h\u00e0ng To\u00e0n c\u1ea7u (NEPTUNE)<\/p>\n<p>01\/2019: Th\u00e0nh vi\u00ean c\u1ee7a OCEANX<\/p>\n<p>06\/2020: Th\u00e0nh vi\u00ean c\u1ee7a Cold Chain Connect (CCC)<\/p>\n<p>06\/2020: Th\u00e0nh vi\u00ean Hi\u1ec7p h\u1ed9i V\u1eadn t\u1ea3i H\u00e0ng d\u1ef1 \u00e1n H\u1ea3i ngo\u1ea1i (OPCA)<\/p>\n<p><strong class=\"cs-text-primary-2\">Gi\u1ea5y ch\u1ee9ng nh\u1eadn th\u00e0nh vi\u00ean<\/strong><\/p>\n\t\t\n<style>\n#text-1743408946 {\n  color: #131313;\n}\n#text-1743408946 > * {\n  color: #131313;\n}\n<\/style>\n\t<\/div>\n\t\n\t<div class=\"img has-hover x md-x lg-x y md-y lg-y\" id=\"image_2007725545\">\n\t\t\t\t\t\t\t\t<div class=\"img-inner dark\" >\n\t\t\t<img loading=\"lazy\" decoding=\"async\" width=\"1098\" height=\"850\" src=\"https:\/\/thamiship.thaiminhtech.com\/wp-content\/uploads\/2026\/04\/cac-hiep-hoi.jpg\" class=\"attachment-original size-original\" alt=\"\" srcset=\"https:\/\/thamiship.thaiminhtech.com\/wp-content\/uploads\/2026\/04\/cac-hiep-hoi.jpg 1098w, https:\/\/thamiship.thaiminhtech.com\/wp-content\/uploads\/2026\/04\/cac-hiep-hoi-300x232.jpg 300w, https:\/\/thamiship.thaiminhtech.com\/wp-content\/uploads\/2026\/04\/cac-hiep-hoi-1024x793.jpg 1024w, https:\/\/thamiship.thaiminhtech.com\/wp-content\/uploads\/2026\/04\/cac-hiep-hoi-768x595.jpg 768w, https:\/\/thamiship.thaiminhtech.com\/wp-content\/uploads\/2026\/04\/cac-hiep-hoi-16x12.jpg 16w\" sizes=\"auto, (max-width: 1098px) 100vw, 1098px\" \/>\t\t\t\t\t\t\n\t\t\t\t\t<\/div>\n\t\t\t\t\t\t\t\t\n<style>\n#image_2007725545 {\n  width: 100%;\n}\n<\/style>\n\t<\/div>\n\t\n\t\t<\/div>\n\t\t\t\t\t<\/div>\n\n\t\n\n\t<div id=\"col-1179850032\" class=\"col hide-for-medium medium-3 small-12 large-3\"  >\n\t\t\t\t<div class=\"col-inner\"  >\n\t\t\t\n\t\t\t\n<div class=\"row\"  id=\"row-1394635116\">\n\n\n\t<div id=\"col-1414456816\" class=\"col small-12 large-12\"  data-animate=\"fadeInRight\">\n\t\t\t\t<div class=\"col-inner text-right\"  >\n\t\t\t\n\t\t\t\n\n\n\n<h3 id=\"cs-category\" class=\"wow fadeInRight\" data-wow-delay=\"0.1s\" style=\"visibility: visible; animation-delay: 0.1s; animation-name: fadeInRight;width: 100%; display: flex;align-items: center; border: 1px solid #ebebeb;\"><div style=\"margin-right: 10px;\"><img decoding=\"async\" src=\"\/wp-content\/uploads\/2026\/04\/newspaper.png\" alt=\"\"><\/div> <span> L\u00e0 th\u00e0nh vi\u00ean c\u1ee7a<\/span><\/h3>\n\n\t<div class=\"img has-hover x md-x lg-x y md-y lg-y\" id=\"image_333876349\">\n\t\t\t\t\t\t\t\t<div class=\"img-inner dark\" >\n\t\t\t<img loading=\"lazy\" decoding=\"async\" width=\"155\" height=\"367\" src=\"https:\/\/thamiship.thaiminhtech.com\/wp-content\/uploads\/2026\/04\/dan-len-web-2023.png\" class=\"attachment-original size-original\" alt=\"\" srcset=\"https:\/\/thamiship.thaiminhtech.com\/wp-content\/uploads\/2026\/04\/dan-len-web-2023.png 155w, https:\/\/thamiship.thaiminhtech.com\/wp-content\/uploads\/2026\/04\/dan-len-web-2023-127x300.png 127w, https:\/\/thamiship.thaiminhtech.com\/wp-content\/uploads\/2026\/04\/dan-len-web-2023-5x12.png 5w\" sizes=\"auto, (max-width: 155px) 100vw, 155px\" \/>\t\t\t\t\t\t\n\t\t\t\t\t<\/div>\n\t\t\t\t\t\t\t\t\n<style>\n#image_333876349 {\n  width: 55%;\n}\n<\/style>\n\t<\/div>\n\t\n\n\n\t\t<\/div>\n\t\t\t\t\t<\/div>\n\n\t\n\n<\/div>\n\t\t<\/div>\n\t\t\t\t\t<\/div>\n\n\t\n<\/div>\n\t\t<\/div>\n\n\t\t\n<style>\n#section_281176265 {\n  padding-top: 30px;\n  padding-bottom: 30px;\n}\n<\/style>\n\t<\/section>","protected":false},"excerpt":{"rendered":"","protected":false},"author":1,"featured_media":0,"parent":0,"menu_order":0,"comment_status":"closed","ping_status":"closed","template":"page-blank.php","meta":{"footnotes":""},"class_list":["post-486","page","type-page","status-publish","hentry"],"yoast_head":"<!-- This site is optimized with the Yoast SEO plugin v27.5 - https:\/\/yoast.com\/product\/yoast-seo-wordpress\/ -->\n<title>Certificate - THAMI SHIPPING &amp; AIRFREIGHT CORP.<\/title>\n<meta name=\"robots\" content=\"noindex, follow, max-snippet:-1, max-image-preview:large, max-video-preview:-1\" \/>\n<meta property=\"og:locale\" content=\"vi_VN\" \/>\n<meta property=\"og:type\" content=\"article\" \/>\n<meta property=\"og:title\" content=\"Certificate - THAMI SHIPPING &amp; AIRFREIGHT CORP.\" \/>\n<meta property=\"og:url\" content=\"https:\/\/thamiship.thaiminhtech.com\/vi\/pages\/certificate\/\" \/>\n<meta property=\"og:site_name\" content=\"THAMI SHIPPING &amp; AIRFREIGHT CORP.\" \/>\n<meta property=\"article:modified_time\" content=\"2026-04-19T06:48:55+00:00\" \/>\n<meta name=\"twitter:card\" content=\"summary_large_image\" \/>\n<meta name=\"twitter:label1\" content=\"\u01af\u1edbc t\u00ednh th\u1eddi gian \u0111\u1ecdc\" \/>\n\t<meta name=\"twitter:data1\" content=\"1 ph\u00fat\" \/>\n<script type=\"application\/ld+json\" class=\"yoast-schema-graph\">{\"@context\":\"https:\\\/\\\/schema.org\",\"@graph\":[{\"@type\":\"WebPage\",\"@id\":\"https:\\\/\\\/thamiship.thaiminhtech.com\\\/vi\\\/pages\\\/certificate\\\/\",\"url\":\"https:\\\/\\\/thamiship.thaiminhtech.com\\\/vi\\\/pages\\\/certificate\\\/\",\"name\":\"Certificate - THAMI SHIPPING &amp; AIRFREIGHT CORP.\",\"isPartOf\":{\"@id\":\"https:\\\/\\\/thamiship.thaiminhtech.com\\\/vi\\\/#website\"},\"datePublished\":\"2026-04-18T17:04:38+00:00\",\"dateModified\":\"2026-04-19T06:48:55+00:00\",\"breadcrumb\":{\"@id\":\"https:\\\/\\\/thamiship.thaiminhtech.com\\\/vi\\\/pages\\\/certificate\\\/#breadcrumb\"},\"inLanguage\":\"vi\",\"potentialAction\":[{\"@type\":\"ReadAction\",\"target\":[\"https:\\\/\\\/thamiship.thaiminhtech.com\\\/vi\\\/pages\\\/certificate\\\/\"]}]},{\"@type\":\"BreadcrumbList\",\"@id\":\"https:\\\/\\\/thamiship.thaiminhtech.com\\\/vi\\\/pages\\\/certificate\\\/#breadcrumb\",\"itemListElement\":[{\"@type\":\"ListItem\",\"position\":1,\"name\":\"Home\",\"item\":\"https:\\\/\\\/thamiship.thaiminhtech.com\\\/\"},{\"@type\":\"ListItem\",\"position\":2,\"name\":\"Certificate\"}]},{\"@type\":\"WebSite\",\"@id\":\"https:\\\/\\\/thamiship.thaiminhtech.com\\\/vi\\\/#website\",\"url\":\"https:\\\/\\\/thamiship.thaiminhtech.com\\\/vi\\\/\",\"name\":\"THAMI SHIPPING &amp; AIRFREIGHT CORP.\",\"description\":\"\",\"potentialAction\":[{\"@type\":\"SearchAction\",\"target\":{\"@type\":\"EntryPoint\",\"urlTemplate\":\"https:\\\/\\\/thamiship.thaiminhtech.com\\\/vi\\\/?s={search_term_string}\"},\"query-input\":{\"@type\":\"PropertyValueSpecification\",\"valueRequired\":true,\"valueName\":\"search_term_string\"}}],\"inLanguage\":\"vi\"}]}<\/script>\n<!-- \/ Yoast SEO plugin. -->","yoast_head_json":{"title":"Certificate - THAMI SHIPPING &amp; AIRFREIGHT CORP.","robots":{"index":"noindex","follow":"follow","max-snippet":"max-snippet:-1","max-image-preview":"max-image-preview:large","max-video-preview":"max-video-preview:-1"},"og_locale":"vi_VN","og_type":"article","og_title":"Certificate - THAMI SHIPPING &amp; AIRFREIGHT CORP.","og_url":"https:\/\/thamiship.thaiminhtech.com\/vi\/pages\/certificate\/","og_site_name":"THAMI SHIPPING &amp; AIRFREIGHT CORP.","article_modified_time":"2026-04-19T06:48:55+00:00","twitter_card":"summary_large_image","twitter_misc":{"\u01af\u1edbc t\u00ednh th\u1eddi gian \u0111\u1ecdc":"1 ph\u00fat"},"schema":{"@context":"https:\/\/schema.org","@graph":[{"@type":"WebPage","@id":"https:\/\/thamiship.thaiminhtech.com\/vi\/pages\/certificate\/","url":"https:\/\/thamiship.thaiminhtech.com\/vi\/pages\/certificate\/","name":"Certificate - THAMI SHIPPING &amp; AIRFREIGHT CORP.","isPartOf":{"@id":"https:\/\/thamiship.thaiminhtech.com\/vi\/#website"},"datePublished":"2026-04-18T17:04:38+00:00","dateModified":"2026-04-19T06:48:55+00:00","breadcrumb":{"@id":"https:\/\/thamiship.thaiminhtech.com\/vi\/pages\/certificate\/#breadcrumb"},"inLanguage":"vi","potentialAction":[{"@type":"ReadAction","target":["https:\/\/thamiship.thaiminhtech.com\/vi\/pages\/certificate\/"]}]},{"@type":"BreadcrumbList","@id":"https:\/\/thamiship.thaiminhtech.com\/vi\/pages\/certificate\/#breadcrumb","itemListElement":[{"@type":"ListItem","position":1,"name":"Home","item":"https:\/\/thamiship.thaiminhtech.com\/"},{"@type":"ListItem","position":2,"name":"Certificate"}]},{"@type":"WebSite","@id":"https:\/\/thamiship.thaiminhtech.com\/vi\/#website","url":"https:\/\/thamiship.thaiminhtech.com\/vi\/","name":"THAMI SHIPPING &amp; AIRFREIGHT CORP.","description":"","potentialAction":[{"@type":"SearchAction","target":{"@type":"EntryPoint","urlTemplate":"https:\/\/thamiship.thaiminhtech.com\/vi\/?s={search_term_string}"},"query-input":{"@type":"PropertyValueSpecification","valueRequired":true,"valueName":"search_term_string"}}],"inLanguage":"vi"}]}},"_links":{"self":[{"href":"https:\/\/thamiship.thaiminhtech.com\/vi\/wp-json\/wp\/v2\/pages\/486","targetHints":{"allow":["GET"]}}],"collection":[{"href":"https:\/\/thamiship.thaiminhtech.com\/vi\/wp-json\/wp\/v2\/pages"}],"about":[{"href":"https:\/\/thamiship.thaiminhtech.com\/vi\/wp-json\/wp\/v2\/types\/page"}],"author":[{"embeddable":true,"href":"https:\/\/thamiship.thaiminhtech.com\/vi\/wp-json\/wp\/v2\/users\/1"}],"replies":[{"embeddable":true,"href":"https:\/\/thamiship.thaiminhtech.com\/vi\/wp-json\/wp\/v2\/comments?post=486"}],"version-history":[{"count":8,"href":"https:\/\/thamiship.thaiminhtech.com\/vi\/wp-json\/wp\/v2\/pages\/486\/revisions"}],"predecessor-version":[{"id":636,"href":"https:\/\/thamiship.thaiminhtech.com\/vi\/wp-json\/wp\/v2\/pages\/486\/revisions\/636"}],"wp:attachment":[{"href":"https:\/\/thamiship.thaiminhtech.com\/vi\/wp-json\/wp\/v2\/media?parent=486"}],"curies":[{"name":"wp","href":"https:\/\/api.w.org\/{rel}","templated":true}]}}