{"id":342,"date":"2026-04-18T13:34:33","date_gmt":"2026-04-18T13:34:33","guid":{"rendered":"http:\/\/thamishipping.test\/?page_id=342"},"modified":"2026-04-19T06:48:24","modified_gmt":"2026-04-19T06:48:24","slug":"vision-mission-core-values","status":"publish","type":"page","link":"https:\/\/thamiship.thaiminhtech.com\/vi\/pages\/vision-mission-core-values\/","title":{"rendered":"T\u1ea7m nh\u00ecn \u2013 S\u1ee9 m\u1ec7nh \u2013 Gi\u00e1 tr\u1ecb c\u1ed1t l\u00f5i"},"content":{"rendered":"<section class=\"section\" id=\"section_1853750900\">\n\t\t<div class=\"section-bg fill\" >\n\t\t\t\t\t\t\t\t\t\n\t\t\t\n\n\t\t<\/div>\n\n\t\t\n\n\t\t<div class=\"section-content relative\">\n\t\t\t\n<div class=\"row\"  id=\"row-228778626\">\n\n\t<div id=\"col-576708573\" class=\"col cs-pb0 hide-for-medium small-12 large-12\"  >\n\t\t\t\t<div class=\"col-inner\"  >\n\t\t\t\n\t\t\t\n\n\n<div class=\"custom-breadcrumb-bar cs-text-left\"><div class=\"container\"><div class=\"custom-breadcrumb-container\"><span><span><a href=\"https:\/\/thamiship.thaiminhtech.com\/vi\/\">Trang ch\u1ee7<\/a><\/span><\/span><\/div><\/div><\/div>\n\n\t\t<\/div>\n\t\t\t\t\n<style>\n#col-576708573 > .col-inner {\n  padding: 0px 0px 0px 0px;\n  margin: 0px 0px 0px 0px;\n}\n<\/style>\n\t<\/div>\n\n\t\n\n\t<div id=\"col-1841581633\" class=\"col medium-12 small-12 large-8\"  >\n\t\t\t\t<div class=\"col-inner\"  >\n\t\t\t\n\t\t\t\n\t<div id=\"text-1021174687\" class=\"text custom-text-justify\">\n\t\t\n<p><strong><span class=\"cs-text-primary-2\">T\u1ea7m nh\u00ecn c\u1ee7a ch\u00fang t\u00f4i:<\/span><\/strong> \u0110\u1ec3 tr\u1edf th\u00e0nh m\u1ed9t trong nh\u1eefng nh\u00e0 cung c\u1ea5p d\u1ecbch v\u1ee5 logistics h\u00e0ng \u0111\u1ea7u trong khu v\u1ef1c Ch\u00e2u \u00c1, \u0111\u1ed1i t\u00e1c \u0111\u00e1ng tin c\u1eady cho kh\u00e1ch h\u00e0ng to\u00e0n c\u1ea7u trong vi\u1ec7c cung c\u1ea5p gi\u1ea3i ph\u00e1p logistics t\u1ed5ng th\u1ec3, li\u00ean t\u1ee5c \u0111\u1ed5i m\u1edbi v\u00e0 c\u1ea3i ti\u1ebfn \u0111\u1ec3 t\u1ea1o ra gi\u00e1 tr\u1ecb gia t\u0103ng cho t\u1eebng d\u1ecbch v\u1ee5.<\/p>\n<p><strong><span class=\"cs-text-primary-2\">S\u1ee9 m\u1ec7nh c\u1ee7a ch\u00fang t\u00f4i:<\/span><\/strong><\/p>\n<p><strong>D\u00e0nh cho kh\u00e1ch h\u00e0ng v\u00e0 \u0111\u1ed1i t\u00e1c:<\/strong> \u0110\u1ed3ng h\u00e0nh c\u00f9ng kh\u00e1ch h\u00e0ng v\u00e0 \u0111\u1ed1i t\u00e1c \u0111\u1ec3 cung c\u1ea5p gi\u1ea3i ph\u00e1p logistics t\u1ed1t nh\u1ea5t v\u1edbi m\u1ee9c gi\u00e1 h\u1ee3p l\u00fd nh\u1ea5t.<br \/><strong>D\u00e0nh cho nh\u00e2n vi\u00ean<\/strong>: \u0110\u1ec3 x\u00e2y d\u1ef1ng m\u1ed9t m\u00f4i tr\u01b0\u1eddng l\u00e0m vi\u1ec7c chuy\u00ean nghi\u1ec7p, n\u0103ng \u0111\u1ed9ng, s\u00e1ng t\u1ea1o v\u00e0 nh\u00e2n v\u0103n, ch\u00fang t\u00f4i s\u1ebd n\u1ed7 l\u1ef1c h\u1ebft m\u00ecnh \u0111\u1ec3 th\u00fac \u0111\u1ea9y v\u00e0 n\u00e2ng cao s\u1ee9c kh\u1ecfe th\u1ec3 ch\u1ea5t c\u0169ng nh\u01b0 tinh th\u1ea7n cho nh\u00e2n vi\u00ean.<br \/><strong>\u0110\u1ed1i v\u1edbi x\u00e3 h\u1ed9i:<\/strong> \u0110\u1ec3 ch\u1ee7 \u0111\u1ed9ng ph\u00e2n ph\u1ed1i \u0111\u1ebfn c\u00e1c ho\u1ea1t \u0111\u1ed9ng c\u1ed9ng \u0111\u1ed3ng, c\u00e2n b\u1eb1ng l\u1ee3i \u00edch c\u1ee7a c\u00f4ng ty v\u00e0 l\u1ee3i \u00edch x\u00e3 h\u1ed9i.<br \/><strong><span class=\"cs-text-primary-2\">Gi\u00e1 tr\u1ecb c\u1ed1t l\u00f5i c\u1ee7a ch\u00fang t\u00f4i:<\/span><\/strong><\/p>\n<p>Ni\u1ec1m tin v\u00e0 s\u1ef1 h\u00e0i l\u00f2ng c\u1ee7a kh\u00e1ch h\u00e0ng l\u00e0 \u01b0u ti\u00ean h\u00e0ng \u0111\u1ea7u c\u1ee7a ch\u00fang t\u00f4i<br \/>Uy t\u00edn c\u00f4ng ty v\u00e0 ch\u1ea5t l\u01b0\u1ee3ng d\u1ecbch v\u1ee5 l\u00e0 m\u1ee5c \u0111\u00edch n\u1ec1n t\u1ea3ng cho m\u1ecdi ho\u1ea1t \u0111\u1ed9ng c\u1ee7a ch\u00fang t\u00f4i<br \/>\u0110\u1ed9i ng\u0169 chuy\u00ean nghi\u1ec7p, \u0111o\u00e0n k\u1ebft v\u00e0 t\u1eadn t\u00e2m cao \u0111\u1ed9 l\u00e0 l\u1ef1c l\u01b0\u1ee3ng then ch\u1ed1t cho s\u1ef1 ph\u00e1t tri\u1ec3n \u1ed5n \u0111\u1ecbnh v\u00e0 b\u1ec1n v\u1eefng c\u1ee7a ch\u00fang ta.<\/p>\n\t\t\n<style>\n#text-1021174687 {\n  color: #131313;\n}\n#text-1021174687 > * {\n  color: #131313;\n}\n<\/style>\n\t<\/div>\n\t\n\t\t<\/div>\n\t\t\t\t\t<\/div>\n\n\t\n\n\t<div id=\"col-2095022386\" class=\"col hide-for-medium medium-12 small-12 large-4\"  >\n\t\t\t\t<div class=\"col-inner\"  >\n\t\t\t\n\t\t\t\n<div class=\"row align-right\"  id=\"row-1678426255\">\n\n\n\t<div id=\"col-1848254088\" class=\"col medium-9 small-12 large-9\"  >\n\t\t\t\t<div class=\"col-inner text-right\"  >\n\t\t\t\n\t\t\t\n\n\n\n<h3 id=\"cs-category\" class=\"wow fadeInRight\" data-wow-delay=\"0.1s\" style=\"visibility: visible; animation-delay: 0.1s; animation-name: fadeInRight;width: 100%; display: flex;align-items: center; border: 1px solid #ebebeb;\"><div style=\"margin-right: 10px;\"><img decoding=\"async\" src=\"\/wp-content\/uploads\/2026\/04\/newspaper.png\" alt=\"\"><\/div> <span> L\u00e0 th\u00e0nh vi\u00ean c\u1ee7a<\/span><\/h3>\n\n\t<div class=\"img has-hover x md-x lg-x y md-y lg-y\" id=\"image_718183620\">\n\t\t\t\t\t\t\t\t<div class=\"img-inner dark\" >\n\t\t\t<img loading=\"lazy\" decoding=\"async\" width=\"155\" height=\"367\" src=\"https:\/\/thamiship.thaiminhtech.com\/wp-content\/uploads\/2026\/04\/dan-len-web-2023.png\" class=\"attachment-original size-original\" alt=\"\" srcset=\"https:\/\/thamiship.thaiminhtech.com\/wp-content\/uploads\/2026\/04\/dan-len-web-2023.png 155w, https:\/\/thamiship.thaiminhtech.com\/wp-content\/uploads\/2026\/04\/dan-len-web-2023-127x300.png 127w, https:\/\/thamiship.thaiminhtech.com\/wp-content\/uploads\/2026\/04\/dan-len-web-2023-5x12.png 5w\" sizes=\"auto, (max-width: 155px) 100vw, 155px\" \/>\t\t\t\t\t\t\n\t\t\t\t\t<\/div>\n\t\t\t\t\t\t\t\t\n<style>\n#image_718183620 {\n  width: 55%;\n}\n<\/style>\n\t<\/div>\n\t\n\n\n\t\t<\/div>\n\t\t\t\t\t<\/div>\n\n\t\n\n<\/div>\n\t\t<\/div>\n\t\t\t\t\t<\/div>\n\n\t\n\n<style>\n#row-228778626 > .col > .col-inner {\n  padding: 0px 0px 0px 0px;\n}\n<\/style>\n<\/div>\n\t\t<\/div>\n\n\t\t\n<style>\n#section_1853750900 {\n  padding-top: 30px;\n  padding-bottom: 30px;\n}\n<\/style>\n\t<\/section>","protected":false},"excerpt":{"rendered":"","protected":false},"author":1,"featured_media":0,"parent":0,"menu_order":0,"comment_status":"closed","ping_status":"closed","template":"page-blank.php","meta":{"footnotes":""},"class_list":["post-342","page","type-page","status-publish","hentry"],"yoast_head":"<!-- This site is optimized with the Yoast SEO plugin v27.5 - https:\/\/yoast.com\/product\/yoast-seo-wordpress\/ -->\n<title>Vision \u2013 Mission \u2013 Core values - THAMI SHIPPING &amp; AIRFREIGHT CORP.<\/title>\n<meta name=\"robots\" content=\"noindex, follow, max-snippet:-1, max-image-preview:large, max-video-preview:-1\" \/>\n<meta property=\"og:locale\" content=\"vi_VN\" \/>\n<meta property=\"og:type\" content=\"article\" \/>\n<meta property=\"og:title\" content=\"Vision \u2013 Mission \u2013 Core values - THAMI SHIPPING &amp; AIRFREIGHT CORP.\" \/>\n<meta property=\"og:url\" content=\"https:\/\/thamiship.thaiminhtech.com\/vi\/pages\/vision-mission-core-values\/\" \/>\n<meta property=\"og:site_name\" content=\"THAMI SHIPPING &amp; AIRFREIGHT CORP.\" \/>\n<meta property=\"article:modified_time\" content=\"2026-04-19T06:48:24+00:00\" \/>\n<meta name=\"twitter:card\" content=\"summary_large_image\" \/>\n<script type=\"application\/ld+json\" class=\"yoast-schema-graph\">{\"@context\":\"https:\\\/\\\/schema.org\",\"@graph\":[{\"@type\":\"WebPage\",\"@id\":\"https:\\\/\\\/thamiship.thaiminhtech.com\\\/vi\\\/pages\\\/vision-mission-core-values\\\/\",\"url\":\"https:\\\/\\\/thamiship.thaiminhtech.com\\\/vi\\\/pages\\\/vision-mission-core-values\\\/\",\"name\":\"Vision \u2013 Mission \u2013 Core values - THAMI SHIPPING &amp; AIRFREIGHT CORP.\",\"isPartOf\":{\"@id\":\"https:\\\/\\\/thamiship.thaiminhtech.com\\\/vi\\\/#website\"},\"datePublished\":\"2026-04-18T13:34:33+00:00\",\"dateModified\":\"2026-04-19T06:48:24+00:00\",\"breadcrumb\":{\"@id\":\"https:\\\/\\\/thamiship.thaiminhtech.com\\\/vi\\\/pages\\\/vision-mission-core-values\\\/#breadcrumb\"},\"inLanguage\":\"vi\",\"potentialAction\":[{\"@type\":\"ReadAction\",\"target\":[\"https:\\\/\\\/thamiship.thaiminhtech.com\\\/vi\\\/pages\\\/vision-mission-core-values\\\/\"]}]},{\"@type\":\"BreadcrumbList\",\"@id\":\"https:\\\/\\\/thamiship.thaiminhtech.com\\\/vi\\\/pages\\\/vision-mission-core-values\\\/#breadcrumb\",\"itemListElement\":[{\"@type\":\"ListItem\",\"position\":1,\"name\":\"Home\",\"item\":\"https:\\\/\\\/thamiship.thaiminhtech.com\\\/\"},{\"@type\":\"ListItem\",\"position\":2,\"name\":\"Vision \u2013 Mission \u2013 Core values\"}]},{\"@type\":\"WebSite\",\"@id\":\"https:\\\/\\\/thamiship.thaiminhtech.com\\\/vi\\\/#website\",\"url\":\"https:\\\/\\\/thamiship.thaiminhtech.com\\\/vi\\\/\",\"name\":\"THAMI SHIPPING &amp; AIRFREIGHT CORP.\",\"description\":\"\",\"potentialAction\":[{\"@type\":\"SearchAction\",\"target\":{\"@type\":\"EntryPoint\",\"urlTemplate\":\"https:\\\/\\\/thamiship.thaiminhtech.com\\\/vi\\\/?s={search_term_string}\"},\"query-input\":{\"@type\":\"PropertyValueSpecification\",\"valueRequired\":true,\"valueName\":\"search_term_string\"}}],\"inLanguage\":\"vi\"}]}<\/script>\n<!-- \/ Yoast SEO plugin. -->","yoast_head_json":{"title":"Vision \u2013 Mission \u2013 Core values - THAMI SHIPPING &amp; AIRFREIGHT CORP.","robots":{"index":"noindex","follow":"follow","max-snippet":"max-snippet:-1","max-image-preview":"max-image-preview:large","max-video-preview":"max-video-preview:-1"},"og_locale":"vi_VN","og_type":"article","og_title":"Vision \u2013 Mission \u2013 Core values - THAMI SHIPPING &amp; AIRFREIGHT CORP.","og_url":"https:\/\/thamiship.thaiminhtech.com\/vi\/pages\/vision-mission-core-values\/","og_site_name":"THAMI SHIPPING &amp; AIRFREIGHT CORP.","article_modified_time":"2026-04-19T06:48:24+00:00","twitter_card":"summary_large_image","schema":{"@context":"https:\/\/schema.org","@graph":[{"@type":"WebPage","@id":"https:\/\/thamiship.thaiminhtech.com\/vi\/pages\/vision-mission-core-values\/","url":"https:\/\/thamiship.thaiminhtech.com\/vi\/pages\/vision-mission-core-values\/","name":"Vision \u2013 Mission \u2013 Core values - THAMI SHIPPING &amp; AIRFREIGHT CORP.","isPartOf":{"@id":"https:\/\/thamiship.thaiminhtech.com\/vi\/#website"},"datePublished":"2026-04-18T13:34:33+00:00","dateModified":"2026-04-19T06:48:24+00:00","breadcrumb":{"@id":"https:\/\/thamiship.thaiminhtech.com\/vi\/pages\/vision-mission-core-values\/#breadcrumb"},"inLanguage":"vi","potentialAction":[{"@type":"ReadAction","target":["https:\/\/thamiship.thaiminhtech.com\/vi\/pages\/vision-mission-core-values\/"]}]},{"@type":"BreadcrumbList","@id":"https:\/\/thamiship.thaiminhtech.com\/vi\/pages\/vision-mission-core-values\/#breadcrumb","itemListElement":[{"@type":"ListItem","position":1,"name":"Home","item":"https:\/\/thamiship.thaiminhtech.com\/"},{"@type":"ListItem","position":2,"name":"Vision \u2013 Mission \u2013 Core values"}]},{"@type":"WebSite","@id":"https:\/\/thamiship.thaiminhtech.com\/vi\/#website","url":"https:\/\/thamiship.thaiminhtech.com\/vi\/","name":"THAMI SHIPPING &amp; AIRFREIGHT CORP.","description":"","potentialAction":[{"@type":"SearchAction","target":{"@type":"EntryPoint","urlTemplate":"https:\/\/thamiship.thaiminhtech.com\/vi\/?s={search_term_string}"},"query-input":{"@type":"PropertyValueSpecification","valueRequired":true,"valueName":"search_term_string"}}],"inLanguage":"vi"}]}},"_links":{"self":[{"href":"https:\/\/thamiship.thaiminhtech.com\/vi\/wp-json\/wp\/v2\/pages\/342","targetHints":{"allow":["GET"]}}],"collection":[{"href":"https:\/\/thamiship.thaiminhtech.com\/vi\/wp-json\/wp\/v2\/pages"}],"about":[{"href":"https:\/\/thamiship.thaiminhtech.com\/vi\/wp-json\/wp\/v2\/types\/page"}],"author":[{"embeddable":true,"href":"https:\/\/thamiship.thaiminhtech.com\/vi\/wp-json\/wp\/v2\/users\/1"}],"replies":[{"embeddable":true,"href":"https:\/\/thamiship.thaiminhtech.com\/vi\/wp-json\/wp\/v2\/comments?post=342"}],"version-history":[{"count":17,"href":"https:\/\/thamiship.thaiminhtech.com\/vi\/wp-json\/wp\/v2\/pages\/342\/revisions"}],"predecessor-version":[{"id":635,"href":"https:\/\/thamiship.thaiminhtech.com\/vi\/wp-json\/wp\/v2\/pages\/342\/revisions\/635"}],"wp:attachment":[{"href":"https:\/\/thamiship.thaiminhtech.com\/vi\/wp-json\/wp\/v2\/media?parent=342"}],"curies":[{"name":"wp","href":"https:\/\/api.w.org\/{rel}","templated":true}]}}