{"id":303,"date":"2026-04-18T09:12:48","date_gmt":"2026-04-18T09:12:48","guid":{"rendered":"http:\/\/thamishipping.test\/?page_id=303"},"modified":"2026-05-04T20:00:51","modified_gmt":"2026-05-04T13:00:51","slug":"introduction-us","status":"publish","type":"page","link":"https:\/\/thamiship.thaiminhtech.com\/vi\/pages\/introduction-us\/","title":{"rendered":"Gi\u1edbi thi\u1ec7u"},"content":{"rendered":"<section class=\"section\" id=\"section_1650998330\">\n\t\t<div class=\"section-bg fill\" >\n\t\t\t\t\t\t\t\t\t\n\t\t\t\n\n\t\t<\/div>\n\n\t\t\n\n\t\t<div class=\"section-content relative\">\n\t\t\t\n<div class=\"row\"  id=\"row-1027323401\">\n\n\t<div id=\"col-1080166211\" class=\"col cs-pb0 hide-for-medium small-12 large-12\"  >\n\t\t\t\t<div class=\"col-inner\"  >\n\t\t\t\n\t\t\t\n\n\n<div class=\"custom-breadcrumb-bar cs-text-left\"><div class=\"container\"><div class=\"custom-breadcrumb-container\"><span><span><a href=\"https:\/\/thamiship.thaiminhtech.com\/vi\/\">Trang ch\u1ee7<\/a><\/span><\/span><\/div><\/div><\/div>\n\n\t\t<\/div>\n\t\t\t\t\t<\/div>\n\n\t\n\n\t<div id=\"col-890823438\" class=\"col medium-12 small-12 large-8\"  >\n\t\t\t\t<div class=\"col-inner\"  >\n\t\t\t\n\t\t\t\n<div class=\"row\"  id=\"row-65889183\">\n\n\t<div id=\"col-1374303314\" class=\"col small-12 large-12\"  >\n\t\t\t\t<div class=\"col-inner\"  >\n\t\t\t\n\t\t\t\n\t<div id=\"text-357432854\" class=\"text\">\n\t\t\n<p><strong class=\"cs-text-primary-2\">Gi\u1edbi thi\u1ec7u<\/strong><\/p>\n<p>Thami Shipping &amp; Airfreight Corporation (TMC) \u0111\u01b0\u1ee3c th\u00e0nh l\u1eadp t\u1eeb n\u0103m 1998 v\u00e0 \u0111\u00e3 kh\u00f4ng ng\u1eebng ph\u00e1t tri\u1ec3n trong h\u01a1n 27 n\u0103m \u0111\u1ec3 gi\u1eef v\u1eefng v\u1ecb th\u1ebf n\u1ed5i b\u1eadt l\u00e0 m\u1ed9t trong nh\u1eefng c\u00f4ng ty giao nh\u1eadn v\u1eadn t\u1ea3i qu\u1ed1c t\u1ebf h\u00e0ng \u0111\u1ea7u Vi\u1ec7t Nam.<\/p>\n<p>L\u00e0 m\u1ed9t t\u1ed5 ch\u1ee9c n\u0103ng \u0111\u1ed9ng v\u00e0 v\u1eefng m\u1ea1nh v\u1edbi h\u01a1n 450 nh\u00e2n vi\u00ean c\u00f3 tr\u00ecnh \u0111\u1ed9 chuy\u00ean m\u00f4n cao, nhi\u1ec7t huy\u1ebft v\u00e0 gi\u00e0u kinh nghi\u1ec7m, TMC \u0111\u00e3 ph\u00e1t tri\u1ec3n nhanh ch\u00f3ng, m\u1ea1nh m\u1ebd v\u00e0 \u1ed5n \u0111\u1ecbnh. Ch\u00fang t\u00f4i hi\u1ec7n \u0111ang \u0111\u1ee9ng v\u1eefng \u1edf v\u1ecb tr\u00ed S\u1ed1 1 v\u1ec1 \u0110\u1ea1i l\u00fd gom h\u00e0ng l\u1ebb (LCL Cargo) v\u00e0 l\u00e0 \u0110\u1ea1i l\u00fd b\u00e1n h\u00e0ng h\u00f3a (CSA) t\u1ea1i Vi\u1ec7t Nam cho h\u1ea7u h\u1ebft c\u00e1c h\u00e3ng h\u00e0ng kh\u00f4ng l\u1edbn. Ch\u00fang t\u00f4i \u0111ang v\u1eadn h\u00e0nh c\u00e1c v\u0103n ph\u00f2ng c\u1ee7a ri\u00eang m\u00ecnh tr\u00ean kh\u1eafp Vi\u1ec7t Nam t\u1ea1i Th\u00e0nh ph\u1ed1 H\u1ed3 Ch\u00ed Minh, H\u00e0 N\u1ed9i, H\u1ea3i Ph\u00f2ng, Vinh, \u0110\u00e0 N\u1eb5ng, B\u00ecnh D\u01b0\u01a1ng, \u0110\u1ed3ng Nai, C\u1ea7n Th\u01a1, B\u1ea1c Li\u00eau, C\u00e0 Mau v\u00e0 v\u0103n ph\u00f2ng h\u00e0ng kh\u00f4ng t\u1ea1i s\u00e2n bay T\u00e2n S\u01a1n Nh\u1ea5t (SGN) v\u00e0 s\u00e2n bay N\u1ed9i B\u00e0i (HAN).<\/p>\n<p>C\u00f9ng v\u1edbi m\u1ea1ng l\u01b0\u1edbi \u0111\u1ea1i l\u00fd n\u01b0\u1edbc ngo\u00e0i m\u1ea1nh m\u1ebd v\u00e0 \u0111\u00e1ng tin c\u1eady, \u0111\u1ed9i xe t\u1ea3i c\u1ee7a ri\u00eang ch\u00fang t\u00f4i, h\u1ec7 th\u1ed1ng kho n\u1ed9i \u0111\u1ecba v\u00e0 kho ngo\u1ea1i quan, ch\u00fang t\u00f4i ho\u00e0n to\u00e0n t\u1ef1 tin r\u1eb1ng c\u00f3 th\u1ec3 cung c\u1ea5p cho kh\u00e1ch h\u00e0ng c\u00e1c d\u1ecbch v\u1ee5 v\u1eadn t\u1ea3i v\u00e0 logistics t\u1ed1t nh\u1ea5t v\u00e0 hi\u1ec7u qu\u1ea3 nh\u1ea5t.<\/p>\n\t\t\n<style>\n#text-357432854 {\n  color: #131313;\n}\n#text-357432854 > * {\n  color: #131313;\n}\n<\/style>\n\t<\/div>\n\t\n\t\t<\/div>\n\t\t\t\t\t<\/div>\n\n\t\n<\/div>\n<div class=\"row\"  id=\"row-51557404\">\n\n\t<div id=\"col-217477727\" class=\"col medium-8 small-12 large-8\"  >\n\t\t\t\t<div class=\"col-inner\"  >\n\t\t\t\n\t\t\t\n\t<div id=\"text-553541834\" class=\"text\">\n\t\t\n<p><strong class=\"cs-text-primary-2\">C\u00e1c c\u1ed9t m\u1ed1c s\u1ef1 ki\u1ec7n c\u1ee7a c\u00f4ng ty ch\u00fang ta:<\/strong><\/p>\n<p>05\/10\/1998: C\u00f4ng ty TNHH V\u1eadn t\u1ea3i Bi\u1ec3n &amp; H\u00e0ng kh\u00f4ng Thami (TMC) \u0111\u01b0\u1ee3c th\u00e0nh l\u1eadp<br \/>20\/07\/2003: V\u0103n ph\u00f2ng H\u00e0ng kh\u00f4ng Th\u00e0nh ph\u1ed1 H\u1ed3 Ch\u00ed Minh \u0111\u01b0\u1ee3c th\u00e0nh l\u1eadp g\u1ea7n S\u00e2n bay Th\u00e0nh ph\u1ed1 H\u1ed3 Ch\u00ed Minh<br \/>20\/07\/2003: \u0110\u1ed5i t\u00ean c\u00f4ng ty th\u00e0nh Thami Shipping &amp; Airfreight Corp.<br \/>22\/03\/2004: TMC B\u00ecnh D\u01b0\u01a1ng \u0111\u01b0\u1ee3c th\u00e0nh l\u1eadp<br \/>21\/04\/2004: TMC H\u00e0 N\u1ed9i \u0111\u01b0\u1ee3c th\u00e0nh l\u1eadp<br \/>02\/03\/2005: Th\u00e0nh l\u1eadp TMC H\u1ea3i Ph\u00f2ng<br \/>11\/02\/2005: TMC \u0110\u00e0 N\u1eb5ng \u0111\u01b0\u1ee3c th\u00e0nh l\u1eadp<br \/>12\/11\/2008: TMC Vinh \u0111\u01b0\u1ee3c th\u00e0nh l\u1eadp<br \/>09\/06\/2010: TMC \u0110\u1ed3ng Nai \u0111\u01b0\u1ee3c th\u00e0nh l\u1eadp<br \/>17\/06\/2010: Th\u00e0nh l\u1eadp TMC C\u1ea7n Th\u01a1<br \/>16\/06\/2017: Th\u00e0nh l\u1eadp TMC B\u1ea1c Li\u00eau<br \/>19\/05\/2023: V\u0103n ph\u00f2ng H\u00e0ng kh\u00f4ng H\u00e0 N\u1ed9i \u0111\u01b0\u1ee3c th\u00e0nh l\u1eadp<br \/>24\/04\/2024: TMC C\u00e0 Mau \u0111\u01b0\u1ee3c th\u00e0nh l\u1eadp<\/p>\n\t\t\n<style>\n#text-553541834 {\n  color: #131313;\n}\n#text-553541834 > * {\n  color: #131313;\n}\n<\/style>\n\t<\/div>\n\t\n\t\t<\/div>\n\t\t\t\t\t<\/div>\n\n\t\n\n\t<div id=\"col-594124425\" class=\"col medium-4 small-12 large-4\"  >\n\t\t\t\t<div class=\"col-inner\"  >\n\t\t\t\n\t\t\t\n\t<div class=\"img has-hover x md-x lg-x y md-y lg-y\" id=\"image_994383576\">\n\t\t\t\t\t\t\t\t<div class=\"img-inner dark\" >\n\t\t\t<img loading=\"lazy\" decoding=\"async\" width=\"1707\" height=\"2560\" src=\"https:\/\/thamiship.thaiminhtech.com\/wp-content\/uploads\/2026\/04\/hinh-van-phong-quan-7-final-scaled.jpg\" class=\"attachment-original size-original\" alt=\"\" srcset=\"https:\/\/thamiship.thaiminhtech.com\/wp-content\/uploads\/2026\/04\/hinh-van-phong-quan-7-final-scaled.jpg 1707w, https:\/\/thamiship.thaiminhtech.com\/wp-content\/uploads\/2026\/04\/hinh-van-phong-quan-7-final-200x300.jpg 200w, https:\/\/thamiship.thaiminhtech.com\/wp-content\/uploads\/2026\/04\/hinh-van-phong-quan-7-final-683x1024.jpg 683w, https:\/\/thamiship.thaiminhtech.com\/wp-content\/uploads\/2026\/04\/hinh-van-phong-quan-7-final-768x1152.jpg 768w, https:\/\/thamiship.thaiminhtech.com\/wp-content\/uploads\/2026\/04\/hinh-van-phong-quan-7-final-1024x1536.jpg 1024w, https:\/\/thamiship.thaiminhtech.com\/wp-content\/uploads\/2026\/04\/hinh-van-phong-quan-7-final-1365x2048.jpg 1365w, https:\/\/thamiship.thaiminhtech.com\/wp-content\/uploads\/2026\/04\/hinh-van-phong-quan-7-final-8x12.jpg 8w\" sizes=\"auto, (max-width: 1707px) 100vw, 1707px\" \/>\t\t\t\t\t\t\n\t\t\t\t\t<\/div>\n\t\t\t\t\t\t\t\t\n<style>\n#image_994383576 {\n  width: 59%;\n}\n<\/style>\n\t<\/div>\n\t\n\t\t<\/div>\n\t\t\t\t\t<\/div>\n\n\t\n<\/div>\n\t\t<\/div>\n\t\t\t\t\t<\/div>\n\n\t\n\n\t<div id=\"col-93424365\" class=\"col hide-for-medium medium-4 small-12 large-4\"  >\n\t\t\t\t<div class=\"col-inner\"  >\n\t\t\t\n\t\t\t\n<div class=\"row align-right\"  id=\"row-1307149096\">\n\n\n\t<div id=\"col-90653970\" class=\"col medium-9 small-12 large-9\"  >\n\t\t\t\t<div class=\"col-inner text-right\"  >\n\t\t\t\n\t\t\t\n\n\n\n<h3 id=\"cs-category\" class=\"wow fadeInRight\" data-wow-delay=\"0.1s\" style=\"visibility: visible; animation-delay: 0.1s; animation-name: fadeInRight;width: 100%; display: flex;align-items: center; border: 1px solid #ebebeb;\"><div style=\"margin-right: 10px;\"><img decoding=\"async\" src=\"\/wp-content\/uploads\/2026\/04\/newspaper.png\" alt=\"\"><\/div> <span> L\u00e0 th\u00e0nh vi\u00ean c\u1ee7a<\/span><\/h3>\n\n\t<div class=\"img has-hover x md-x lg-x y md-y lg-y\" id=\"image_994654157\">\n\t\t\t\t\t\t\t\t<div class=\"img-inner dark\" >\n\t\t\t<img loading=\"lazy\" decoding=\"async\" width=\"155\" height=\"367\" src=\"https:\/\/thamiship.thaiminhtech.com\/wp-content\/uploads\/2026\/04\/dan-len-web-2023.png\" class=\"attachment-original size-original\" alt=\"\" srcset=\"https:\/\/thamiship.thaiminhtech.com\/wp-content\/uploads\/2026\/04\/dan-len-web-2023.png 155w, https:\/\/thamiship.thaiminhtech.com\/wp-content\/uploads\/2026\/04\/dan-len-web-2023-127x300.png 127w, https:\/\/thamiship.thaiminhtech.com\/wp-content\/uploads\/2026\/04\/dan-len-web-2023-5x12.png 5w\" sizes=\"auto, (max-width: 155px) 100vw, 155px\" \/>\t\t\t\t\t\t\n\t\t\t\t\t<\/div>\n\t\t\t\t\t\t\t\t\n<style>\n#image_994654157 {\n  width: 55%;\n}\n<\/style>\n\t<\/div>\n\t\n\n\n\t\t<\/div>\n\t\t\t\t\t<\/div>\n\n\t\n\n<\/div>\n\t\t<\/div>\n\t\t\t\t\t<\/div>\n\n\t\n<\/div>\n\t\t<\/div>\n\n\t\t\n<style>\n#section_1650998330 {\n  padding-top: 30px;\n  padding-bottom: 30px;\n}\n<\/style>\n\t<\/section>","protected":false},"excerpt":{"rendered":"","protected":false},"author":1,"featured_media":0,"parent":0,"menu_order":0,"comment_status":"closed","ping_status":"closed","template":"page-blank.php","meta":{"footnotes":""},"class_list":["post-303","page","type-page","status-publish","hentry"],"yoast_head":"<!-- This site is optimized with the Yoast SEO plugin v27.5 - https:\/\/yoast.com\/product\/yoast-seo-wordpress\/ -->\n<title>Introduction - THAMI SHIPPING &amp; AIRFREIGHT CORP.<\/title>\n<meta name=\"robots\" content=\"noindex, follow, max-snippet:-1, max-image-preview:large, max-video-preview:-1\" \/>\n<meta property=\"og:locale\" content=\"vi_VN\" \/>\n<meta property=\"og:type\" content=\"article\" \/>\n<meta property=\"og:title\" content=\"Introduction - THAMI SHIPPING &amp; AIRFREIGHT CORP.\" \/>\n<meta property=\"og:url\" content=\"https:\/\/thamiship.thaiminhtech.com\/vi\/pages\/introduction-us\/\" \/>\n<meta property=\"og:site_name\" content=\"THAMI SHIPPING &amp; AIRFREIGHT CORP.\" \/>\n<meta property=\"article:modified_time\" content=\"2026-05-04T13:00:51+00:00\" \/>\n<meta name=\"twitter:card\" content=\"summary_large_image\" \/>\n<script type=\"application\/ld+json\" class=\"yoast-schema-graph\">{\"@context\":\"https:\\\/\\\/schema.org\",\"@graph\":[{\"@type\":\"WebPage\",\"@id\":\"https:\\\/\\\/thamiship.thaiminhtech.com\\\/vi\\\/pages\\\/introduction-us\\\/\",\"url\":\"https:\\\/\\\/thamiship.thaiminhtech.com\\\/vi\\\/pages\\\/introduction-us\\\/\",\"name\":\"Introduction - THAMI SHIPPING &amp; AIRFREIGHT CORP.\",\"isPartOf\":{\"@id\":\"https:\\\/\\\/thamiship.thaiminhtech.com\\\/vi\\\/#website\"},\"datePublished\":\"2026-04-18T09:12:48+00:00\",\"dateModified\":\"2026-05-04T13:00:51+00:00\",\"breadcrumb\":{\"@id\":\"https:\\\/\\\/thamiship.thaiminhtech.com\\\/vi\\\/pages\\\/introduction-us\\\/#breadcrumb\"},\"inLanguage\":\"vi\",\"potentialAction\":[{\"@type\":\"ReadAction\",\"target\":[\"https:\\\/\\\/thamiship.thaiminhtech.com\\\/vi\\\/pages\\\/introduction-us\\\/\"]}]},{\"@type\":\"BreadcrumbList\",\"@id\":\"https:\\\/\\\/thamiship.thaiminhtech.com\\\/vi\\\/pages\\\/introduction-us\\\/#breadcrumb\",\"itemListElement\":[{\"@type\":\"ListItem\",\"position\":1,\"name\":\"Home\",\"item\":\"https:\\\/\\\/thamiship.thaiminhtech.com\\\/\"},{\"@type\":\"ListItem\",\"position\":2,\"name\":\"Introduction\"}]},{\"@type\":\"WebSite\",\"@id\":\"https:\\\/\\\/thamiship.thaiminhtech.com\\\/vi\\\/#website\",\"url\":\"https:\\\/\\\/thamiship.thaiminhtech.com\\\/vi\\\/\",\"name\":\"THAMI SHIPPING &amp; AIRFREIGHT CORP.\",\"description\":\"\",\"potentialAction\":[{\"@type\":\"SearchAction\",\"target\":{\"@type\":\"EntryPoint\",\"urlTemplate\":\"https:\\\/\\\/thamiship.thaiminhtech.com\\\/vi\\\/?s={search_term_string}\"},\"query-input\":{\"@type\":\"PropertyValueSpecification\",\"valueRequired\":true,\"valueName\":\"search_term_string\"}}],\"inLanguage\":\"vi\"}]}<\/script>\n<!-- \/ Yoast SEO plugin. -->","yoast_head_json":{"title":"Introduction - THAMI SHIPPING &amp; AIRFREIGHT CORP.","robots":{"index":"noindex","follow":"follow","max-snippet":"max-snippet:-1","max-image-preview":"max-image-preview:large","max-video-preview":"max-video-preview:-1"},"og_locale":"vi_VN","og_type":"article","og_title":"Introduction - THAMI SHIPPING &amp; AIRFREIGHT CORP.","og_url":"https:\/\/thamiship.thaiminhtech.com\/vi\/pages\/introduction-us\/","og_site_name":"THAMI SHIPPING &amp; AIRFREIGHT CORP.","article_modified_time":"2026-05-04T13:00:51+00:00","twitter_card":"summary_large_image","schema":{"@context":"https:\/\/schema.org","@graph":[{"@type":"WebPage","@id":"https:\/\/thamiship.thaiminhtech.com\/vi\/pages\/introduction-us\/","url":"https:\/\/thamiship.thaiminhtech.com\/vi\/pages\/introduction-us\/","name":"Introduction - THAMI SHIPPING &amp; AIRFREIGHT CORP.","isPartOf":{"@id":"https:\/\/thamiship.thaiminhtech.com\/vi\/#website"},"datePublished":"2026-04-18T09:12:48+00:00","dateModified":"2026-05-04T13:00:51+00:00","breadcrumb":{"@id":"https:\/\/thamiship.thaiminhtech.com\/vi\/pages\/introduction-us\/#breadcrumb"},"inLanguage":"vi","potentialAction":[{"@type":"ReadAction","target":["https:\/\/thamiship.thaiminhtech.com\/vi\/pages\/introduction-us\/"]}]},{"@type":"BreadcrumbList","@id":"https:\/\/thamiship.thaiminhtech.com\/vi\/pages\/introduction-us\/#breadcrumb","itemListElement":[{"@type":"ListItem","position":1,"name":"Home","item":"https:\/\/thamiship.thaiminhtech.com\/"},{"@type":"ListItem","position":2,"name":"Introduction"}]},{"@type":"WebSite","@id":"https:\/\/thamiship.thaiminhtech.com\/vi\/#website","url":"https:\/\/thamiship.thaiminhtech.com\/vi\/","name":"THAMI SHIPPING &amp; AIRFREIGHT CORP.","description":"","potentialAction":[{"@type":"SearchAction","target":{"@type":"EntryPoint","urlTemplate":"https:\/\/thamiship.thaiminhtech.com\/vi\/?s={search_term_string}"},"query-input":{"@type":"PropertyValueSpecification","valueRequired":true,"valueName":"search_term_string"}}],"inLanguage":"vi"}]}},"_links":{"self":[{"href":"https:\/\/thamiship.thaiminhtech.com\/vi\/wp-json\/wp\/v2\/pages\/303","targetHints":{"allow":["GET"]}}],"collection":[{"href":"https:\/\/thamiship.thaiminhtech.com\/vi\/wp-json\/wp\/v2\/pages"}],"about":[{"href":"https:\/\/thamiship.thaiminhtech.com\/vi\/wp-json\/wp\/v2\/types\/page"}],"author":[{"embeddable":true,"href":"https:\/\/thamiship.thaiminhtech.com\/vi\/wp-json\/wp\/v2\/users\/1"}],"replies":[{"embeddable":true,"href":"https:\/\/thamiship.thaiminhtech.com\/vi\/wp-json\/wp\/v2\/comments?post=303"}],"version-history":[{"count":16,"href":"https:\/\/thamiship.thaiminhtech.com\/vi\/wp-json\/wp\/v2\/pages\/303\/revisions"}],"predecessor-version":[{"id":634,"href":"https:\/\/thamiship.thaiminhtech.com\/vi\/wp-json\/wp\/v2\/pages\/303\/revisions\/634"}],"wp:attachment":[{"href":"https:\/\/thamiship.thaiminhtech.com\/vi\/wp-json\/wp\/v2\/media?parent=303"}],"curies":[{"name":"wp","href":"https:\/\/api.w.org\/{rel}","templated":true}]}}